{"id":8958,"date":"2024-11-27T19:49:49","date_gmt":"2024-11-27T16:49:49","guid":{"rendered":"https:\/\/www.makitamarket.com.tr\/site\/urun\/knipex-circir-mekanizmali-kablo-makasi-315-mm\/"},"modified":"2026-04-13T19:11:43","modified_gmt":"2026-04-13T16:11:43","slug":"knipex-circir-mekanizmali-kablo-makasi-315-mm","status":"publish","type":"product","link":"https:\/\/www.makitamarket.com.tr\/site\/urun\/knipex-circir-mekanizmali-kablo-makasi-315-mm\/","title":{"rendered":"Knipex 9532315A CIRCIR MEKAN\u0130ZMALI KABLO MAKASI 315 mm"},"content":{"rendered":"<p><b>95 32 315 A Kablo kesici<\/b><br \/>Azami 45 mm \u00e7ap \/ 380 mm\u00b2 (\u00f6rne\u011fin 4 x 95 mm\u00b2) de\u011ferine kadar olan \u00e7elik takviyeli kablolar\u0131 tek veya iki elli \u00e7al\u0131\u015fmada keser. D\u00fc\u015f\u00fck a\u011f\u0131rl\u0131\u011f\u0131 (800 gram) ve kompakt yap\u0131s\u0131 (315 mm uzunluk) nedeniyle kolay kulan\u0131m \u2013 Dar \u00e7al\u0131\u015fma alanlar\u0131nda da kullan\u0131labilir. Hassas ta\u015flamal\u0131 kesici ve ind\u00fcktif sertle\u015ftirilmi\u015f kesici kenar\u0131 ile ezmeden d\u00fcz ve temiz kesim yap\u0131labilir. Y\u00fcksek aktarma oranl\u0131, \u00fc\u00e7 kademeli yenilik\u00e7i di\u015fli tahrik mekanizmas\u0131. Kesme i\u015fleminde koyma yeri sunan y\u00fczey. ACSR kablolar\u0131 ve tel halatlar\u0131 kesmek i\u00e7in uygun de\u011fildir!. <\/p>\n<li><b>Bak\u0131r kablo kesim de\u011feri, \u00e7ok telli: <\/b>380 mm\u00b2<\/li>\n<li><b>Bak\u0131r kablo kesim de\u011feri, \u00e7ok telli: <\/b>\u00d8 45 mm<\/li>\n<li><b>MCM: <\/b>750<\/li>\n<table>\n<tr>\n<td>Kafa<\/td>\n<td>Boyal\u0131<\/td>\n<\/tr>\n<tr>\n<td>Sap<\/td>\n<td>Kal\u0131n izole<\/td>\n<\/tr>\n<tr>\n<td>\u00c7ok \u0130letkenli Kablo<\/td>\n<td>45\u00f8mm, 380mm\u00b2<\/td>\n<\/tr>\n<tr>\n<td>A\u011f\u0131rl\u0131k<\/td>\n<td>860 gr<\/td>\n<\/tr>\n<tr>\n<td>Uzunluk<\/td>\n<td>315<\/td>\n<\/tr>\n<\/table>\n","protected":false},"excerpt":{"rendered":"<p><b>95 32 315 A Kablo kesici<\/b><br \/>Azami 45 mm \u00e7ap \/ 380 mm\u00b2 (\u00f6rne\u011fin 4 x 95 mm\u00b2) de\u011ferine kadar olan \u00e7elik takviyeli kablolar\u0131 tek veya iki elli \u00e7al\u0131\u015fmada keser. D\u00fc\u015f\u00fck a\u011f\u0131rl\u0131\u011f\u0131 (800 gram) ve kompakt yap\u0131s\u0131 (315 mm uzunluk) nedeniyle kolay kulan\u0131m \u2013 Dar \u00e7al\u0131\u015fma alanlar\u0131nda da kullan\u0131labilir. Hassas ta\u015flamal\u0131 kesici ve ind\u00fcktif sertle\u015ftirilmi\u015f kesici kenar\u0131 ile ezmeden d\u00fcz ve temiz kesim yap\u0131labilir. Y\u00fcksek aktarma oranl\u0131, \u00fc\u00e7 kademeli yenilik\u00e7i di\u015fli tahrik mekanizmas\u0131. Kesme i\u015fleminde koyma yeri sunan y\u00fczey. ACSR kablolar\u0131 ve tel halatlar\u0131 kesmek i\u00e7in uygun de\u011fildir!. <\/p>\n<li><b>Bak\u0131r kablo kesim de\u011feri, \u00e7ok telli: <\/b>380 mm\u00b2<\/li>\n<li><b>Bak\u0131r kablo kesim de\u011feri, \u00e7ok telli: <\/b>\u00d8 45 mm<\/li>\n<li><b>MCM: <\/b>750<\/li>\n","protected":false},"featured_media":9023,"comment_status":"open","ping_status":"closed","template":"","meta":{"_acf_changed":false},"product_brand":[1486],"product_cat":[834],"product_tag":[],"class_list":{"0":"post-8958","1":"product","2":"type-product","3":"status-publish","4":"has-post-thumbnail","6":"product_brand-knipex","7":"product_cat-kablo-kesme-makaslari","9":"first","10":"instock","11":"taxable","12":"shipping-taxable","13":"purchasable","14":"product-type-simple","15":"add-to-wishlist-after_add_to_cart"},"acf":[],"_links":{"self":[{"href":"https:\/\/www.makitamarket.com.tr\/site\/wp-json\/wp\/v2\/product\/8958","targetHints":{"allow":["GET"]}}],"collection":[{"href":"https:\/\/www.makitamarket.com.tr\/site\/wp-json\/wp\/v2\/product"}],"about":[{"href":"https:\/\/www.makitamarket.com.tr\/site\/wp-json\/wp\/v2\/types\/product"}],"replies":[{"embeddable":true,"href":"https:\/\/www.makitamarket.com.tr\/site\/wp-json\/wp\/v2\/comments?post=8958"}],"wp:featuredmedia":[{"embeddable":true,"href":"https:\/\/www.makitamarket.com.tr\/site\/wp-json\/wp\/v2\/media\/9023"}],"wp:attachment":[{"href":"https:\/\/www.makitamarket.com.tr\/site\/wp-json\/wp\/v2\/media?parent=8958"}],"wp:term":[{"taxonomy":"product_brand","embeddable":true,"href":"https:\/\/www.makitamarket.com.tr\/site\/wp-json\/wp\/v2\/product_brand?post=8958"},{"taxonomy":"product_cat","embeddable":true,"href":"https:\/\/www.makitamarket.com.tr\/site\/wp-json\/wp\/v2\/product_cat?post=8958"},{"taxonomy":"product_tag","embeddable":true,"href":"https:\/\/www.makitamarket.com.tr\/site\/wp-json\/wp\/v2\/product_tag?post=8958"}],"curies":[{"name":"wp","href":"https:\/\/api.w.org\/{rel}","templated":true}]}}