{"id":8993,"date":"2024-11-27T19:50:06","date_gmt":"2024-11-27T16:50:06","guid":{"rendered":"https:\/\/www.makitamarket.com.tr\/site\/urun\/proxxon-proxxon-28124-tbh-sutunlu-matkap\/"},"modified":"2026-04-06T12:33:05","modified_gmt":"2026-04-06T09:33:05","slug":"proxxon-proxxon-28124-tbh-sutunlu-matkap","status":"publish","type":"product","link":"https:\/\/www.makitamarket.com.tr\/site\/urun\/proxxon-proxxon-28124-tbh-sutunlu-matkap\/","title":{"rendered":"Proxxon 28124 TBH PROXXON 28124 TBH S\u00dcTUNLU MATKAP"},"content":{"rendered":"<div>\n\t<strong>Uyumlu Aksesuarlar:<\/strong><\/div>\n<div>\n\t<strong>28200<\/strong> 2,35-3,0-3,2-4,0-5,0-6,0mm pens<\/div>\n<div>\n\t<strong>20394<\/strong> PRIMUS mengene i\u00e7in T somun seti<\/div>\n<div>\n\t<strong>20392<\/strong> PRIMUS 75 mengene<\/div>\n<div>\n\t<strong>20402 <\/strong>PRIMUS 100 mengene<\/div>\n<div>\n\t<strong>20150<\/strong> KT 150 Koordinat sehpas\u0131<\/div>\n<table>\n<tr>\n<td>\u00c7al\u0131\u015fma gerilimi<\/td>\n<td>220-240V<\/td>\n<\/tr>\n<tr>\n<td>Devir H\u0131z\u0131<\/td>\n<td>1080-2400-4500 d\/dak.<\/td>\n<\/tr>\n<tr>\n<td>S\u00fctun \u00f6l\u00e7\u00fcs\u00fc<\/td>\n<td>Delme:10mm, Mil hareketi:63mm, Kafa hareketi:70mm<\/td>\n<\/tr>\n<tr>\n<td>Tabla \u00d6l\u00e7\u00fcs\u00fc<\/td>\n<td>200x200mm<\/td>\n<\/tr>\n<tr>\n<td>A\u011f\u0131rl\u0131k<\/td>\n<td>10 kg<\/td>\n<\/tr>\n<\/table>\n","protected":false},"excerpt":{"rendered":"<div>\n\t<strong>Uyumlu Aksesuarlar:<\/strong><\/div>\n<div>\n\t<strong>28200<\/strong> 2,35-3,0-3,2-4,0-5,0-6,0mm pens<\/div>\n<div>\n\t<strong>20394<\/strong> PRIMUS mengene i\u00e7in T somun seti<\/div>\n<div>\n\t<strong>20392<\/strong> PRIMUS 75 mengene<\/div>\n<div>\n\t<strong>20402 <\/strong>PRIMUS 100 mengene<\/div>\n<div>\n\t<strong>20150<\/strong> KT 150 Koordinat sehpas\u0131<\/div>\n","protected":false},"featured_media":8992,"comment_status":"open","ping_status":"closed","template":"","meta":{"_acf_changed":false},"product_brand":[1501],"product_cat":[917],"product_tag":[],"class_list":{"0":"post-8993","1":"product","2":"type-product","3":"status-publish","4":"has-post-thumbnail","6":"product_brand-proxxon","7":"product_cat-sutunlu-matkaplar","9":"first","10":"instock","11":"taxable","12":"shipping-taxable","13":"purchasable","14":"product-type-simple","15":"add-to-wishlist-after_add_to_cart"},"acf":[],"_links":{"self":[{"href":"https:\/\/www.makitamarket.com.tr\/site\/wp-json\/wp\/v2\/product\/8993","targetHints":{"allow":["GET"]}}],"collection":[{"href":"https:\/\/www.makitamarket.com.tr\/site\/wp-json\/wp\/v2\/product"}],"about":[{"href":"https:\/\/www.makitamarket.com.tr\/site\/wp-json\/wp\/v2\/types\/product"}],"replies":[{"embeddable":true,"href":"https:\/\/www.makitamarket.com.tr\/site\/wp-json\/wp\/v2\/comments?post=8993"}],"wp:featuredmedia":[{"embeddable":true,"href":"https:\/\/www.makitamarket.com.tr\/site\/wp-json\/wp\/v2\/media\/8992"}],"wp:attachment":[{"href":"https:\/\/www.makitamarket.com.tr\/site\/wp-json\/wp\/v2\/media?parent=8993"}],"wp:term":[{"taxonomy":"product_brand","embeddable":true,"href":"https:\/\/www.makitamarket.com.tr\/site\/wp-json\/wp\/v2\/product_brand?post=8993"},{"taxonomy":"product_cat","embeddable":true,"href":"https:\/\/www.makitamarket.com.tr\/site\/wp-json\/wp\/v2\/product_cat?post=8993"},{"taxonomy":"product_tag","embeddable":true,"href":"https:\/\/www.makitamarket.com.tr\/site\/wp-json\/wp\/v2\/product_tag?post=8993"}],"curies":[{"name":"wp","href":"https:\/\/api.w.org\/{rel}","templated":true}]}}