{"id":8995,"date":"2024-11-27T19:50:09","date_gmt":"2024-11-27T16:50:09","guid":{"rendered":"https:\/\/www.makitamarket.com.tr\/site\/urun\/rapid-kusgozu-pensi\/"},"modified":"2026-03-30T07:22:38","modified_gmt":"2026-03-30T04:22:38","slug":"rapid-kusgozu-pensi","status":"publish","type":"product","link":"https:\/\/www.makitamarket.com.tr\/site\/urun\/rapid-kusgozu-pensi\/","title":{"rendered":"Rapid RP05 KU\u015eG\u00d6Z\u00dc PENS\u0130"},"content":{"rendered":"<div id=\"cke_pastebin\">\n\tEntegre delik delme i\u015flevi ile birlikte ku\u015fg\u00f6z\u00fc pensesi. Deri, ayakkab\u0131, branda ve daha bir\u00e7ok yerde \u00e7al\u0131\u015fmak i\u00e7in ideal.<\/div>\n<div id=\"cke_pastebin\">\n\t\u2022 4.0 mm ku\u015fg\u00f6z\u00fc i\u00e7in<\/div>\n<div>\n\t\u2022 Entegre delik delme i\u015flevi<\/div>\n<div>\n\t\u2022 G\u00fc\u00e7l\u00fc metal par\u00e7alar<\/div>\n<div>\n\t\u2022 Krom son i\u015flem<\/div>\n<div>\n\t\u2022 100 ad 4 mm ku\u015fg\u00f6z\u00fc paketi i\u00e7erir<\/div>\n<div>\n\t\u2022 2 y\u0131l garanti<\/div>\n<table><\/table>\n","protected":false},"excerpt":{"rendered":"<div id=\"cke_pastebin\">\n\tEntegre delik delme i\u015flevi ile birlikte ku\u015fg\u00f6z\u00fc pensesi. Deri, ayakkab\u0131, branda ve daha bir\u00e7ok yerde \u00e7al\u0131\u015fmak i\u00e7in ideal.<\/div>\n<div id=\"cke_pastebin\">\n\t\u2022 4.0 mm ku\u015fg\u00f6z\u00fc i\u00e7in<\/div>\n<div>\n\t\u2022 Entegre delik delme i\u015flevi<\/div>\n<div>\n\t\u2022 G\u00fc\u00e7l\u00fc metal par\u00e7alar<\/div>\n<div>\n\t\u2022 Krom son i\u015flem<\/div>\n<div>\n\t\u2022 100 ad 4 mm ku\u015fg\u00f6z\u00fc paketi i\u00e7erir<\/div>\n<div>\n\t\u2022 2 y\u0131l garanti<\/div>\n","protected":false},"featured_media":8994,"comment_status":"open","ping_status":"closed","template":"","meta":{"_acf_changed":false},"product_brand":[1491],"product_cat":[918],"product_tag":[],"class_list":{"0":"post-8995","1":"product","2":"type-product","3":"status-publish","4":"has-post-thumbnail","6":"product_brand-rapid","7":"product_cat-delik-acma-penseleri","9":"first","10":"instock","11":"taxable","12":"shipping-taxable","13":"purchasable","14":"product-type-simple","15":"add-to-wishlist-after_add_to_cart"},"acf":[],"_links":{"self":[{"href":"https:\/\/www.makitamarket.com.tr\/site\/wp-json\/wp\/v2\/product\/8995","targetHints":{"allow":["GET"]}}],"collection":[{"href":"https:\/\/www.makitamarket.com.tr\/site\/wp-json\/wp\/v2\/product"}],"about":[{"href":"https:\/\/www.makitamarket.com.tr\/site\/wp-json\/wp\/v2\/types\/product"}],"replies":[{"embeddable":true,"href":"https:\/\/www.makitamarket.com.tr\/site\/wp-json\/wp\/v2\/comments?post=8995"}],"wp:featuredmedia":[{"embeddable":true,"href":"https:\/\/www.makitamarket.com.tr\/site\/wp-json\/wp\/v2\/media\/8994"}],"wp:attachment":[{"href":"https:\/\/www.makitamarket.com.tr\/site\/wp-json\/wp\/v2\/media?parent=8995"}],"wp:term":[{"taxonomy":"product_brand","embeddable":true,"href":"https:\/\/www.makitamarket.com.tr\/site\/wp-json\/wp\/v2\/product_brand?post=8995"},{"taxonomy":"product_cat","embeddable":true,"href":"https:\/\/www.makitamarket.com.tr\/site\/wp-json\/wp\/v2\/product_cat?post=8995"},{"taxonomy":"product_tag","embeddable":true,"href":"https:\/\/www.makitamarket.com.tr\/site\/wp-json\/wp\/v2\/product_tag?post=8995"}],"curies":[{"name":"wp","href":"https:\/\/api.w.org\/{rel}","templated":true}]}}