{"id":8997,"date":"2024-11-27T19:50:11","date_gmt":"2024-11-27T16:50:11","guid":{"rendered":"https:\/\/www.makitamarket.com.tr\/site\/urun\/ozco-m20h-sutunlu-matkap-tezgahi\/"},"modified":"2026-04-06T12:33:09","modified_gmt":"2026-04-06T09:33:09","slug":"ozco-m20h-sutunlu-matkap-tezgahi","status":"publish","type":"product","link":"https:\/\/www.makitamarket.com.tr\/site\/urun\/ozco-m20h-sutunlu-matkap-tezgahi\/","title":{"rendered":"Ozco M20H M20H S\u00fctunlu Matkap Tezg\u00e2h\u0131"},"content":{"rendered":"<ul>\n<li>CE normlar\u0131na uygun<\/li>\n<li>Acil Stop Butonu<\/li>\n<li>Emniyet sivi\u00e7li siperlik\/mandren koruyucu<\/li>\n<li>Emniyet sivi\u00e7li kay\u0131\u015f-kasnak kapa\u011f\u0131<\/li>\n<li>Y\u00fcksekli\u011fi ayarlanabilir siperlik<\/li>\n<li>\u00c7ift tarafl\u0131 motor kay\u0131\u015f\u0131 gerginlik ayar\u0131 <\/li>\n<li>Dayan\u0131kl\u0131, y\u00fcksek verimli bak\u0131r sarg\u0131l\u0131 motor<\/li>\n<li>Sa\u011f\/Sol d\u00f6n\u00fc\u015f \u00f6zelli\u011fi (Trifaze\/400 V modellerde)<\/li>\n<li>\u00c7apraz \u201cX\u201d kanall\u0131 tabla <\/li>\n<li>Derinlik \u00f6l\u00e7me ve kilitleme sistemi<\/li>\n<li>Ergonomik, kau\u00e7uk tutma sap\u0131 ile kavrama kolayl\u0131\u011f\u0131<\/li>\n<li>Al\u00fcminyum kay\u0131\u015f kasnak kapa\u011f\u0131 <\/li>\n<li>Y\u00fcksek kalite d\u00f6k\u00fcm tabla <\/li>\n<li>Kendi etraf\u0131nda 360\u00b0 d\u00f6nebilen ve \u00b145\u00b0 e\u011fim alabilen tabla<\/li>\n<li>Hassas anahtars\u0131z mandren <\/li>\n<li>D\u00fc\u015f\u00fck titre\u015fim ve stabil \u00e7al\u0131\u015fmay\u0131 sa\u011flayan d\u00f6k\u00fcm taban<\/li>\n<\/ul>\n<table>\n<tr>\n<td>Motor G\u00fcc\u00fc<\/td>\n<td>550 W, 400 V<\/td>\n<\/tr>\n<tr>\n<td>\u00c7al\u0131\u015fma Tipi<\/td>\n<td>Kay\u0131\u015fl\u0131<\/td>\n<\/tr>\n<tr>\n<td>Delme Kapasitesi<\/td>\n<td>20 mm<\/td>\n<\/tr>\n<tr>\n<td>Mil-S\u00fctun Aras\u0131 Mesafe<\/td>\n<td>180 mm<\/td>\n<\/tr>\n<tr>\n<td>Mil Koni\u011fi<\/td>\n<td>MK2<\/td>\n<\/tr>\n<tr>\n<td>Mil Hareketi\/Strok<\/td>\n<td>85 mm<\/td>\n<\/tr>\n<tr>\n<td>H\u0131z<\/td>\n<td>180-2770 dev\/dak<\/td>\n<\/tr>\n<tr>\n<td>Kademe<\/td>\n<td>16<\/td>\n<\/tr>\n<tr>\n<td>Tabla Ebat\u0131<\/td>\n<td>290&#215;290 mm<\/td>\n<\/tr>\n<tr>\n<td>T Slot \u00d6l\u00e7\u00fcs\u00fc<\/td>\n<td>14 mm<\/td>\n<\/tr>\n<tr>\n<td>Tabla D\u00f6n\u00fc\u015f\u00fc<\/td>\n<td>\u00b145\u00b0 \/ 360\u00b0<\/td>\n<\/tr>\n<tr>\n<td>Mil-Tabla Aras\u0131 Mesafe<\/td>\n<td>700<\/td>\n<\/tr>\n<tr>\n<td>Mil-Taban Aras\u0131 Mesafe<\/td>\n<td>1190<\/td>\n<\/tr>\n<tr>\n<td>Taban Ebat\u0131<\/td>\n<td>460&#215;272 mm<\/td>\n<\/tr>\n<tr>\n<td>S\u00fctun \u00c7ap\u0131<\/td>\n<td>72 mm<\/td>\n<\/tr>\n<tr>\n<td>Uzunluk x Geni\u015flik x Y\u00fckseklik<\/td>\n<td>650x360x1570 mm<\/td>\n<\/tr>\n<tr>\n<td>Net A\u011f\u0131rl\u0131k<\/td>\n<td>70 kg<\/td>\n<\/tr>\n<\/table>\n","protected":false},"excerpt":{"rendered":"<ul>\n<li>CE normlar\u0131na uygun<\/li>\n<li>Acil Stop Butonu<\/li>\n<li>Emniyet sivi\u00e7li siperlik\/mandren koruyucu<\/li>\n<li>Emniyet sivi\u00e7li kay\u0131\u015f-kasnak kapa\u011f\u0131<\/li>\n<li>Y\u00fcksekli\u011fi ayarlanabilir siperlik<\/li>\n<li>\u00c7ift tarafl\u0131 motor kay\u0131\u015f\u0131 gerginlik ayar\u0131 <\/li>\n<li>Dayan\u0131kl\u0131, y\u00fcksek verimli bak\u0131r sarg\u0131l\u0131 motor<\/li>\n<li>Sa\u011f\/Sol d\u00f6n\u00fc\u015f \u00f6zelli\u011fi (Trifaze\/400 V modellerde)<\/li>\n<li>\u00c7apraz \u201cX\u201d kanall\u0131 tabla <\/li>\n<li>Derinlik \u00f6l\u00e7me ve kilitleme sistemi<\/li>\n<li>Ergonomik, kau\u00e7uk tutma sap\u0131 ile kavrama kolayl\u0131\u011f\u0131<\/li>\n<li>Al\u00fcminyum kay\u0131\u015f kasnak kapa\u011f\u0131 <\/li>\n<li>Y\u00fcksek kalite d\u00f6k\u00fcm tabla <\/li>\n<li>Kendi etraf\u0131nda 360\u00b0 d\u00f6nebilen ve \u00b145\u00b0 e\u011fim alabilen tabla<\/li>\n<li>Hassas anahtars\u0131z mandren <\/li>\n<li>D\u00fc\u015f\u00fck titre\u015fim ve stabil \u00e7al\u0131\u015fmay\u0131 sa\u011flayan d\u00f6k\u00fcm taban<\/li>\n<\/ul>\n","protected":false},"featured_media":8996,"comment_status":"open","ping_status":"closed","template":"","meta":{"_acf_changed":false},"product_brand":[1532],"product_cat":[1565],"product_tag":[],"class_list":{"0":"post-8997","1":"product","2":"type-product","3":"status-publish","4":"has-post-thumbnail","6":"product_brand-ozco","7":"product_cat-yok-yok","9":"first","10":"instock","11":"taxable","12":"shipping-taxable","13":"purchasable","14":"product-type-simple","15":"add-to-wishlist-after_add_to_cart"},"acf":[],"_links":{"self":[{"href":"https:\/\/www.makitamarket.com.tr\/site\/wp-json\/wp\/v2\/product\/8997","targetHints":{"allow":["GET"]}}],"collection":[{"href":"https:\/\/www.makitamarket.com.tr\/site\/wp-json\/wp\/v2\/product"}],"about":[{"href":"https:\/\/www.makitamarket.com.tr\/site\/wp-json\/wp\/v2\/types\/product"}],"replies":[{"embeddable":true,"href":"https:\/\/www.makitamarket.com.tr\/site\/wp-json\/wp\/v2\/comments?post=8997"}],"wp:featuredmedia":[{"embeddable":true,"href":"https:\/\/www.makitamarket.com.tr\/site\/wp-json\/wp\/v2\/media\/8996"}],"wp:attachment":[{"href":"https:\/\/www.makitamarket.com.tr\/site\/wp-json\/wp\/v2\/media?parent=8997"}],"wp:term":[{"taxonomy":"product_brand","embeddable":true,"href":"https:\/\/www.makitamarket.com.tr\/site\/wp-json\/wp\/v2\/product_brand?post=8997"},{"taxonomy":"product_cat","embeddable":true,"href":"https:\/\/www.makitamarket.com.tr\/site\/wp-json\/wp\/v2\/product_cat?post=8997"},{"taxonomy":"product_tag","embeddable":true,"href":"https:\/\/www.makitamarket.com.tr\/site\/wp-json\/wp\/v2\/product_tag?post=8997"}],"curies":[{"name":"wp","href":"https:\/\/api.w.org\/{rel}","templated":true}]}}