{"id":8999,"date":"2024-11-27T19:50:12","date_gmt":"2024-11-27T16:50:12","guid":{"rendered":"https:\/\/www.makitamarket.com.tr\/site\/urun\/makita-tm30dztd110dzdf331dz-set-18v\/"},"modified":"2025-07-11T18:57:06","modified_gmt":"2025-07-11T15:57:06","slug":"makita-tm30dztd110dzdf331dz-set-18v","status":"publish","type":"product","link":"https:\/\/www.makitamarket.com.tr\/site\/urun\/makita-tm30dztd110dzdf331dz-set-18v\/","title":{"rendered":"Makita CLX302AX4 TM30DZ+TD110DZ+DF331DZ SET 18V"},"content":{"rendered":"<p><strong>TM30DZ (\u00c7ok ama\u00e7l\u0131 alet)<\/strong><\/p>\n<p><strong>Titre\u015fim Say\u0131s\u0131 :<\/strong> 6.000-20.000 titre\u015fim\/dk<\/p>\n<p><strong>Net A\u011f\u0131rl\u0131k : <\/strong>1.1 Kg<\/p>\n<p><\/p>\n<p><strong style=\"color: rgb(0, 0, 0);\">TM30DZ HED\u0130YE AKSESUARLARI<\/strong><\/p>\n<p> ADAPT\u00d6R A&nbsp;&nbsp;&nbsp;1 adet<\/p>\n<p> TMA007 Segman testere 1 adet<\/p>\n<p> TMA009 Dald\u0131rmal\u0131 testere 1 adet<\/p>\n<p> Z\u0131mpara ka\u011f\u0131d\u0131 60 kum 2 adet<\/p>\n<p> Z\u0131mpara ka\u011f\u0131d\u0131 180 kum 2 adet<\/p>\n<p> Z\u0131mpara ka\u011f\u0131d\u0131 240 kum 2 adet<\/p>\n<p> Z\u0131mpara ka\u011f\u0131d\u0131 80 kum 2 adet<\/p>\n<p> Z\u0131mpara ka\u011f\u0131d\u0131 120 kum 2 adet<\/p>\n<p> Z\u0131mpara taban\u0131 1 adet<\/p>\n<p> Alet \u00e7antas\u0131 1 adet<\/p>\n<p><\/p>\n<p><strong>TD110DZ (Darbeli Vidalama)<\/strong><\/p>\n<p><strong>Kapasite :&nbsp;<\/strong><\/p>\n<p>Vidalama : M5-M8<\/p>\n<p>Standart Civata : M5-M12<\/p>\n<p>Y\u00fcksek Germeli Civata : M5-M10<\/p>\n<p>Kaba Di\u015fli Vida : 22-90 mm<\/p>\n<p><strong>Bo\u015fta devir :<\/strong> 0-26.600 d\/dk<\/p>\n<p><strong>Maks. Tork :<\/strong> 110 N.m<\/p>\n<p><strong>Net A\u011f\u0131rl\u0131k :<\/strong> 1.0 kg&nbsp;<\/p>\n<p><\/p>\n<p><strong>DF331DZ (Matkap Vidalama)<\/strong><\/p>\n<p><strong>Kapasite :<\/strong> \u00c7Elik : 10 mm, Ah\u015fap : 21 mm<\/p>\n<p><strong>Bo\u015fta Devir :<\/strong> 0-450\/1.70 d\/d<\/p>\n<p><strong>Maksimum Tork :<\/strong> 14\/30 N.m<\/p>\n<p><strong>Net A\u011f\u0131rl\u0131k :<\/strong> 1.1 kg&nbsp;<\/p>\n<p><\/p>\n<p><strong>Ambalaj i\u00e7eri\u011fi :<\/strong> TM30DZ, TD110DZ, DF331DZ, 2xBL1020B, DC10WC, Alet \u00e7antas\u0131<\/p>\n<p><strong>Not:<\/strong> Set i\u00e7eri\u011finde 2 adet 2.0 Ah\u2019lik Ak\u00fc bulunmaktad\u0131r<\/p>\n<table><\/table>\n","protected":false},"excerpt":{"rendered":"<p><strong>TM30DZ (\u00c7ok ama\u00e7l\u0131 alet)<\/strong><\/p>\n<p><strong>Titre\u015fim Say\u0131s\u0131 :<\/strong> 6.000-20.000 titre\u015fim\/dk<\/p>\n<p><strong>Net A\u011f\u0131rl\u0131k : <\/strong>1.1 Kg<\/p>\n<p><\/p>\n<p><strong style=\"color: rgb(0, 0, 0);\">TM30DZ HED\u0130YE AKSESUARLARI<\/strong><\/p>\n<p> ADAPT\u00d6R A&nbsp;&nbsp;&nbsp;1 adet<\/p>\n<p> TMA007 Segman testere 1 adet<\/p>\n<p> TMA009 Dald\u0131rmal\u0131 testere 1 adet<\/p>\n<p> Z\u0131mpara ka\u011f\u0131d\u0131 60 kum 2 adet<\/p>\n<p> Z\u0131mpara ka\u011f\u0131d\u0131 180 kum 2 adet<\/p>\n<p> Z\u0131mpara ka\u011f\u0131d\u0131 240 kum 2 adet<\/p>\n<p> Z\u0131mpara ka\u011f\u0131d\u0131 80 kum 2 adet<\/p>\n<p> Z\u0131mpara ka\u011f\u0131d\u0131 120 kum 2 adet<\/p>\n<p> Z\u0131mpara taban\u0131 1 adet<\/p>\n<p> Alet \u00e7antas\u0131 1 adet<\/p>\n<p><\/p>\n<p><strong>TD110DZ (Darbeli Vidalama)<\/strong><\/p>\n<p><strong>Kapasite :&nbsp;<\/strong><\/p>\n<p>Vidalama : M5-M8<\/p>\n<p>Standart Civata : M5-M12<\/p>\n<p>Y\u00fcksek Germeli Civata : M5-M10<\/p>\n<p>Kaba Di\u015fli Vida : 22-90 mm<\/p>\n<p><strong>Bo\u015fta devir :<\/strong> 0-26.600 d\/dk<\/p>\n<p><strong>Maks. Tork :<\/strong> 110 N.m<\/p>\n<p><strong>Net A\u011f\u0131rl\u0131k :<\/strong> 1.0 kg&nbsp;<\/p>\n<p><\/p>\n<p><strong>DF331DZ (Matkap Vidalama)<\/strong><\/p>\n<p><strong>Kapasite :<\/strong> \u00c7Elik : 10 mm, Ah\u015fap : 21 mm<\/p>\n<p><strong>Bo\u015fta Devir :<\/strong> 0-450\/1.70 d\/d<\/p>\n<p><strong>Maksimum Tork :<\/strong> 14\/30 N.m<\/p>\n<p><strong>Net A\u011f\u0131rl\u0131k :<\/strong> 1.1 kg&nbsp;<\/p>\n<p><\/p>\n<p><strong>Ambalaj i\u00e7eri\u011fi :<\/strong> TM30DZ, TD110DZ, DF331DZ, 2xBL1020B, DC10WC, Alet \u00e7antas\u0131<\/p>\n<p><strong>Not:<\/strong> Set i\u00e7eri\u011finde 2 adet 2.0 Ah\u2019lik Ak\u00fc bulunmaktad\u0131r<\/p>\n","protected":false},"featured_media":8998,"comment_status":"open","ping_status":"closed","template":"","meta":{"_acf_changed":false},"product_brand":[],"product_cat":[755],"product_tag":[],"class_list":{"0":"post-8999","1":"product","2":"type-product","3":"status-publish","4":"has-post-thumbnail","6":"product_cat-18-volt","8":"first","9":"outofstock","10":"taxable","11":"shipping-taxable","12":"purchasable","13":"product-type-simple","14":"add-to-wishlist-after_add_to_cart"},"acf":[],"_links":{"self":[{"href":"https:\/\/www.makitamarket.com.tr\/site\/wp-json\/wp\/v2\/product\/8999","targetHints":{"allow":["GET"]}}],"collection":[{"href":"https:\/\/www.makitamarket.com.tr\/site\/wp-json\/wp\/v2\/product"}],"about":[{"href":"https:\/\/www.makitamarket.com.tr\/site\/wp-json\/wp\/v2\/types\/product"}],"replies":[{"embeddable":true,"href":"https:\/\/www.makitamarket.com.tr\/site\/wp-json\/wp\/v2\/comments?post=8999"}],"wp:featuredmedia":[{"embeddable":true,"href":"https:\/\/www.makitamarket.com.tr\/site\/wp-json\/wp\/v2\/media\/8998"}],"wp:attachment":[{"href":"https:\/\/www.makitamarket.com.tr\/site\/wp-json\/wp\/v2\/media?parent=8999"}],"wp:term":[{"taxonomy":"product_brand","embeddable":true,"href":"https:\/\/www.makitamarket.com.tr\/site\/wp-json\/wp\/v2\/product_brand?post=8999"},{"taxonomy":"product_cat","embeddable":true,"href":"https:\/\/www.makitamarket.com.tr\/site\/wp-json\/wp\/v2\/product_cat?post=8999"},{"taxonomy":"product_tag","embeddable":true,"href":"https:\/\/www.makitamarket.com.tr\/site\/wp-json\/wp\/v2\/product_tag?post=8999"}],"curies":[{"name":"wp","href":"https:\/\/api.w.org\/{rel}","templated":true}]}}