{"id":9002,"date":"2024-11-27T19:50:16","date_gmt":"2024-11-27T16:50:16","guid":{"rendered":"https:\/\/www.makitamarket.com.tr\/site\/urun\/leica-leica-mc5-agatec-mekanik-terazileme\/"},"modified":"2026-04-06T12:33:12","modified_gmt":"2026-04-06T09:33:12","slug":"leica-leica-mc5-agatec-mekanik-terazileme","status":"publish","type":"product","link":"https:\/\/www.makitamarket.com.tr\/site\/urun\/leica-leica-mc5-agatec-mekanik-terazileme\/","title":{"rendered":"Leica MC5 LEICA MC5 AGATEC MEKAN\u0130K TERAZ\u0130LEME"},"content":{"rendered":"<div>\n\t<strong>Opsiyonel Aksesuarlar<br \/>\n\t<\/strong><\/div>\n<div>\n\tRMT160 Tripod,<\/div>\n<div>\n\tRVL100 Dedekt\u00f6r<\/div>\n<table>\n<tr>\n<td>Menzil<\/td>\n<td>\u00b1 80 m dedekt\u00f6rle , \u00b1 25 m dedekt\u00f6rs\u00fcz<\/td>\n<\/tr>\n<tr>\n<td>Hassasiyet<\/td>\n<td>10m&#8217;de \u00b12 mm<\/td>\n<\/tr>\n<tr>\n<td>Kendinden Terazileme Aral\u0131\u011f\u0131<\/td>\n<td>\u00b1 3\u00b0<\/td>\n<\/tr>\n<tr>\n<td>\u015eak\u00fcl<\/td>\n<td>A\u015fa\u011f\u0131 &#8211; Yukar\u0131<\/td>\n<\/tr>\n<tr>\n<td>Bataryalar<\/td>\n<td>3 x AA<\/td>\n<\/tr>\n<tr>\n<td>Batarya \u00d6mr\u00fc<\/td>\n<td>12 Saat<\/td>\n<\/tr>\n<tr>\n<td>A\u011f\u0131rl\u0131k<\/td>\n<td>700g<\/td>\n<\/tr>\n<tr>\n<td>Boyutlar<\/td>\n<td>160 x 100 mm<\/td>\n<\/tr>\n<tr>\n<td>Sevkiyat kapsam\u0131<\/td>\n<td>Lazer g\u00f6zl\u00fck , Lazer plakas\u0131 , Pil<\/td>\n<\/tr>\n<\/table>\n","protected":false},"excerpt":{"rendered":"<div>\n\t<strong>Opsiyonel Aksesuarlar<br \/>\n\t<\/strong><\/div>\n<div>\n\tRMT160 Tripod,<\/div>\n<div>\n\tRVL100 Dedekt\u00f6r<\/div>\n","protected":false},"featured_media":9001,"comment_status":"open","ping_status":"closed","template":"","meta":{"_acf_changed":false},"product_brand":[1504],"product_cat":[837],"product_tag":[],"class_list":{"0":"post-9002","1":"product","2":"type-product","3":"status-publish","4":"has-post-thumbnail","6":"product_brand-leica","7":"product_cat-lazerli-olcum-cihazlari","9":"first","10":"instock","11":"taxable","12":"shipping-taxable","13":"purchasable","14":"product-type-simple","15":"add-to-wishlist-after_add_to_cart"},"acf":[],"_links":{"self":[{"href":"https:\/\/www.makitamarket.com.tr\/site\/wp-json\/wp\/v2\/product\/9002","targetHints":{"allow":["GET"]}}],"collection":[{"href":"https:\/\/www.makitamarket.com.tr\/site\/wp-json\/wp\/v2\/product"}],"about":[{"href":"https:\/\/www.makitamarket.com.tr\/site\/wp-json\/wp\/v2\/types\/product"}],"replies":[{"embeddable":true,"href":"https:\/\/www.makitamarket.com.tr\/site\/wp-json\/wp\/v2\/comments?post=9002"}],"wp:featuredmedia":[{"embeddable":true,"href":"https:\/\/www.makitamarket.com.tr\/site\/wp-json\/wp\/v2\/media\/9001"}],"wp:attachment":[{"href":"https:\/\/www.makitamarket.com.tr\/site\/wp-json\/wp\/v2\/media?parent=9002"}],"wp:term":[{"taxonomy":"product_brand","embeddable":true,"href":"https:\/\/www.makitamarket.com.tr\/site\/wp-json\/wp\/v2\/product_brand?post=9002"},{"taxonomy":"product_cat","embeddable":true,"href":"https:\/\/www.makitamarket.com.tr\/site\/wp-json\/wp\/v2\/product_cat?post=9002"},{"taxonomy":"product_tag","embeddable":true,"href":"https:\/\/www.makitamarket.com.tr\/site\/wp-json\/wp\/v2\/product_tag?post=9002"}],"curies":[{"name":"wp","href":"https:\/\/api.w.org\/{rel}","templated":true}]}}