{"id":9022,"date":"2024-11-27T19:50:25","date_gmt":"2024-11-27T16:50:25","guid":{"rendered":"https:\/\/www.makitamarket.com.tr\/site\/urun\/makita-devir-ayarli-dairesel-titresim-zimpara\/"},"modified":"2026-04-06T13:14:11","modified_gmt":"2026-04-06T10:14:11","slug":"makita-devir-ayarli-dairesel-titresim-zimpara","status":"publish","type":"product","link":"https:\/\/www.makitamarket.com.tr\/site\/urun\/makita-devir-ayarli-dairesel-titresim-zimpara\/","title":{"rendered":"Makita BO5041 DEV\u0130R AYARLI DA\u0130RESEL T\u0130TRE\u015e\u0130M ZIMPARA"},"content":{"rendered":"<p><span style=\"background-color: white; color: rgb(33, 37, 41);\">Model BO5041<\/span><\/p>\n<p><span style=\"background-color: white; color: rgb(33, 37, 41);\">Dairesel Titre\u015fim Z\u0131mparalar<\/span><\/p>\n<p><span style=\"background-color: white; color: rgb(33, 37, 41);\">Devir Ayarl\u0131<\/span><\/p>\n<p><span style=\"background-color: white; color: rgb(33, 37, 41);\">300 W \u2022 125 mm \u2022 4.000-12.000 dk\u207b\u00b9<\/span><\/p>\n<p><strong style=\"color: rgb(0, 112, 192);\">Ah\u015fap ve y\u00fczeyler i\u00e7in profesyonel dairesel titre\u015fim z\u0131mpara modeli<\/strong><\/p>\n<p><span style=\"background-color: white; color: rgb(33, 37, 41);\"> Ah\u015fap, metal ve boyal\u0131 y\u00fczeylerde hassas ve etkili z\u0131mparalama i\u015flemleri i\u00e7in tasarlanm\u0131\u015f profesyonel bir dairesel titre\u015fim z\u0131mpara modelidir. 300 W motor g\u00fcc\u00fcne sahiptir. 125 mm a\u015f\u0131nd\u0131r\u0131c\u0131 ka\u011f\u0131t boyutu, 123 mm taban \u00e7ap\u0131 ve dakikada 4.000-12.000 titre\u015fim say\u0131s\u0131 ile h\u0131zl\u0131 ve d\u00fczg\u00fcn bir performans sunar.<\/span><\/p>\n<p><span style=\"background-color: white; color: rgb(33, 37, 41);\">Elektronik h\u0131z kontrol\u00fc, ergonomik tutma sap\u0131 ve d\u00f6ner sap mekanizmas\u0131 sayesinde kolay kullan\u0131m ve y\u00fcksek hassasiyet sa\u011flar. Genellikle marangozluk, mobilya yenileme ve detayl\u0131 y\u00fczey haz\u0131rl\u0131\u011f\u0131 projelerinde tercih edilir. Toz toplama sistemiyle temiz ve g\u00fcvenli bir \u00e7al\u0131\u015fma ortam\u0131 sunar.<\/span><\/p>\n<p><span style=\"background-color: white; color: red;\">Kullan\u0131m amac\u0131: <\/span><span style=\"background-color: white; color: rgb(33, 37, 41);\">Bu alet ah\u015fap, plastik ve metal malzemelerin geni\u015f y\u00fczeyleriyle boyal\u0131 y\u00fczeylerin z\u0131mparalanmas\u0131 amac\u0131yla kullan\u0131l\u0131r. <\/span><\/p>\n<p><u style=\"background-color: white; color: black;\">\u00d6zellikleri:<\/u><span style=\"background-color: white; color: rgb(33, 37, 41);\"> <\/span><\/p>\n<p><span style=\"color: red;\">G\u00fc\u00e7 Kayna\u011f\u0131: <\/span>Makinan\u0131n, yaln\u0131zca isim levhas\u0131nda belirtilenle ayn\u0131 voltajl\u0131 g\u00fc\u00e7 kayna\u011f\u0131na ba\u011flanmas\u0131 gerekir ve yaln\u0131zca tek fazl\u0131 AC g\u00fc\u00e7 kayna\u011f\u0131yla \u00e7al\u0131\u015ft\u0131r\u0131labilir. \u00c7ifte yal\u0131t\u0131ml\u0131d\u0131r ve topraklamas\u0131z prizlerle de kullan\u0131labilir.<\/p>\n<ol>\n<li data-list=\"bullet\"><span class=\"ql-ui\" contenteditable=\"false\"><\/span>\u00c7ift yal\u0131t\u0131ml\u0131d\u0131r.<\/li>\n<li data-list=\"bullet\"><span class=\"ql-ui\" contenteditable=\"false\"><\/span>De\u011fi\u015fken h\u0131z \u00f6zelli\u011fi vard\u0131r.<\/li>\n<li data-list=\"bullet\"><span class=\"ql-ui\" contenteditable=\"false\"><\/span>Toz emme \u00fcnitesi mevcuttur.<\/li>\n<li data-list=\"bullet\"><span class=\"ql-ui\" contenteditable=\"false\"><\/span>Elektrik freni mevcuttur.<\/li>\n<\/ol>\n<p>Ambalaj i\u00e7eri\u011fi: Toz torbas\u0131, Z\u0131mpara diski<\/p>\n<p><span style=\"background-color: white; color: rgb(33, 37, 41);\">C\u0131rtl\u0131 Taban<\/span><\/p>\n<table>\n<tr>\n<td>S\u00fcrekli Ak\u0131m Giri\u015fi<\/td>\n<td>300W<\/td>\n<\/tr>\n<tr>\n<td>Net A\u011f\u0131rl\u0131k<\/td>\n<td>1.4kg<\/td>\n<\/tr>\n<tr>\n<td>Ak\u0131m<\/td>\n<td>1.2Ah<\/td>\n<\/tr>\n<tr>\n<td>Taban \u00c7ap\u0131<\/td>\n<td>123 mm<\/td>\n<\/tr>\n<tr>\n<td>Dakikada Titre\u015fim<\/td>\n<td>4000-12000<\/td>\n<\/tr>\n<tr>\n<td>A\u015f\u0131nd\u0131r\u0131c\u0131 Ka\u011f\u0131t \u00d6l\u00e7\u00fcleri<\/td>\n<td>125mm<\/td>\n<\/tr>\n<\/table>\n","protected":false},"excerpt":{"rendered":"<p><span style=\"background-color: white; color: rgb(33, 37, 41);\">Model BO5041<\/span><\/p>\n<p><span style=\"background-color: white; color: rgb(33, 37, 41);\">Dairesel Titre\u015fim Z\u0131mparalar<\/span><\/p>\n<p><span style=\"background-color: white; color: rgb(33, 37, 41);\">Devir Ayarl\u0131<\/span><\/p>\n<p><span style=\"background-color: white; color: rgb(33, 37, 41);\">300 W \u2022 125 mm \u2022 4.000-12.000 dk\u207b\u00b9<\/span><\/p>\n<p><strong style=\"color: rgb(0, 112, 192);\">Ah\u015fap ve y\u00fczeyler i\u00e7in profesyonel dairesel titre\u015fim z\u0131mpara modeli<\/strong><\/p>\n<p><span style=\"background-color: white; color: rgb(33, 37, 41);\"> Ah\u015fap, metal ve boyal\u0131 y\u00fczeylerde hassas ve etkili z\u0131mparalama i\u015flemleri i\u00e7in tasarlanm\u0131\u015f profesyonel bir dairesel titre\u015fim z\u0131mpara modelidir. 300 W motor g\u00fcc\u00fcne sahiptir. 125 mm a\u015f\u0131nd\u0131r\u0131c\u0131 ka\u011f\u0131t boyutu, 123 mm taban \u00e7ap\u0131 ve dakikada 4.000-12.000 titre\u015fim say\u0131s\u0131 ile h\u0131zl\u0131 ve d\u00fczg\u00fcn bir performans sunar.<\/span><\/p>\n<p><span style=\"background-color: white; color: rgb(33, 37, 41);\">Elektronik h\u0131z kontrol\u00fc, ergonomik tutma sap\u0131 ve d\u00f6ner sap mekanizmas\u0131 sayesinde kolay kullan\u0131m ve y\u00fcksek hassasiyet sa\u011flar. Genellikle marangozluk, mobilya yenileme ve detayl\u0131 y\u00fczey haz\u0131rl\u0131\u011f\u0131 projelerinde tercih edilir. Toz toplama sistemiyle temiz ve g\u00fcvenli bir \u00e7al\u0131\u015fma ortam\u0131 sunar.<\/span><\/p>\n<p><span style=\"background-color: white; color: red;\">Kullan\u0131m amac\u0131: <\/span><span style=\"background-color: white; color: rgb(33, 37, 41);\">Bu alet ah\u015fap, plastik ve metal malzemelerin geni\u015f y\u00fczeyleriyle boyal\u0131 y\u00fczeylerin z\u0131mparalanmas\u0131 amac\u0131yla kullan\u0131l\u0131r. <\/span><\/p>\n<p><u style=\"background-color: white; color: black;\">\u00d6zellikleri:<\/u><span style=\"background-color: white; color: rgb(33, 37, 41);\"> <\/span><\/p>\n<p><span style=\"color: red;\">G\u00fc\u00e7 Kayna\u011f\u0131: <\/span>Makinan\u0131n, yaln\u0131zca isim levhas\u0131nda belirtilenle ayn\u0131 voltajl\u0131 g\u00fc\u00e7 kayna\u011f\u0131na ba\u011flanmas\u0131 gerekir ve yaln\u0131zca tek fazl\u0131 AC g\u00fc\u00e7 kayna\u011f\u0131yla \u00e7al\u0131\u015ft\u0131r\u0131labilir. \u00c7ifte yal\u0131t\u0131ml\u0131d\u0131r ve topraklamas\u0131z prizlerle de kullan\u0131labilir.<\/p>\n<ol>\n<li data-list=\"bullet\"><span class=\"ql-ui\" contenteditable=\"false\"><\/span>\u00c7ift yal\u0131t\u0131ml\u0131d\u0131r.<\/li>\n<li data-list=\"bullet\"><span class=\"ql-ui\" contenteditable=\"false\"><\/span>De\u011fi\u015fken h\u0131z \u00f6zelli\u011fi vard\u0131r.<\/li>\n<li data-list=\"bullet\"><span class=\"ql-ui\" contenteditable=\"false\"><\/span>Toz emme \u00fcnitesi mevcuttur.<\/li>\n<li data-list=\"bullet\"><span class=\"ql-ui\" contenteditable=\"false\"><\/span>Elektrik freni mevcuttur.<\/li>\n<\/ol>\n<p>Ambalaj i\u00e7eri\u011fi: Toz torbas\u0131, Z\u0131mpara diski<\/p>\n<p><span style=\"background-color: white; color: rgb(33, 37, 41);\">C\u0131rtl\u0131 Taban<\/span><\/p>\n","protected":false},"featured_media":10387,"comment_status":"open","ping_status":"closed","template":"","meta":{"_acf_changed":false},"product_brand":[1485],"product_cat":[920],"product_tag":[],"class_list":{"0":"post-9022","1":"product","2":"type-product","3":"status-publish","4":"has-post-thumbnail","6":"product_brand-makita","7":"product_cat-dairesel-titresim-zimparalar","9":"first","10":"outofstock","11":"taxable","12":"shipping-taxable","13":"purchasable","14":"product-type-simple","15":"add-to-wishlist-after_add_to_cart"},"acf":[],"_links":{"self":[{"href":"https:\/\/www.makitamarket.com.tr\/site\/wp-json\/wp\/v2\/product\/9022","targetHints":{"allow":["GET"]}}],"collection":[{"href":"https:\/\/www.makitamarket.com.tr\/site\/wp-json\/wp\/v2\/product"}],"about":[{"href":"https:\/\/www.makitamarket.com.tr\/site\/wp-json\/wp\/v2\/types\/product"}],"replies":[{"embeddable":true,"href":"https:\/\/www.makitamarket.com.tr\/site\/wp-json\/wp\/v2\/comments?post=9022"}],"wp:featuredmedia":[{"embeddable":true,"href":"https:\/\/www.makitamarket.com.tr\/site\/wp-json\/wp\/v2\/media\/10387"}],"wp:attachment":[{"href":"https:\/\/www.makitamarket.com.tr\/site\/wp-json\/wp\/v2\/media?parent=9022"}],"wp:term":[{"taxonomy":"product_brand","embeddable":true,"href":"https:\/\/www.makitamarket.com.tr\/site\/wp-json\/wp\/v2\/product_brand?post=9022"},{"taxonomy":"product_cat","embeddable":true,"href":"https:\/\/www.makitamarket.com.tr\/site\/wp-json\/wp\/v2\/product_cat?post=9022"},{"taxonomy":"product_tag","embeddable":true,"href":"https:\/\/www.makitamarket.com.tr\/site\/wp-json\/wp\/v2\/product_tag?post=9022"}],"curies":[{"name":"wp","href":"https:\/\/api.w.org\/{rel}","templated":true}]}}