{"id":9032,"date":"2024-11-27T19:50:28","date_gmt":"2024-11-27T16:50:28","guid":{"rendered":"https:\/\/www.makitamarket.com.tr\/site\/urun\/knipex-cantali-papuc-sikma-seti\/"},"modified":"2026-04-06T12:48:48","modified_gmt":"2026-04-06T09:48:48","slug":"knipex-cantali-papuc-sikma-seti","status":"publish","type":"product","link":"https:\/\/www.makitamarket.com.tr\/site\/urun\/knipex-cantali-papuc-sikma-seti\/","title":{"rendered":"Knipex 979021 \u00c7ANTALI PAPU\u00c7 SIKMA SET\u0130"},"content":{"rendered":"<p><b>97 90 21 Krimp \u00dcr\u00fcn \u00c7e\u015fitleri<\/b><br \/>TANOS MINI-systainer\u00ae i\u00e7inde (Sa\u011flam Plastik Kutu). Tek el ile kullanma olana\u011f\u0131 sa\u011flayan T-Loc kilit mekanizmas\u0131: bir kez d\u00f6nd\u00fcrerek systainer\u00ae a\u00e7ma veya kapatma ve bir daha d\u00f6nd\u00fcrerek ikinci systainer\u00ae \u00fcr\u00fcn\u00fcn\u00fc birle\u015ftirme Birle\u015ftirilmi\u015f durumda a\u00e7ma: Ba\u011flant\u0131y\u0131 a\u00e7madan i\u00e7eri\u011fine kolay ve h\u0131zl\u0131 \u015fekilde eri\u015fme \u0130ki adet istiflenebilir plastik b\u00f6l\u00fcm, konekt\u00f6r i\u00e7in her birinde 6 yuva bulunur. Genelde kullan\u0131lan kablo konekt\u00f6r seti ile birlikte. PreciForce s\u0131kma pensesiyle birlikte (izolasyonlu kablo pabu\u00e7lar\u0131 ve konekt\u00f6rler i\u00e7in). systainer\u00ae Tescilli markas\u0131d\u0131r TANOS GmbH. <br \/><b>Teslimat kapsam\u0131:<\/b> 1 x 97 52 36 KNIPEX PreciForce\u00ae S\u0131kma Pense (0,5 \u2013 6,0 mm\u00b2), 25 x  KNIPEX U\u00e7 uca birle\u015ftiricisi, izoleli sar\u0131 (25 x 4,0-6,0 mm\u00b2), 25 x  KNIPEX U\u00e7 uca birle\u015ftiricisi, izoleli mavi (25 x 1,5-2,5 mm\u00b2), 25 x  KNIPEX U\u00e7 uca birle\u015ftiricisi, izoleli k\u0131rm\u0131z\u0131 (25 x 0,5-1 mm\u00b2), 25 x  KNIPEX Kablo pabucu, yuvarlak tip \u00d8 8 mm (25 x 4,0-6,0 mm\u00b2), 25 x  KNIPEX Kablo pabucu, yuvarlak tip \u00d8 6 mm (25 x 1,5-2,5 mm\u00b2), 25 x  KNIPEX Kablo pabucu, yuvarlak tip \u00d8 5 mm (25 x 1,5-2,5 mm\u00b2), 25 x  KNIPEX Kablo pabucu, yuvarlak tip \u00d8 4 mm (1,5-2,5 mm\u00b2), 25 x  KNIPEX Kablo pabucu, yuvarlak tip \u00d8 5 mm (25 x 0,5-1 mm\u00b2), 25 x  KNIPEX Kablo pabucu, yuvarlak tip \u00d8 4 mm (25 x 0,5-1 mm\u00b2), 25 x  KNIPEX Di\u015fi kablo pabucu 6,3&#215;0,8 mm (25 x 1,5-2,5 mm\u00b2), 25 x  KNIPEX Di\u015fi kablo pabucu 6,3&#215;0,8 mm (25 x 0,5-1 mm\u00b2), 25 x  KNIPEX Kablo pabucu, yuvarlak tip \u00d8 6 mm (25 x 4,0-6,0 mm\u00b2),<\/p>\n<table>\n<tr>\n<td>Pense<\/td>\n<td>97 52 36<\/td>\n<\/tr>\n<tr>\n<td>A\u00e7\u0131klama<\/td>\n<td>Toplamda 300 adet \u00e7e\u015fitli \u00f6l\u00e7\u00fclerde y\u00fcks\u00fcklerle birlikte<\/td>\n<\/tr>\n<tr>\n<td>A\u011f\u0131rl\u0131k<\/td>\n<td>1416 gr<\/td>\n<\/tr>\n<\/table>\n","protected":false},"excerpt":{"rendered":"<p><b>97 90 21 Krimp \u00dcr\u00fcn \u00c7e\u015fitleri<\/b><br \/>TANOS MINI-systainer\u00ae i\u00e7inde (Sa\u011flam Plastik Kutu). Tek el ile kullanma olana\u011f\u0131 sa\u011flayan T-Loc kilit mekanizmas\u0131: bir kez d\u00f6nd\u00fcrerek systainer\u00ae a\u00e7ma veya kapatma ve bir daha d\u00f6nd\u00fcrerek ikinci systainer\u00ae \u00fcr\u00fcn\u00fcn\u00fc birle\u015ftirme Birle\u015ftirilmi\u015f durumda a\u00e7ma: Ba\u011flant\u0131y\u0131 a\u00e7madan i\u00e7eri\u011fine kolay ve h\u0131zl\u0131 \u015fekilde eri\u015fme \u0130ki adet istiflenebilir plastik b\u00f6l\u00fcm, konekt\u00f6r i\u00e7in her birinde 6 yuva bulunur. Genelde kullan\u0131lan kablo konekt\u00f6r seti ile birlikte. PreciForce s\u0131kma pensesiyle birlikte (izolasyonlu kablo pabu\u00e7lar\u0131 ve konekt\u00f6rler i\u00e7in). systainer\u00ae Tescilli markas\u0131d\u0131r TANOS GmbH. <br \/><b>Teslimat kapsam\u0131:<\/b> 1 x 97 52 36 KNIPEX PreciForce\u00ae S\u0131kma Pense (0,5 \u2013 6,0 mm\u00b2), 25 x  KNIPEX U\u00e7 uca birle\u015ftiricisi, izoleli sar\u0131 (25 x 4,0-6,0 mm\u00b2), 25 x  KNIPEX U\u00e7 uca birle\u015ftiricisi, izoleli mavi (25 x 1,5-2,5 mm\u00b2), 25 x  KNIPEX U\u00e7 uca birle\u015ftiricisi, izoleli k\u0131rm\u0131z\u0131 (25 x 0,5-1 mm\u00b2), 25 x  KNIPEX Kablo pabucu, yuvarlak tip \u00d8 8 mm (25 x 4,0-6,0 mm\u00b2), 25 x  KNIPEX Kablo pabucu, yuvarlak tip \u00d8 6 mm (25 x 1,5-2,5 mm\u00b2), 25 x  KNIPEX Kablo pabucu, yuvarlak tip \u00d8 5 mm (25 x 1,5-2,5 mm\u00b2), 25 x  KNIPEX Kablo pabucu, yuvarlak tip \u00d8 4 mm (1,5-2,5 mm\u00b2), 25 x  KNIPEX Kablo pabucu, yuvarlak tip \u00d8 5 mm (25 x 0,5-1 mm\u00b2), 25 x  KNIPEX Kablo pabucu, yuvarlak tip \u00d8 4 mm (25 x 0,5-1 mm\u00b2), 25 x  KNIPEX Di\u015fi kablo pabucu 6,3&#215;0,8 mm (25 x 1,5-2,5 mm\u00b2), 25 x  KNIPEX Di\u015fi kablo pabucu 6,3&#215;0,8 mm (25 x 0,5-1 mm\u00b2), 25 x  KNIPEX Kablo pabucu, yuvarlak tip \u00d8 6 mm (25 x 4,0-6,0 mm\u00b2),<\/p>\n","protected":false},"featured_media":9530,"comment_status":"open","ping_status":"closed","template":"","meta":{"_acf_changed":false},"product_brand":[1486],"product_cat":[852],"product_tag":[],"class_list":{"0":"post-9032","1":"product","2":"type-product","3":"status-publish","4":"has-post-thumbnail","6":"product_brand-knipex","7":"product_cat-kablo-yuksuk-ve-pabuc-sikmalar","9":"first","10":"outofstock","11":"taxable","12":"shipping-taxable","13":"purchasable","14":"product-type-simple","15":"add-to-wishlist-after_add_to_cart"},"acf":[],"_links":{"self":[{"href":"https:\/\/www.makitamarket.com.tr\/site\/wp-json\/wp\/v2\/product\/9032","targetHints":{"allow":["GET"]}}],"collection":[{"href":"https:\/\/www.makitamarket.com.tr\/site\/wp-json\/wp\/v2\/product"}],"about":[{"href":"https:\/\/www.makitamarket.com.tr\/site\/wp-json\/wp\/v2\/types\/product"}],"replies":[{"embeddable":true,"href":"https:\/\/www.makitamarket.com.tr\/site\/wp-json\/wp\/v2\/comments?post=9032"}],"wp:featuredmedia":[{"embeddable":true,"href":"https:\/\/www.makitamarket.com.tr\/site\/wp-json\/wp\/v2\/media\/9530"}],"wp:attachment":[{"href":"https:\/\/www.makitamarket.com.tr\/site\/wp-json\/wp\/v2\/media?parent=9032"}],"wp:term":[{"taxonomy":"product_brand","embeddable":true,"href":"https:\/\/www.makitamarket.com.tr\/site\/wp-json\/wp\/v2\/product_brand?post=9032"},{"taxonomy":"product_cat","embeddable":true,"href":"https:\/\/www.makitamarket.com.tr\/site\/wp-json\/wp\/v2\/product_cat?post=9032"},{"taxonomy":"product_tag","embeddable":true,"href":"https:\/\/www.makitamarket.com.tr\/site\/wp-json\/wp\/v2\/product_tag?post=9032"}],"curies":[{"name":"wp","href":"https:\/\/api.w.org\/{rel}","templated":true}]}}