{"id":9036,"date":"2024-11-27T19:50:29","date_gmt":"2024-11-27T16:50:29","guid":{"rendered":"https:\/\/www.makitamarket.com.tr\/site\/urun\/makita-darbeli-vidalama-18v\/"},"modified":"2026-03-30T07:51:26","modified_gmt":"2026-03-30T04:51:26","slug":"makita-darbeli-vidalama-18v","status":"publish","type":"product","link":"https:\/\/www.makitamarket.com.tr\/site\/urun\/makita-darbeli-vidalama-18v\/","title":{"rendered":"Makita DTD153Z DARBEL\u0130 V\u0130DALAMA 18V"},"content":{"rendered":"<p>Model DTD153Z<\/p>\n<p>Darbeli Matkap Vidalama \u00bd\u201d<\/p>\n<p><span style=\"color: red;\">Kullan\u0131m amac\u0131: <\/span>Bu alet, ah\u015fap,metal ve plastik malzemede vidalama i\u015flemleri i\u00e7in tasarlanm\u0131\u015ft\u0131r. <\/p>\n<p>18V \u2022 1\/4&#8243; \u2022 170 Nm \u2022 0 \u2013 3 400 dak\u207b\u00b9<\/p>\n<p><span style=\"color: rgb(0, 112, 192);\">Ekstra kompakt k\u00f6m\u00fcrs\u00fcz darbeli matkap vidalama <\/span><\/p>\n<p>Kompakt ve hafif k\u00f6m\u00fcrs\u00fcz darbeli matkap vidalama. 170 Nm&#8217;lik maksimum s\u0131kma torku sunan, k\u00fc\u00e7\u00fck ve hafif bir alettir. <\/p>\n<p><u>\u00d6zellikleri:<\/u><\/p>\n<p>LXT,BL MOTOR,XPT<\/p>\n<p>LXT(Lithium-ion Xtreme Technology); Makita&#8217;n\u0131n elektrikli el aletlerinde lityum iyon pil teknolojisini kullanmas\u0131. LXT serisi, geleneksel ak\u00fclere k\u0131yasla daha uzun ak\u00fc \u00f6mr\u00fc, daha h\u0131zl\u0131 \u015farj s\u00fcreleri ve genel olarak geli\u015fmi\u015f performans sa\u011flamas\u0131yla bilinir.<\/p>\n<p>BL Motor\/K\u00f6m\u00fcrs\u00fcz Motor mevcuttur. K\u00f6m\u00fcrs\u00fcz motor sayesinde \u00e7al\u0131\u015fma esnas\u0131nda olu\u015fan \u0131s\u0131 enerjisi kaybolmaz ve makinenin g\u00fcc\u00fcne iletilir.<\/p>\n<p>XPT(Ekstra Koruma Teknolojisi) sayesinde nemli ve ya\u011fmurlu ortamlarda kullan\u0131labilir. D\u00fc\u015fmeye kar\u015f\u0131 ekstra dayan\u0131kl\u0131d\u0131r.<\/p>\n<ol>\n<li data-list=\"ordered\"><span class=\"ql-ui\" contenteditable=\"false\"><\/span>De\u011fi\u015fken h\u0131z \u00f6zelli\u011fi vard\u0131r.<\/li>\n<li data-list=\"ordered\"><span class=\"ql-ui\" contenteditable=\"false\"><\/span>Elektrik freni mevcuttur.<\/li>\n<li data-list=\"ordered\"><span class=\"ql-ui\" contenteditable=\"false\"><\/span><span style=\"color: black;\">Sa\u011f-sol d\u00f6n\u00fc\u015f ayarl\u0131d\u0131r.<\/span><\/li>\n<li data-list=\"ordered\"><span class=\"ql-ui\" contenteditable=\"false\"><\/span>Led \u0131\u015f\u0131\u011f\u0131 vard\u0131r.<\/li>\n<li data-list=\"ordered\"><span class=\"ql-ui\" contenteditable=\"false\"><\/span>Plastik ta\u015f\u0131ma \u00e7antal\u0131d\u0131r.<\/li>\n<\/ol>\n<p><span style=\"color: red;\">Ambalaj i\u00e7eri\u011finde ak\u00fc ve ak\u00fc \u015farj cihaz\u0131 bulunmamaktad\u0131r.<\/span><\/p>\n<p>3.0\/4.0\/5.0Ah\/6.0Ah ak\u00fcl\u00fclerle uyumludur.<\/p>\n<p><\/p>\n<table>\n<tr>\n<td>Kapasite<\/td>\n<td>Makina vidas\u0131:M4-M8, Standart civata:M5-M16, Kaba di\u015fli vida(uzunluk):22-125mm, Y\u00fcksek germeli civata: M5-M14<\/td>\n<\/tr>\n<tr>\n<td>Bo\u015fta Devir<\/td>\n<td>0-3.400 devir\/dk<\/td>\n<\/tr>\n<tr>\n<td>Maksimum Tork<\/td>\n<td>170N.m<\/td>\n<\/tr>\n<tr>\n<td>Net A\u011f\u0131rl\u0131k<\/td>\n<td>1.3kg<\/td>\n<\/tr>\n<tr>\n<td>G\u00fc\u00e7-Kapasite<\/td>\n<td>18V\/Li-ion<\/td>\n<\/tr>\n<tr>\n<td>Mandren<\/td>\n<td>1\/2&#8243;<\/td>\n<\/tr>\n<\/table>\n","protected":false},"excerpt":{"rendered":"<p>Model DTD153Z<\/p>\n<p>Darbeli Matkap Vidalama \u00bd\u201d<\/p>\n<p><span style=\"color: red;\">Kullan\u0131m amac\u0131: <\/span>Bu alet, ah\u015fap,metal ve plastik malzemede vidalama i\u015flemleri i\u00e7in tasarlanm\u0131\u015ft\u0131r. <\/p>\n<p>18V \u2022 1\/4&#8243; \u2022 170 Nm \u2022 0 \u2013 3 400 dak\u207b\u00b9<\/p>\n<p><span style=\"color: rgb(0, 112, 192);\">Ekstra kompakt k\u00f6m\u00fcrs\u00fcz darbeli matkap vidalama <\/span><\/p>\n<p>Kompakt ve hafif k\u00f6m\u00fcrs\u00fcz darbeli matkap vidalama. 170 Nm&#8217;lik maksimum s\u0131kma torku sunan, k\u00fc\u00e7\u00fck ve hafif bir alettir. <\/p>\n<p><u>\u00d6zellikleri:<\/u><\/p>\n<p>LXT,BL MOTOR,XPT<\/p>\n<p>LXT(Lithium-ion Xtreme Technology); Makita&#8217;n\u0131n elektrikli el aletlerinde lityum iyon pil teknolojisini kullanmas\u0131. LXT serisi, geleneksel ak\u00fclere k\u0131yasla daha uzun ak\u00fc \u00f6mr\u00fc, daha h\u0131zl\u0131 \u015farj s\u00fcreleri ve genel olarak geli\u015fmi\u015f performans sa\u011flamas\u0131yla bilinir.<\/p>\n<p>BL Motor\/K\u00f6m\u00fcrs\u00fcz Motor mevcuttur. K\u00f6m\u00fcrs\u00fcz motor sayesinde \u00e7al\u0131\u015fma esnas\u0131nda olu\u015fan \u0131s\u0131 enerjisi kaybolmaz ve makinenin g\u00fcc\u00fcne iletilir.<\/p>\n<p>XPT(Ekstra Koruma Teknolojisi) sayesinde nemli ve ya\u011fmurlu ortamlarda kullan\u0131labilir. D\u00fc\u015fmeye kar\u015f\u0131 ekstra dayan\u0131kl\u0131d\u0131r.<\/p>\n<ol>\n<li data-list=\"ordered\"><span class=\"ql-ui\" contenteditable=\"false\"><\/span>De\u011fi\u015fken h\u0131z \u00f6zelli\u011fi vard\u0131r.<\/li>\n<li data-list=\"ordered\"><span class=\"ql-ui\" contenteditable=\"false\"><\/span>Elektrik freni mevcuttur.<\/li>\n<li data-list=\"ordered\"><span class=\"ql-ui\" contenteditable=\"false\"><\/span><span style=\"color: black;\">Sa\u011f-sol d\u00f6n\u00fc\u015f ayarl\u0131d\u0131r.<\/span><\/li>\n<li data-list=\"ordered\"><span class=\"ql-ui\" contenteditable=\"false\"><\/span>Led \u0131\u015f\u0131\u011f\u0131 vard\u0131r.<\/li>\n<li data-list=\"ordered\"><span class=\"ql-ui\" contenteditable=\"false\"><\/span>Plastik ta\u015f\u0131ma \u00e7antal\u0131d\u0131r.<\/li>\n<\/ol>\n<p><span style=\"color: red;\">Ambalaj i\u00e7eri\u011finde ak\u00fc ve ak\u00fc \u015farj cihaz\u0131 bulunmamaktad\u0131r.<\/span><\/p>\n<p>3.0\/4.0\/5.0Ah\/6.0Ah ak\u00fcl\u00fclerle uyumludur.<\/p>\n<p><\/p>\n","protected":false},"featured_media":10693,"comment_status":"open","ping_status":"closed","template":"","meta":{"_acf_changed":false},"product_brand":[1485],"product_cat":[738],"product_tag":[],"class_list":{"0":"post-9036","1":"product","2":"type-product","3":"status-publish","4":"has-post-thumbnail","6":"product_brand-makita","7":"product_cat-z-serisi-solo-urunler","9":"first","10":"instock","11":"taxable","12":"shipping-taxable","13":"purchasable","14":"product-type-simple","15":"add-to-wishlist-after_add_to_cart"},"acf":[],"_links":{"self":[{"href":"https:\/\/www.makitamarket.com.tr\/site\/wp-json\/wp\/v2\/product\/9036","targetHints":{"allow":["GET"]}}],"collection":[{"href":"https:\/\/www.makitamarket.com.tr\/site\/wp-json\/wp\/v2\/product"}],"about":[{"href":"https:\/\/www.makitamarket.com.tr\/site\/wp-json\/wp\/v2\/types\/product"}],"replies":[{"embeddable":true,"href":"https:\/\/www.makitamarket.com.tr\/site\/wp-json\/wp\/v2\/comments?post=9036"}],"wp:featuredmedia":[{"embeddable":true,"href":"https:\/\/www.makitamarket.com.tr\/site\/wp-json\/wp\/v2\/media\/10693"}],"wp:attachment":[{"href":"https:\/\/www.makitamarket.com.tr\/site\/wp-json\/wp\/v2\/media?parent=9036"}],"wp:term":[{"taxonomy":"product_brand","embeddable":true,"href":"https:\/\/www.makitamarket.com.tr\/site\/wp-json\/wp\/v2\/product_brand?post=9036"},{"taxonomy":"product_cat","embeddable":true,"href":"https:\/\/www.makitamarket.com.tr\/site\/wp-json\/wp\/v2\/product_cat?post=9036"},{"taxonomy":"product_tag","embeddable":true,"href":"https:\/\/www.makitamarket.com.tr\/site\/wp-json\/wp\/v2\/product_tag?post=9036"}],"curies":[{"name":"wp","href":"https:\/\/api.w.org\/{rel}","templated":true}]}}