{"id":9079,"date":"2024-11-27T19:50:51","date_gmt":"2024-11-27T16:50:51","guid":{"rendered":"https:\/\/www.makitamarket.com.tr\/site\/urun\/biglift-hizli-transpalet\/"},"modified":"2026-04-06T12:35:51","modified_gmt":"2026-04-06T09:35:51","slug":"biglift-hizli-transpalet","status":"publish","type":"product","link":"https:\/\/www.makitamarket.com.tr\/site\/urun\/biglift-hizli-transpalet\/","title":{"rendered":"Biglift RM-ACF20L HIZLI TRANSPALET"},"content":{"rendered":"<p>Standart transpaletlere k\u0131yasla, daha h\u0131zl\u0131 kald\u0131rma ve indirme \u00f6zelliklerine sahiptir.2000 kg kald\u0131rma kapasitesiyle dar alanlarda rahat\u00e7a kullan\u0131labilecek \u015fekilde tasarlanm\u0131\u015f olup, h\u0131zl\u0131 ve kolay manevra yapmay\u0131 sa\u011flar.<\/p>\n<table>\n<tr>\n<td>Kald\u0131rma Kapasitesi<\/td>\n<td>2000<\/td>\n<\/tr>\n<tr>\n<td>Min \u00c7atal Y\u00fcksekli\u011fi<\/td>\n<td>75<\/td>\n<\/tr>\n<tr>\n<td>Max \u00c7atal Y\u00fcksekli\u011fi<\/td>\n<td>190<\/td>\n<\/tr>\n<tr>\n<td>Y\u00f6n Tekerle\u011fi<\/td>\n<td>180&#215;50<\/td>\n<\/tr>\n<tr>\n<td>Y\u00fck Tekerle\u011fi<\/td>\n<td>74&#215;70<\/td>\n<\/tr>\n<tr>\n<td>\u00c7atal \u00d6l\u00e7\u00fcs\u00fc<\/td>\n<td>160&#215;50<\/td>\n<\/tr>\n<tr>\n<td>\u00c7atal Boyu<\/td>\n<td>1150<\/td>\n<\/tr>\n<tr>\n<td>\u00c7atal Geni\u015fli\u011fi<\/td>\n<td>540<\/td>\n<\/tr>\n<\/table>\n","protected":false},"excerpt":{"rendered":"<p>Standart transpaletlere k\u0131yasla, daha h\u0131zl\u0131 kald\u0131rma ve indirme \u00f6zelliklerine sahiptir.2000 kg kald\u0131rma kapasitesiyle dar alanlarda rahat\u00e7a kullan\u0131labilecek \u015fekilde tasarlanm\u0131\u015f olup, h\u0131zl\u0131 ve kolay manevra yapmay\u0131 sa\u011flar.<\/p>\n","protected":false},"featured_media":9078,"comment_status":"open","ping_status":"closed","template":"","meta":{"_acf_changed":false},"product_brand":[1490],"product_cat":[746],"product_tag":[],"class_list":{"0":"post-9079","1":"product","2":"type-product","3":"status-publish","4":"has-post-thumbnail","6":"product_brand-biglift","7":"product_cat-transpaletler","9":"first","10":"instock","11":"taxable","12":"shipping-taxable","13":"purchasable","14":"product-type-simple","15":"add-to-wishlist-after_add_to_cart"},"acf":[],"_links":{"self":[{"href":"https:\/\/www.makitamarket.com.tr\/site\/wp-json\/wp\/v2\/product\/9079","targetHints":{"allow":["GET"]}}],"collection":[{"href":"https:\/\/www.makitamarket.com.tr\/site\/wp-json\/wp\/v2\/product"}],"about":[{"href":"https:\/\/www.makitamarket.com.tr\/site\/wp-json\/wp\/v2\/types\/product"}],"replies":[{"embeddable":true,"href":"https:\/\/www.makitamarket.com.tr\/site\/wp-json\/wp\/v2\/comments?post=9079"}],"wp:featuredmedia":[{"embeddable":true,"href":"https:\/\/www.makitamarket.com.tr\/site\/wp-json\/wp\/v2\/media\/9078"}],"wp:attachment":[{"href":"https:\/\/www.makitamarket.com.tr\/site\/wp-json\/wp\/v2\/media?parent=9079"}],"wp:term":[{"taxonomy":"product_brand","embeddable":true,"href":"https:\/\/www.makitamarket.com.tr\/site\/wp-json\/wp\/v2\/product_brand?post=9079"},{"taxonomy":"product_cat","embeddable":true,"href":"https:\/\/www.makitamarket.com.tr\/site\/wp-json\/wp\/v2\/product_cat?post=9079"},{"taxonomy":"product_tag","embeddable":true,"href":"https:\/\/www.makitamarket.com.tr\/site\/wp-json\/wp\/v2\/product_tag?post=9079"}],"curies":[{"name":"wp","href":"https:\/\/api.w.org\/{rel}","templated":true}]}}