{"id":9092,"date":"2024-11-27T19:50:55","date_gmt":"2024-11-27T16:50:55","guid":{"rendered":"https:\/\/www.makitamarket.com.tr\/site\/urun\/mapa-kimyasal-koruma-eldiveni-no-9-9-5\/"},"modified":"2026-03-30T08:21:38","modified_gmt":"2026-03-30T05:21:38","slug":"mapa-kimyasal-koruma-eldiveni-no-9-9-5","status":"publish","type":"product","link":"https:\/\/www.makitamarket.com.tr\/site\/urun\/mapa-kimyasal-koruma-eldiveni-no-9-9-5\/","title":{"rendered":"Mapa ULTRANITRIL480 K\u0130MYASAL KORUMA ELD\u0130VEN\u0130 NO: 9 &#8211; 9.5"},"content":{"rendered":"<div>\n\t<strong>Kullan\u0131m Alanlar\u0131:<\/strong><\/div>\n<div>\n\t\u00a0<\/div>\n<div style=\"color: rgb(34, 34, 34); font-family: Arial, Verdana, sans-serif; font-size: 12px; background-color: rgb(255, 255, 255);\">\n<div>\n\t\tOtomotiv \/ Makina End\u00fcstrisi:<\/div>\n<div>\n\t\tAgresif \u00e7\u00f6z\u00fcc\u00fclerle metal i\u015fleme \/ ya\u011f temizli\u011fi<\/div>\n<div>\n\t\t\u00a0<\/div>\n<div>\n\t\tKimya End\u00fcstrisi:<\/div>\n<div>\n\t\tKimyasal \u00fcr\u00fcnlerin kaplar\u0131n\u0131 tutma<\/div>\n<div>\n\t\t\u00a0<\/div>\n<div>\n\t\tDi\u011fer Sekt\u00f6rler:<\/div>\n<div>\n\t\t\u0130la\u00e7lama uygulamas\u0131<\/div>\n<div>\n\t\tBask\u0131 rulo temizli\u011fi<\/div>\n<div>\n\t\tBak\u0131m<\/div>\n<div>\n\t\tKereste i\u015fleme ve bitirme i\u015fleri<\/div>\n<\/div>\n<table>\n<tr>\n<td>Koli Miktar\u0131<\/td>\n<td>12 \u00c7ift<\/td>\n<\/tr>\n<tr>\n<td>Kaplama<\/td>\n<td>Nitril<\/td>\n<\/tr>\n<tr>\n<td>Tan\u0131m<\/td>\n<td>\u00c7ok uzun s\u00fcreli kimyasal koruma<\/td>\n<\/tr>\n<tr>\n<td>\u00d6l\u00e7\u00fc<\/td>\n<td>9 &#8211; 9.5<\/td>\n<\/tr>\n<tr>\n<td>Uzunluk \/ Kal\u0131nl\u0131k<\/td>\n<td>46cm \/ 0,55mm<\/td>\n<\/tr>\n<tr>\n<td>Standard\u0131<\/td>\n<td>EN 388 &#8211; 4102X<\/td>\n<\/tr>\n<tr>\n<td>Standard\u0131<\/td>\n<td>EN 374-1 &#8211; AJKOPT<\/td>\n<\/tr>\n<tr>\n<td>Standard\u0131<\/td>\n<td>EN 374-5<\/td>\n<\/tr>\n<tr>\n<td>Standard\u0131<\/td>\n<td>EN 420 &#8211; CAT3<\/td>\n<\/tr>\n<tr>\n<td>\u0130\u00e7 \/ D\u0131\u015f Y\u00fczey<\/td>\n<td>Pamuk hav\u0131 emdirilmi\u015f \/ Kabartma doku<\/td>\n<\/tr>\n<\/table>\n","protected":false},"excerpt":{"rendered":"<div>\n\t<strong>Kullan\u0131m Alanlar\u0131:<\/strong><\/div>\n<div>\n\t\u00a0<\/div>\n<div style=\"color: rgb(34, 34, 34); font-family: Arial, Verdana, sans-serif; font-size: 12px; background-color: rgb(255, 255, 255);\">\n<div>\n\t\tOtomotiv \/ Makina End\u00fcstrisi:<\/div>\n<div>\n\t\tAgresif \u00e7\u00f6z\u00fcc\u00fclerle metal i\u015fleme \/ ya\u011f temizli\u011fi<\/div>\n<div>\n\t\t\u00a0<\/div>\n<div>\n\t\tKimya End\u00fcstrisi:<\/div>\n<div>\n\t\tKimyasal \u00fcr\u00fcnlerin kaplar\u0131n\u0131 tutma<\/div>\n<div>\n\t\t\u00a0<\/div>\n<div>\n\t\tDi\u011fer Sekt\u00f6rler:<\/div>\n<div>\n\t\t\u0130la\u00e7lama uygulamas\u0131<\/div>\n<div>\n\t\tBask\u0131 rulo temizli\u011fi<\/div>\n<div>\n\t\tBak\u0131m<\/div>\n<div>\n\t\tKereste i\u015fleme ve bitirme i\u015fleri<\/div>\n<\/div>\n","protected":false},"featured_media":12557,"comment_status":"open","ping_status":"closed","template":"","meta":{"_acf_changed":false},"product_brand":[1521],"product_cat":[708],"product_tag":[],"class_list":{"0":"post-9092","1":"product","2":"type-product","3":"status-publish","4":"has-post-thumbnail","6":"product_brand-mapa","7":"product_cat-el-koruyucular","9":"first","10":"outofstock","11":"taxable","12":"shipping-taxable","13":"purchasable","14":"product-type-simple","15":"add-to-wishlist-after_add_to_cart"},"acf":[],"_links":{"self":[{"href":"https:\/\/www.makitamarket.com.tr\/site\/wp-json\/wp\/v2\/product\/9092","targetHints":{"allow":["GET"]}}],"collection":[{"href":"https:\/\/www.makitamarket.com.tr\/site\/wp-json\/wp\/v2\/product"}],"about":[{"href":"https:\/\/www.makitamarket.com.tr\/site\/wp-json\/wp\/v2\/types\/product"}],"replies":[{"embeddable":true,"href":"https:\/\/www.makitamarket.com.tr\/site\/wp-json\/wp\/v2\/comments?post=9092"}],"wp:featuredmedia":[{"embeddable":true,"href":"https:\/\/www.makitamarket.com.tr\/site\/wp-json\/wp\/v2\/media\/12557"}],"wp:attachment":[{"href":"https:\/\/www.makitamarket.com.tr\/site\/wp-json\/wp\/v2\/media?parent=9092"}],"wp:term":[{"taxonomy":"product_brand","embeddable":true,"href":"https:\/\/www.makitamarket.com.tr\/site\/wp-json\/wp\/v2\/product_brand?post=9092"},{"taxonomy":"product_cat","embeddable":true,"href":"https:\/\/www.makitamarket.com.tr\/site\/wp-json\/wp\/v2\/product_cat?post=9092"},{"taxonomy":"product_tag","embeddable":true,"href":"https:\/\/www.makitamarket.com.tr\/site\/wp-json\/wp\/v2\/product_tag?post=9092"}],"curies":[{"name":"wp","href":"https:\/\/api.w.org\/{rel}","templated":true}]}}