{"id":9132,"date":"2024-11-27T19:51:17","date_gmt":"2024-11-27T16:51:17","guid":{"rendered":"https:\/\/www.makitamarket.com.tr\/site\/urun\/makita-kartus-tip-silikon-tabancasi-12v\/"},"modified":"2026-03-30T07:25:25","modified_gmt":"2026-03-30T04:25:25","slug":"makita-kartus-tip-silikon-tabancasi-12v","status":"publish","type":"product","link":"https:\/\/www.makitamarket.com.tr\/site\/urun\/makita-kartus-tip-silikon-tabancasi-12v\/","title":{"rendered":"Makita CG100DWAEA KARTU\u015e T\u0130P S\u0130L\u0130KON TABANCASI 12V"},"content":{"rendered":"<p><span style=\"background-color: white; color: rgb(33, 37, 41);\">Model CG100DWAEA<\/span><\/p>\n<p><span style=\"background-color: white; color: rgb(33, 37, 41);\">Silikon Tabanca<\/span><\/p>\n<p><span style=\"background-color: white; color: rgb(33, 37, 41);\">Kartu\u015f tip<\/span><\/p>\n<p><span style=\"background-color: white; color: rgb(33, 37, 41);\">12Vmax \u2022 310 ml \u2022 1.9 kg<\/span><\/p>\n<p><span style=\"background-color: white; color: rgb(0, 112, 192);\">Silikon ve yap\u0131\u015ft\u0131r\u0131c\u0131lar i\u00e7in profesyonel kullan\u0131ml\u0131 bir Silikon Tabanca<\/span><\/p>\n<p><span style=\"background-color: white; color: rgb(33, 37, 41);\">Silikon tabancas\u0131 hafif ve kompakt alettir. \u00c7al\u0131\u015fma prensibi ise silikonun \u0131s\u0131t\u0131l\u0131p eritilmesiyle, silikon yap\u0131\u015fkan forma gelir ve yap\u0131\u015ft\u0131rmak i\u00e7in ideal bir se\u00e7imdir. Silikon tabanca sayesinde \u00e7e\u015fitli malzemeler birbiri ile kolayca yap\u0131\u015ft\u0131r\u0131l\u0131r.Kartu\u015f tip modeli silikon tabancas\u0131n\u0131n maksimum iti\u015f g\u00fcc\u00fc 5.000N, bo\u015fta deviri ise 0-28 mm\/sn\u2019dir.<\/span><\/p>\n<p><span style=\"background-color: white; color: red;\">Kullan\u0131m amac\u0131: <\/span><span style=\"background-color: white; color: rgb(33, 37, 41);\">Bu alet y\u00fczeye derz malzemesi uygulamak i\u00e7in tasarlanm\u0131\u015ft\u0131r.<\/span><\/p>\n<p><u>\u00d6zellikleri:<\/u><\/p>\n<p><span style=\"background-color: white; color: rgb(33, 37, 41);\">12V max Lithium-ion,CXT,\u00c7ift Ak\u00fcl\u00fc<\/span><\/p>\n<p>Li-ion;Bataryan\u0131n daha verimli \u00e7al\u0131\u015fmas\u0131n\u0131 sa\u011flayan teknolojidir.<\/p>\n<p>CXT(Compact Extreme Technology); 12V Max CXT serisi, \u00fcst\u00fcn makine g\u00fcc\u00fc performans\u0131n\u0131 m\u00fcmk\u00fcn olan en k\u00fc\u00e7\u00fck makine profiline entegre eder.<\/p>\n<ol>\n<li data-list=\"bullet\"><span class=\"ql-ui\" contenteditable=\"false\"><\/span>De\u011fi\u015fken h\u0131z \u00f6zelli\u011fine sahiptir.<\/li>\n<li data-list=\"bullet\"><span class=\"ql-ui\" contenteditable=\"false\"><\/span>Led \u0131\u015f\u0131\u011f\u0131 vard\u0131r.<\/li>\n<li data-list=\"bullet\"><span class=\"ql-ui\" contenteditable=\"false\"><\/span><span style=\"color: rgb(33, 37, 41);\">Plastik ta\u015f\u0131ma \u00e7antal\u0131d\u0131r.<\/span><\/li>\n<\/ol>\n<p><span style=\"background-color: white; color: rgb(33, 37, 41);\">Ambalaj i\u00e7eri\u011fi: 454275-7 300 ml kartu\u015f haznesi<\/span><\/p>\n<table>\n<tr>\n<td>Maks. \u0130ti\u015f G\u00fcc\u00fc<\/td>\n<td>5.000 N<\/td>\n<\/tr>\n<tr>\n<td>Bo\u015fta Devir<\/td>\n<td>0-28 mm\/sn<\/td>\n<\/tr>\n<tr>\n<td>Net A\u011f\u0131rl\u0131k<\/td>\n<td>1.9kg<\/td>\n<\/tr>\n<tr>\n<td>G\u00fc\u00e7-Kapasite<\/td>\n<td>12V\/2.0Ah\/Li-on<\/td>\n<\/tr>\n<tr>\n<td>Ak\u00fc \/ \u015earj Cihaz\u0131<\/td>\n<td>BL1021B\/DC10WC<\/td>\n<\/tr>\n<\/table>\n","protected":false},"excerpt":{"rendered":"<p><span style=\"background-color: white; color: rgb(33, 37, 41);\">Model CG100DWAEA<\/span><\/p>\n<p><span style=\"background-color: white; color: rgb(33, 37, 41);\">Silikon Tabanca<\/span><\/p>\n<p><span style=\"background-color: white; color: rgb(33, 37, 41);\">Kartu\u015f tip<\/span><\/p>\n<p><span style=\"background-color: white; color: rgb(33, 37, 41);\">12Vmax \u2022 310 ml \u2022 1.9 kg<\/span><\/p>\n<p><span style=\"background-color: white; color: rgb(0, 112, 192);\">Silikon ve yap\u0131\u015ft\u0131r\u0131c\u0131lar i\u00e7in profesyonel kullan\u0131ml\u0131 bir Silikon Tabanca<\/span><\/p>\n<p><span style=\"background-color: white; color: rgb(33, 37, 41);\">Silikon tabancas\u0131 hafif ve kompakt alettir. \u00c7al\u0131\u015fma prensibi ise silikonun \u0131s\u0131t\u0131l\u0131p eritilmesiyle, silikon yap\u0131\u015fkan forma gelir ve yap\u0131\u015ft\u0131rmak i\u00e7in ideal bir se\u00e7imdir. Silikon tabanca sayesinde \u00e7e\u015fitli malzemeler birbiri ile kolayca yap\u0131\u015ft\u0131r\u0131l\u0131r.Kartu\u015f tip modeli silikon tabancas\u0131n\u0131n maksimum iti\u015f g\u00fcc\u00fc 5.000N, bo\u015fta deviri ise 0-28 mm\/sn\u2019dir.<\/span><\/p>\n<p><span style=\"background-color: white; color: red;\">Kullan\u0131m amac\u0131: <\/span><span style=\"background-color: white; color: rgb(33, 37, 41);\">Bu alet y\u00fczeye derz malzemesi uygulamak i\u00e7in tasarlanm\u0131\u015ft\u0131r.<\/span><\/p>\n<p><u>\u00d6zellikleri:<\/u><\/p>\n<p><span style=\"background-color: white; color: rgb(33, 37, 41);\">12V max Lithium-ion,CXT,\u00c7ift Ak\u00fcl\u00fc<\/span><\/p>\n<p>Li-ion;Bataryan\u0131n daha verimli \u00e7al\u0131\u015fmas\u0131n\u0131 sa\u011flayan teknolojidir.<\/p>\n<p>CXT(Compact Extreme Technology); 12V Max CXT serisi, \u00fcst\u00fcn makine g\u00fcc\u00fc performans\u0131n\u0131 m\u00fcmk\u00fcn olan en k\u00fc\u00e7\u00fck makine profiline entegre eder.<\/p>\n<ol>\n<li data-list=\"bullet\"><span class=\"ql-ui\" contenteditable=\"false\"><\/span>De\u011fi\u015fken h\u0131z \u00f6zelli\u011fine sahiptir.<\/li>\n<li data-list=\"bullet\"><span class=\"ql-ui\" contenteditable=\"false\"><\/span>Led \u0131\u015f\u0131\u011f\u0131 vard\u0131r.<\/li>\n<li data-list=\"bullet\"><span class=\"ql-ui\" contenteditable=\"false\"><\/span><span style=\"color: rgb(33, 37, 41);\">Plastik ta\u015f\u0131ma \u00e7antal\u0131d\u0131r.<\/span><\/li>\n<\/ol>\n<p><span style=\"background-color: white; color: rgb(33, 37, 41);\">Ambalaj i\u00e7eri\u011fi: 454275-7 300 ml kartu\u015f haznesi<\/span><\/p>\n","protected":false},"featured_media":9131,"comment_status":"open","ping_status":"closed","template":"","meta":{"_acf_changed":false},"product_brand":[1485],"product_cat":[921],"product_tag":[],"class_list":{"0":"post-9132","1":"product","2":"type-product","3":"status-publish","4":"has-post-thumbnail","6":"product_brand-makita","7":"product_cat-12-volt","9":"first","10":"instock","11":"taxable","12":"shipping-taxable","13":"purchasable","14":"product-type-simple","15":"add-to-wishlist-after_add_to_cart"},"acf":[],"_links":{"self":[{"href":"https:\/\/www.makitamarket.com.tr\/site\/wp-json\/wp\/v2\/product\/9132","targetHints":{"allow":["GET"]}}],"collection":[{"href":"https:\/\/www.makitamarket.com.tr\/site\/wp-json\/wp\/v2\/product"}],"about":[{"href":"https:\/\/www.makitamarket.com.tr\/site\/wp-json\/wp\/v2\/types\/product"}],"replies":[{"embeddable":true,"href":"https:\/\/www.makitamarket.com.tr\/site\/wp-json\/wp\/v2\/comments?post=9132"}],"wp:featuredmedia":[{"embeddable":true,"href":"https:\/\/www.makitamarket.com.tr\/site\/wp-json\/wp\/v2\/media\/9131"}],"wp:attachment":[{"href":"https:\/\/www.makitamarket.com.tr\/site\/wp-json\/wp\/v2\/media?parent=9132"}],"wp:term":[{"taxonomy":"product_brand","embeddable":true,"href":"https:\/\/www.makitamarket.com.tr\/site\/wp-json\/wp\/v2\/product_brand?post=9132"},{"taxonomy":"product_cat","embeddable":true,"href":"https:\/\/www.makitamarket.com.tr\/site\/wp-json\/wp\/v2\/product_cat?post=9132"},{"taxonomy":"product_tag","embeddable":true,"href":"https:\/\/www.makitamarket.com.tr\/site\/wp-json\/wp\/v2\/product_tag?post=9132"}],"curies":[{"name":"wp","href":"https:\/\/api.w.org\/{rel}","templated":true}]}}