{"id":9148,"date":"2024-11-27T19:51:28","date_gmt":"2024-11-27T16:51:28","guid":{"rendered":"https:\/\/www.makitamarket.com.tr\/site\/urun\/makita-kalipci-taslama-18v\/"},"modified":"2025-11-16T04:46:05","modified_gmt":"2025-11-16T01:46:05","slug":"makita-kalipci-taslama-18v","status":"publish","type":"product","link":"https:\/\/www.makitamarket.com.tr\/site\/urun\/makita-kalipci-taslama-18v\/","title":{"rendered":"Makita GD800RFE KALIP\u00c7I TA\u015eLAMA 18V"},"content":{"rendered":"<p><span style=\"color: rgb(33, 37, 41);\">Model DGD800RFE<\/span><\/p>\n<p><span style=\"color: rgb(33, 37, 41);\">Kal\u0131p\u00e7\u0131 Ta\u015flama<\/span><\/p>\n<p>18V \u2022 26 000 dak\u207b\u00b9 \u2022 8 mm<\/p>\n<p><span style=\"color: rgb(0, 112, 192);\">Uzun g\u00f6vdeli Kal\u0131p\u00e7\u0131 Ta\u015flama Makinesi <\/span><\/p>\n<p>8 mm pensli ince, hafif bir kal\u0131p ta\u015flama makinesi modeli. Bu kal\u0131p ta\u015flama makinesi, \u00e7apak giderme ve metal kap\u0131lar\u0131n son i\u015flemleri dahil olmak \u00fczere k\u00fc\u00e7\u00fck \u00f6l\u00e7ekli ta\u015flama i\u00e7in uygundur. Dakikada 26.000 bo\u015fta devire sahiptir.<\/p>\n<p><span style=\"color: red;\">Kullan\u0131m amac\u0131: <\/span><span style=\"color: rgb(33, 37, 41);\">Bu alet demir malzemelerin ta\u015flanmas\u0131 veya kal\u0131p \u00e7apaklar\u0131n\u0131n al\u0131nmas\u0131 i\u00e7in tasarlanm\u0131\u015ft\u0131r. <\/span><\/p>\n<p><u style=\"color: rgb(33, 37, 41);\">\u00d6zellikleri:<\/u><\/p>\n<p><span style=\"color: rgb(33, 37, 41);\">18V max Lithium-ion,\u00c7ift Ak\u00fcl\u00fc<\/span><\/p>\n<p>Ak\u00fcl\u00fc yap\u0131s\u0131 kullan\u0131c\u0131ya kablosuz kullan\u0131m imkan\u0131 sunar ve bu sayede kullan\u0131c\u0131lar geni\u015f alanlarda kablo s\u0131n\u0131rlamalar\u0131 olmadan rahat\u00e7a \u00e7al\u0131\u015fabilirler.<\/p>\n<p>Li-ion;Bataryan\u0131n daha verimli \u00e7al\u0131\u015fmas\u0131n\u0131 sa\u011flayan teknolojidir.<\/p>\n<ol>\n<li data-list=\"bullet\"><span class=\"ql-ui\" contenteditable=\"false\"><\/span><span style=\"color: black;\">De\u011fi\u015fken h\u0131z \u00f6zelli\u011fi vard\u0131r.<\/span><\/li>\n<li data-list=\"bullet\"><span class=\"ql-ui\" contenteditable=\"false\"><\/span>Elektrik freni mevcuttur.<\/li>\n<li data-list=\"bullet\"><span class=\"ql-ui\" contenteditable=\"false\"><\/span>Led \u0131\u015f\u0131\u011f\u0131 vard\u0131r.<\/li>\n<li data-list=\"bullet\"><span class=\"ql-ui\" contenteditable=\"false\"><\/span>Plastik ta\u015f\u0131ma \u00e7antal\u0131d\u0131r.<\/li>\n<li data-list=\"bullet\"><span class=\"ql-ui\" contenteditable=\"false\"><\/span>Toz emme \u00fcnitesi mevcuttur.<\/li>\n<\/ol>\n<p>Ambalaj i\u00e7eri\u011fi: \u00c7ift ak\u00fc,\u015farj cihaz\u0131, konik pens, 2 adet anahtar<\/p>\n<table>\n<tr>\n<td>Kapasite<\/td>\n<td>Pens : 3-8 mm<\/td>\n<\/tr>\n<tr>\n<td>Maksimum U\u00e7 \u00c7ap\u0131<\/td>\n<td>38mm<\/td>\n<\/tr>\n<tr>\n<td>Bo\u015ftaki devir say\u0131s\u0131<\/td>\n<td>26.000 devir\/dk<\/td>\n<\/tr>\n<tr>\n<td>Net A\u011f\u0131rl\u0131k<\/td>\n<td>1.7kg<\/td>\n<\/tr>\n<tr>\n<td>G\u00fc\u00e7-Kapasite<\/td>\n<td>18V\/3.0Ah\/Li-ion<\/td>\n<\/tr>\n<tr>\n<td>Ak\u00fc \/ \u015earj Cihaz\u0131<\/td>\n<td>BL1830B \/ DC18RC<\/td>\n<\/tr>\n<\/table>\n","protected":false},"excerpt":{"rendered":"<p><span style=\"color: rgb(33, 37, 41);\">Model DGD800RFE<\/span><\/p>\n<p><span style=\"color: rgb(33, 37, 41);\">Kal\u0131p\u00e7\u0131 Ta\u015flama<\/span><\/p>\n<p>18V \u2022 26 000 dak\u207b\u00b9 \u2022 8 mm<\/p>\n<p><span style=\"color: rgb(0, 112, 192);\">Uzun g\u00f6vdeli Kal\u0131p\u00e7\u0131 Ta\u015flama Makinesi <\/span><\/p>\n<p>8 mm pensli ince, hafif bir kal\u0131p ta\u015flama makinesi modeli. Bu kal\u0131p ta\u015flama makinesi, \u00e7apak giderme ve metal kap\u0131lar\u0131n son i\u015flemleri dahil olmak \u00fczere k\u00fc\u00e7\u00fck \u00f6l\u00e7ekli ta\u015flama i\u00e7in uygundur. Dakikada 26.000 bo\u015fta devire sahiptir.<\/p>\n<p><span style=\"color: red;\">Kullan\u0131m amac\u0131: <\/span><span style=\"color: rgb(33, 37, 41);\">Bu alet demir malzemelerin ta\u015flanmas\u0131 veya kal\u0131p \u00e7apaklar\u0131n\u0131n al\u0131nmas\u0131 i\u00e7in tasarlanm\u0131\u015ft\u0131r. <\/span><\/p>\n<p><u style=\"color: rgb(33, 37, 41);\">\u00d6zellikleri:<\/u><\/p>\n<p><span style=\"color: rgb(33, 37, 41);\">18V max Lithium-ion,\u00c7ift Ak\u00fcl\u00fc<\/span><\/p>\n<p>Ak\u00fcl\u00fc yap\u0131s\u0131 kullan\u0131c\u0131ya kablosuz kullan\u0131m imkan\u0131 sunar ve bu sayede kullan\u0131c\u0131lar geni\u015f alanlarda kablo s\u0131n\u0131rlamalar\u0131 olmadan rahat\u00e7a \u00e7al\u0131\u015fabilirler.<\/p>\n<p>Li-ion;Bataryan\u0131n daha verimli \u00e7al\u0131\u015fmas\u0131n\u0131 sa\u011flayan teknolojidir.<\/p>\n<ol>\n<li data-list=\"bullet\"><span class=\"ql-ui\" contenteditable=\"false\"><\/span><span style=\"color: black;\">De\u011fi\u015fken h\u0131z \u00f6zelli\u011fi vard\u0131r.<\/span><\/li>\n<li data-list=\"bullet\"><span class=\"ql-ui\" contenteditable=\"false\"><\/span>Elektrik freni mevcuttur.<\/li>\n<li data-list=\"bullet\"><span class=\"ql-ui\" contenteditable=\"false\"><\/span>Led \u0131\u015f\u0131\u011f\u0131 vard\u0131r.<\/li>\n<li data-list=\"bullet\"><span class=\"ql-ui\" contenteditable=\"false\"><\/span>Plastik ta\u015f\u0131ma \u00e7antal\u0131d\u0131r.<\/li>\n<li data-list=\"bullet\"><span class=\"ql-ui\" contenteditable=\"false\"><\/span>Toz emme \u00fcnitesi mevcuttur.<\/li>\n<\/ol>\n<p>Ambalaj i\u00e7eri\u011fi: \u00c7ift ak\u00fc,\u015farj cihaz\u0131, konik pens, 2 adet anahtar<\/p>\n","protected":false},"featured_media":9147,"comment_status":"open","ping_status":"closed","template":"","meta":{"_acf_changed":false},"product_brand":[1485],"product_cat":[755],"product_tag":[],"class_list":{"0":"post-9148","1":"product","2":"type-product","3":"status-publish","4":"has-post-thumbnail","6":"product_brand-makita","7":"product_cat-18-volt","9":"first","10":"outofstock","11":"taxable","12":"shipping-taxable","13":"purchasable","14":"product-type-simple","15":"add-to-wishlist-after_add_to_cart"},"acf":[],"_links":{"self":[{"href":"https:\/\/www.makitamarket.com.tr\/site\/wp-json\/wp\/v2\/product\/9148","targetHints":{"allow":["GET"]}}],"collection":[{"href":"https:\/\/www.makitamarket.com.tr\/site\/wp-json\/wp\/v2\/product"}],"about":[{"href":"https:\/\/www.makitamarket.com.tr\/site\/wp-json\/wp\/v2\/types\/product"}],"replies":[{"embeddable":true,"href":"https:\/\/www.makitamarket.com.tr\/site\/wp-json\/wp\/v2\/comments?post=9148"}],"wp:featuredmedia":[{"embeddable":true,"href":"https:\/\/www.makitamarket.com.tr\/site\/wp-json\/wp\/v2\/media\/9147"}],"wp:attachment":[{"href":"https:\/\/www.makitamarket.com.tr\/site\/wp-json\/wp\/v2\/media?parent=9148"}],"wp:term":[{"taxonomy":"product_brand","embeddable":true,"href":"https:\/\/www.makitamarket.com.tr\/site\/wp-json\/wp\/v2\/product_brand?post=9148"},{"taxonomy":"product_cat","embeddable":true,"href":"https:\/\/www.makitamarket.com.tr\/site\/wp-json\/wp\/v2\/product_cat?post=9148"},{"taxonomy":"product_tag","embeddable":true,"href":"https:\/\/www.makitamarket.com.tr\/site\/wp-json\/wp\/v2\/product_tag?post=9148"}],"curies":[{"name":"wp","href":"https:\/\/api.w.org\/{rel}","templated":true}]}}