{"id":9157,"date":"2024-11-27T19:51:35","date_gmt":"2024-11-27T16:51:35","guid":{"rendered":"https:\/\/www.makitamarket.com.tr\/site\/urun\/makita-dairesel-eksantrik-polisaj-makinasi\/"},"modified":"2026-03-30T07:25:33","modified_gmt":"2026-03-30T04:25:33","slug":"makita-dairesel-eksantrik-polisaj-makinasi","status":"publish","type":"product","link":"https:\/\/www.makitamarket.com.tr\/site\/urun\/makita-dairesel-eksantrik-polisaj-makinasi\/","title":{"rendered":"Makita PO6000C DA\u0130RESEL EKSANTR\u0130K POL\u0130SAJ MAK\u0130NASI"},"content":{"rendered":"<p><span style=\"color: black;\">Model PO6000C<\/span><\/p>\n<p><span style=\"color: black;\">Dairesel Eksantrik Polisaj<\/span><\/p>\n<p>900 W \u2022 150 mm \u2022 0-780 dak\u207b\u00b9<\/p>\n<p><strong style=\"color: rgb(0, 112, 192);\">Metal ve Y\u00fczey Parlatma i\u00e7in Y\u00fcksek Performansl\u0131 Dairesel Eksantrik Polisaj Makinesi<\/strong><\/p>\n<p><span style=\"color: black;\">Metal, ta\u015f ve di\u011fer sert y\u00fczeylerin cilalama ve polisaj i\u015flemleri i\u00e7in tasarlanm\u0131\u015f, g\u00fc\u00e7l\u00fc ve hassas bir polisaj makinesi modelidir. 900 W motor g\u00fcc\u00fc ve 150 mm disk \u00e7ap\u0131 ile hassas i\u015fler i\u00e7in y\u00fcksek performans sunar. Dakikada 0-780 bo\u015fta devire sahiptir. Elektronik h\u0131z kontrol\u00fc, yumu\u015fak ba\u015flang\u0131\u00e7 \u00f6zelli\u011fi ve \u00e7ift modlu \u00e7al\u0131\u015fma sistemi sayesinde farkl\u0131 y\u00fczeyler i\u00e7in uyarlanabilir kullan\u0131m imk\u00e2n\u0131 sa\u011flar. Dakikada 0-6.800 sal\u0131n\u0131m say\u0131s\u0131 ve 0-13.600 d\u00f6nme say\u0131s\u0131na sahiptir. Ergonomik tasar\u0131m\u0131 uzun s\u00fcreli ve konforlu bir \u00e7al\u0131\u015fma deneyimi sunar. Genellikle ara\u00e7 cilalama, metal y\u00fczey i\u015fleme ve profesyonel cilalama projelerinde tercih edilir.<\/span><\/p>\n<p><span style=\"color: red;\">Kullan\u0131m amac\u0131: <\/span><span style=\"color: black;\">Bu alet polisaj i\u015flemlerinde kullan\u0131lmak \u00fczere tasarlanm\u0131\u015ft\u0131r. <\/span><\/p>\n<p><u>\u00d6zellikleri:<\/u><\/p>\n<p><span style=\"color: red;\">G\u00fc\u00e7 Kayna\u011f\u0131: <\/span>Aletin, yaln\u0131zca isim levhas\u0131nda belirtilenle ayn\u0131 voltajl\u0131 g\u00fc\u00e7 kayna\u011f\u0131na ba\u011flanmas\u0131 gerekir ve yaln\u0131zca tek fazl\u0131 AC g\u00fc\u00e7 kayna\u011f\u0131yla \u00e7al\u0131\u015ft\u0131r\u0131labilir. \u00c7ifte yal\u0131t\u0131ml\u0131d\u0131r ve topraklamas\u0131z prizlerle de kullan\u0131labilir.<\/p>\n<ol>\n<li data-list=\"bullet\"><span class=\"ql-ui\" contenteditable=\"false\"><\/span>\u00c7ift yal\u0131t\u0131ml\u0131d\u0131r.<\/li>\n<li data-list=\"bullet\"><span class=\"ql-ui\" contenteditable=\"false\"><\/span>De\u011fi\u015fken h\u0131z \u00f6zelli\u011fine sahiptir.<\/li>\n<li data-list=\"bullet\"><span class=\"ql-ui\" contenteditable=\"false\"><\/span><span style=\"color: black;\">Sabit h\u0131z \u00f6zelli\u011fi vard\u0131r.<\/span><\/li>\n<li data-list=\"bullet\"><span class=\"ql-ui\" contenteditable=\"false\"><\/span>Yumu\u015fak ba\u015flama \u00f6zelli\u011fi mevcuttur.<\/li>\n<li data-list=\"bullet\"><span class=\"ql-ui\" contenteditable=\"false\"><\/span><span style=\"color: rgb(33, 37, 41);\">C\u0131rtl\u0131 Taban<\/span><\/li>\n<\/ol>\n<p><span style=\"color: rgb(33, 37, 41);\">Ambalaj i\u00e7eri\u011fi: Allen Anahtar<\/span><\/p>\n<table>\n<tr>\n<td>S\u00fcrekli Ak\u0131m Giri\u015fi<\/td>\n<td>900W<\/td>\n<\/tr>\n<tr>\n<td>Kapasite<\/td>\n<td>Disk \u00e7ap\u0131 : 150<\/td>\n<\/tr>\n<tr>\n<td>Bo\u015fta Devir<\/td>\n<td>0-780 devir\/dk<\/td>\n<\/tr>\n<tr>\n<td>Dakikada sal\u0131n\u0131m say\u0131s\u0131<\/td>\n<td>0-6.800<\/td>\n<\/tr>\n<tr>\n<td>Dakikada d\u00f6nme say\u0131s\u0131<\/td>\n<td>0-13.600<\/td>\n<\/tr>\n<tr>\n<td>Net A\u011f\u0131rl\u0131k<\/td>\n<td>2.8kg<\/td>\n<\/tr>\n<tr>\n<td>Ak\u0131m<\/td>\n<td>4.09 Ah<\/td>\n<\/tr>\n<\/table>\n","protected":false},"excerpt":{"rendered":"<p><span style=\"color: black;\">Model PO6000C<\/span><\/p>\n<p><span style=\"color: black;\">Dairesel Eksantrik Polisaj<\/span><\/p>\n<p>900 W \u2022 150 mm \u2022 0-780 dak\u207b\u00b9<\/p>\n<p><strong style=\"color: rgb(0, 112, 192);\">Metal ve Y\u00fczey Parlatma i\u00e7in Y\u00fcksek Performansl\u0131 Dairesel Eksantrik Polisaj Makinesi<\/strong><\/p>\n<p><span style=\"color: black;\">Metal, ta\u015f ve di\u011fer sert y\u00fczeylerin cilalama ve polisaj i\u015flemleri i\u00e7in tasarlanm\u0131\u015f, g\u00fc\u00e7l\u00fc ve hassas bir polisaj makinesi modelidir. 900 W motor g\u00fcc\u00fc ve 150 mm disk \u00e7ap\u0131 ile hassas i\u015fler i\u00e7in y\u00fcksek performans sunar. Dakikada 0-780 bo\u015fta devire sahiptir. Elektronik h\u0131z kontrol\u00fc, yumu\u015fak ba\u015flang\u0131\u00e7 \u00f6zelli\u011fi ve \u00e7ift modlu \u00e7al\u0131\u015fma sistemi sayesinde farkl\u0131 y\u00fczeyler i\u00e7in uyarlanabilir kullan\u0131m imk\u00e2n\u0131 sa\u011flar. Dakikada 0-6.800 sal\u0131n\u0131m say\u0131s\u0131 ve 0-13.600 d\u00f6nme say\u0131s\u0131na sahiptir. Ergonomik tasar\u0131m\u0131 uzun s\u00fcreli ve konforlu bir \u00e7al\u0131\u015fma deneyimi sunar. Genellikle ara\u00e7 cilalama, metal y\u00fczey i\u015fleme ve profesyonel cilalama projelerinde tercih edilir.<\/span><\/p>\n<p><span style=\"color: red;\">Kullan\u0131m amac\u0131: <\/span><span style=\"color: black;\">Bu alet polisaj i\u015flemlerinde kullan\u0131lmak \u00fczere tasarlanm\u0131\u015ft\u0131r. <\/span><\/p>\n<p><u>\u00d6zellikleri:<\/u><\/p>\n<p><span style=\"color: red;\">G\u00fc\u00e7 Kayna\u011f\u0131: <\/span>Aletin, yaln\u0131zca isim levhas\u0131nda belirtilenle ayn\u0131 voltajl\u0131 g\u00fc\u00e7 kayna\u011f\u0131na ba\u011flanmas\u0131 gerekir ve yaln\u0131zca tek fazl\u0131 AC g\u00fc\u00e7 kayna\u011f\u0131yla \u00e7al\u0131\u015ft\u0131r\u0131labilir. \u00c7ifte yal\u0131t\u0131ml\u0131d\u0131r ve topraklamas\u0131z prizlerle de kullan\u0131labilir.<\/p>\n<ol>\n<li data-list=\"bullet\"><span class=\"ql-ui\" contenteditable=\"false\"><\/span>\u00c7ift yal\u0131t\u0131ml\u0131d\u0131r.<\/li>\n<li data-list=\"bullet\"><span class=\"ql-ui\" contenteditable=\"false\"><\/span>De\u011fi\u015fken h\u0131z \u00f6zelli\u011fine sahiptir.<\/li>\n<li data-list=\"bullet\"><span class=\"ql-ui\" contenteditable=\"false\"><\/span><span style=\"color: black;\">Sabit h\u0131z \u00f6zelli\u011fi vard\u0131r.<\/span><\/li>\n<li data-list=\"bullet\"><span class=\"ql-ui\" contenteditable=\"false\"><\/span>Yumu\u015fak ba\u015flama \u00f6zelli\u011fi mevcuttur.<\/li>\n<li data-list=\"bullet\"><span class=\"ql-ui\" contenteditable=\"false\"><\/span><span style=\"color: rgb(33, 37, 41);\">C\u0131rtl\u0131 Taban<\/span><\/li>\n<\/ol>\n<p><span style=\"color: rgb(33, 37, 41);\">Ambalaj i\u00e7eri\u011fi: Allen Anahtar<\/span><\/p>\n","protected":false},"featured_media":9156,"comment_status":"open","ping_status":"closed","template":"","meta":{"_acf_changed":false},"product_brand":[1485],"product_cat":[935],"product_tag":[],"class_list":{"0":"post-9157","1":"product","2":"type-product","3":"status-publish","4":"has-post-thumbnail","6":"product_brand-makita","7":"product_cat-polisaj-ve-zimparalar","9":"first","10":"outofstock","11":"taxable","12":"shipping-taxable","13":"purchasable","14":"product-type-simple","15":"add-to-wishlist-after_add_to_cart"},"acf":[],"_links":{"self":[{"href":"https:\/\/www.makitamarket.com.tr\/site\/wp-json\/wp\/v2\/product\/9157","targetHints":{"allow":["GET"]}}],"collection":[{"href":"https:\/\/www.makitamarket.com.tr\/site\/wp-json\/wp\/v2\/product"}],"about":[{"href":"https:\/\/www.makitamarket.com.tr\/site\/wp-json\/wp\/v2\/types\/product"}],"replies":[{"embeddable":true,"href":"https:\/\/www.makitamarket.com.tr\/site\/wp-json\/wp\/v2\/comments?post=9157"}],"wp:featuredmedia":[{"embeddable":true,"href":"https:\/\/www.makitamarket.com.tr\/site\/wp-json\/wp\/v2\/media\/9156"}],"wp:attachment":[{"href":"https:\/\/www.makitamarket.com.tr\/site\/wp-json\/wp\/v2\/media?parent=9157"}],"wp:term":[{"taxonomy":"product_brand","embeddable":true,"href":"https:\/\/www.makitamarket.com.tr\/site\/wp-json\/wp\/v2\/product_brand?post=9157"},{"taxonomy":"product_cat","embeddable":true,"href":"https:\/\/www.makitamarket.com.tr\/site\/wp-json\/wp\/v2\/product_cat?post=9157"},{"taxonomy":"product_tag","embeddable":true,"href":"https:\/\/www.makitamarket.com.tr\/site\/wp-json\/wp\/v2\/product_tag?post=9157"}],"curies":[{"name":"wp","href":"https:\/\/api.w.org\/{rel}","templated":true}]}}