{"id":9187,"date":"2024-11-27T19:51:50","date_gmt":"2024-11-27T16:51:50","guid":{"rendered":"https:\/\/www.makitamarket.com.tr\/site\/urun\/makita-makita-polisaj-set-mak9237cb-powerwashapw45\/"},"modified":"2025-01-06T20:28:00","modified_gmt":"2025-01-06T17:28:00","slug":"makita-makita-polisaj-set-mak9237cb-powerwashapw45","status":"publish","type":"product","link":"https:\/\/www.makitamarket.com.tr\/site\/urun\/makita-makita-polisaj-set-mak9237cb-powerwashapw45\/","title":{"rendered":"Makita MAKPOLISAJSET MAK\u0130TA POL\u0130SAJ SET (MAK9237CB &#038; POWERWASHAPW45)"},"content":{"rendered":"<p>Set \u0130\u00e7eri\u011fi : <\/p>\n<ul>\n<li>9237CB &#8211; Makita Polisaj<\/li>\n<li>APW45 &#8211; Powerwash Dezenfeksiyon Makinas\u0131<\/li>\n<\/ul>\n<table><\/table>\n","protected":false},"excerpt":{"rendered":"<p>Set \u0130\u00e7eri\u011fi : <\/p>\n<ul>\n<li>9237CB &#8211; Makita Polisaj<\/li>\n<li>APW45 &#8211; Powerwash Dezenfeksiyon Makinas\u0131<\/li>\n<\/ul>\n","protected":false},"featured_media":9186,"comment_status":"open","ping_status":"closed","template":"","meta":{"_acf_changed":false},"product_brand":[],"product_cat":[15],"product_tag":[],"class_list":{"0":"post-9187","1":"product","2":"type-product","3":"status-publish","4":"has-post-thumbnail","6":"product_cat-genel","8":"first","9":"outofstock","10":"taxable","11":"shipping-taxable","12":"purchasable","13":"product-type-simple","14":"add-to-wishlist-after_add_to_cart"},"acf":[],"_links":{"self":[{"href":"https:\/\/www.makitamarket.com.tr\/site\/wp-json\/wp\/v2\/product\/9187","targetHints":{"allow":["GET"]}}],"collection":[{"href":"https:\/\/www.makitamarket.com.tr\/site\/wp-json\/wp\/v2\/product"}],"about":[{"href":"https:\/\/www.makitamarket.com.tr\/site\/wp-json\/wp\/v2\/types\/product"}],"replies":[{"embeddable":true,"href":"https:\/\/www.makitamarket.com.tr\/site\/wp-json\/wp\/v2\/comments?post=9187"}],"wp:featuredmedia":[{"embeddable":true,"href":"https:\/\/www.makitamarket.com.tr\/site\/wp-json\/wp\/v2\/media\/9186"}],"wp:attachment":[{"href":"https:\/\/www.makitamarket.com.tr\/site\/wp-json\/wp\/v2\/media?parent=9187"}],"wp:term":[{"taxonomy":"product_brand","embeddable":true,"href":"https:\/\/www.makitamarket.com.tr\/site\/wp-json\/wp\/v2\/product_brand?post=9187"},{"taxonomy":"product_cat","embeddable":true,"href":"https:\/\/www.makitamarket.com.tr\/site\/wp-json\/wp\/v2\/product_cat?post=9187"},{"taxonomy":"product_tag","embeddable":true,"href":"https:\/\/www.makitamarket.com.tr\/site\/wp-json\/wp\/v2\/product_tag?post=9187"}],"curies":[{"name":"wp","href":"https:\/\/api.w.org\/{rel}","templated":true}]}}