{"id":9224,"date":"2024-11-27T19:52:08","date_gmt":"2024-11-27T16:52:08","guid":{"rendered":"https:\/\/www.makitamarket.com.tr\/site\/urun\/proxxon-proxxon-24106-kt-230-koordinat-sehpasi\/"},"modified":"2026-04-21T00:34:19","modified_gmt":"2026-04-20T21:34:19","slug":"proxxon-proxxon-24106-kt-230-koordinat-sehpasi","status":"publish","type":"product","link":"https:\/\/www.makitamarket.com.tr\/site\/urun\/proxxon-proxxon-24106-kt-230-koordinat-sehpasi\/","title":{"rendered":"Proxxon 24106 PROXXON 24106 KT 230 KOORD\u0130NAT SEHPASI"},"content":{"rendered":"<p><strong>Sevkiyat kapsam\u0131:<\/strong>K\u0131ska\u00e7lar dahil <u>de\u011fildir.<\/u><\/p>\n<p><\/p>\n<table>\n<tr>\n<td>Tabla \u00d6l\u00e7\u00fcs\u00fc<\/td>\n<td>270&#215;80 mm<\/td>\n<\/tr>\n<tr>\n<td>X-Y ekseni sal\u0131n\u0131m<\/td>\n<td>170x65mm<\/td>\n<\/tr>\n<tr>\n<td>Uygunluk<\/td>\n<td>PF230-PF230<\/td>\n<\/tr>\n<tr>\n<td>T kanallar<\/td>\n<td>3 adet T kanall\u0131 12x6x5 mm<\/td>\n<\/tr>\n<tr>\n<td>Hassasiyet<\/td>\n<td>1 tam devir: 1,5mm  1 b\u00f6lme: 0.05mm<\/td>\n<\/tr>\n<tr>\n<td>A\u011f\u0131rl\u0131k<\/td>\n<td>11 kg<\/td>\n<\/tr>\n<\/table>\n","protected":false},"excerpt":{"rendered":"<p><strong>Sevkiyat kapsam\u0131:<\/strong>K\u0131ska\u00e7lar dahil <u>de\u011fildir.<\/u><\/p>\n<p><\/p>\n","protected":false},"featured_media":9223,"comment_status":"open","ping_status":"closed","template":"","meta":{"_acf_changed":false},"product_brand":[1501],"product_cat":[1565],"product_tag":[],"class_list":{"0":"post-9224","1":"product","2":"type-product","3":"status-publish","4":"has-post-thumbnail","6":"product_brand-proxxon","7":"product_cat-yok-yok","9":"first","10":"outofstock","11":"taxable","12":"shipping-taxable","13":"purchasable","14":"product-type-simple","15":"add-to-wishlist-after_add_to_cart"},"acf":[],"_links":{"self":[{"href":"https:\/\/www.makitamarket.com.tr\/site\/wp-json\/wp\/v2\/product\/9224","targetHints":{"allow":["GET"]}}],"collection":[{"href":"https:\/\/www.makitamarket.com.tr\/site\/wp-json\/wp\/v2\/product"}],"about":[{"href":"https:\/\/www.makitamarket.com.tr\/site\/wp-json\/wp\/v2\/types\/product"}],"replies":[{"embeddable":true,"href":"https:\/\/www.makitamarket.com.tr\/site\/wp-json\/wp\/v2\/comments?post=9224"}],"wp:featuredmedia":[{"embeddable":true,"href":"https:\/\/www.makitamarket.com.tr\/site\/wp-json\/wp\/v2\/media\/9223"}],"wp:attachment":[{"href":"https:\/\/www.makitamarket.com.tr\/site\/wp-json\/wp\/v2\/media?parent=9224"}],"wp:term":[{"taxonomy":"product_brand","embeddable":true,"href":"https:\/\/www.makitamarket.com.tr\/site\/wp-json\/wp\/v2\/product_brand?post=9224"},{"taxonomy":"product_cat","embeddable":true,"href":"https:\/\/www.makitamarket.com.tr\/site\/wp-json\/wp\/v2\/product_cat?post=9224"},{"taxonomy":"product_tag","embeddable":true,"href":"https:\/\/www.makitamarket.com.tr\/site\/wp-json\/wp\/v2\/product_tag?post=9224"}],"curies":[{"name":"wp","href":"https:\/\/api.w.org\/{rel}","templated":true}]}}