{"id":9236,"date":"2024-11-27T19:52:12","date_gmt":"2024-11-27T16:52:12","guid":{"rendered":"https:\/\/www.makitamarket.com.tr\/site\/urun\/max-safety-yuz-koruyucu-siperlik-8x15-1-2\/"},"modified":"2026-04-06T12:44:39","modified_gmt":"2026-04-06T09:44:39","slug":"max-safety-yuz-koruyucu-siperlik-8x15-1-2","status":"publish","type":"product","link":"https:\/\/www.makitamarket.com.tr\/site\/urun\/max-safety-yuz-koruyucu-siperlik-8x15-1-2\/","title":{"rendered":"Max Safety SE1760 Y\u00dcZ KORUYUCU S\u0130PERL\u0130K 8&#8243;x15 &#8211; 1\/2&#8243;"},"content":{"rendered":"<div>\n\tHeadgear with ABS browguard prevents forehead injury<br \/>\n\tAdjustable holder<br \/>\n\tProvides all-over head protection<\/div>\n<div>\n\tComplete with aluminum bound PC clear visor.<\/div>\n<div>\n\t\u00a0<\/div>\n<div>\n\tShield protection against foreign particles, chemical splashes, and dust<\/div>\n<table>\n<tr>\n<td>Standards<\/td>\n<td>CE EN 166<\/td>\n<\/tr>\n<tr>\n<td>Size<\/td>\n<td>8&#8243;x15-1\/2&#8243;<\/td>\n<\/tr>\n<\/table>\n","protected":false},"excerpt":{"rendered":"<div>\n\tHeadgear with ABS browguard prevents forehead injury<br \/>\n\tAdjustable holder<br \/>\n\tProvides all-over head protection<\/div>\n<div>\n\tComplete with aluminum bound PC clear visor.<\/div>\n<div>\n\t\u00a0<\/div>\n<div>\n\tShield protection against foreign particles, chemical splashes, and dust<\/div>\n","protected":false},"featured_media":9235,"comment_status":"open","ping_status":"closed","template":"","meta":{"_acf_changed":false},"product_brand":[1492],"product_cat":[711],"product_tag":[],"class_list":{"0":"post-9236","1":"product","2":"type-product","3":"status-publish","4":"has-post-thumbnail","6":"product_brand-max-safety","7":"product_cat-yuz-ve-basustu-koruyucular","9":"first","10":"instock","11":"taxable","12":"shipping-taxable","13":"purchasable","14":"product-type-simple","15":"add-to-wishlist-after_add_to_cart"},"acf":[],"_links":{"self":[{"href":"https:\/\/www.makitamarket.com.tr\/site\/wp-json\/wp\/v2\/product\/9236","targetHints":{"allow":["GET"]}}],"collection":[{"href":"https:\/\/www.makitamarket.com.tr\/site\/wp-json\/wp\/v2\/product"}],"about":[{"href":"https:\/\/www.makitamarket.com.tr\/site\/wp-json\/wp\/v2\/types\/product"}],"replies":[{"embeddable":true,"href":"https:\/\/www.makitamarket.com.tr\/site\/wp-json\/wp\/v2\/comments?post=9236"}],"wp:featuredmedia":[{"embeddable":true,"href":"https:\/\/www.makitamarket.com.tr\/site\/wp-json\/wp\/v2\/media\/9235"}],"wp:attachment":[{"href":"https:\/\/www.makitamarket.com.tr\/site\/wp-json\/wp\/v2\/media?parent=9236"}],"wp:term":[{"taxonomy":"product_brand","embeddable":true,"href":"https:\/\/www.makitamarket.com.tr\/site\/wp-json\/wp\/v2\/product_brand?post=9236"},{"taxonomy":"product_cat","embeddable":true,"href":"https:\/\/www.makitamarket.com.tr\/site\/wp-json\/wp\/v2\/product_cat?post=9236"},{"taxonomy":"product_tag","embeddable":true,"href":"https:\/\/www.makitamarket.com.tr\/site\/wp-json\/wp\/v2\/product_tag?post=9236"}],"curies":[{"name":"wp","href":"https:\/\/api.w.org\/{rel}","templated":true}]}}