{"id":9251,"date":"2024-11-27T19:52:19","date_gmt":"2024-11-27T16:52:19","guid":{"rendered":"https:\/\/www.makitamarket.com.tr\/site\/urun\/proxxon-proxxon-27110-mf-70-mikro-freze\/"},"modified":"2026-04-06T12:44:44","modified_gmt":"2026-04-06T09:44:44","slug":"proxxon-proxxon-27110-mf-70-mikro-freze","status":"publish","type":"product","link":"https:\/\/www.makitamarket.com.tr\/site\/urun\/proxxon-proxxon-27110-mf-70-mikro-freze\/","title":{"rendered":"Proxxon 27110 MF 70 PROXXON 27110 MF 70 M\u0130KRO FREZE"},"content":{"rendered":"<div>\n\t<strong>Kullan\u0131m Alan\u0131 : <\/strong>Laboratuvar teknisyeni, g\u00f6zl\u00fck\u00e7\u00fc, kuyumcu ve maket tasar\u0131mc\u0131lar\u0131 i\u00e7in.<\/div>\n<div>\n\t<strong>Sevkiyat kapsam\u0131:<\/strong> 1,0-1,5-2,0-2,35- 3,0-3,2 mm pensler Koordinat sehpas\u0131 KT 70 ve basamakl\u0131 k\u0131ska\u00e7lar<\/div>\n<div>\n\t<strong>Uyumlu Aksesuarlar:<\/strong><\/div>\n<div>\n\t<strong>24264:<\/strong> Diviz\u00f6r kafas\u0131<\/div>\n<div>\n\t<strong>24256:<\/strong> K\u0131ska\u00e7 seti<\/div>\n<div>\n\t<strong>27116: <\/strong>Freze u\u00e7 seti (3)<\/div>\n<div>\n\t<strong>22466:<\/strong> Paralel destek seti<\/div>\n<div>\n\t<strong>28758:<\/strong> Freze ucu 1mm<\/div>\n<div>\n\t<strong>28759:<\/strong> Freze ucu 2 mm<\/div>\n<div>\n\t<strong>28761:<\/strong> Freze ucu 3 mm<\/div>\n<div>\n\t<strong>24260:<\/strong> Mengene<\/div>\n<div>\n\t<strong>28132<\/strong>: Mengene<\/div>\n<table>\n<tr>\n<td>Motor G\u00fcc\u00fc<\/td>\n<td>100 W<\/td>\n<\/tr>\n<tr>\n<td>\u00c7al\u0131\u015fma gerilimi<\/td>\n<td>220-240V<\/td>\n<\/tr>\n<tr>\n<td>Devir<\/td>\n<td>5,000-20,000 d\/dak<\/td>\n<\/tr>\n<tr>\n<td>Tabla \u00d6l\u00e7\u00fcs\u00fc<\/td>\n<td>200x70mm<\/td>\n<\/tr>\n<tr>\n<td>X-Y ve dikey sal\u0131n\u0131m<\/td>\n<td>134&#215;46 mm Dikey:80mm<\/td>\n<\/tr>\n<tr>\n<td>A\u011f\u0131rl\u0131k<\/td>\n<td>8.0kg<\/td>\n<\/tr>\n<\/table>\n","protected":false},"excerpt":{"rendered":"<div>\n\t<strong>Kullan\u0131m Alan\u0131 : <\/strong>Laboratuvar teknisyeni, g\u00f6zl\u00fck\u00e7\u00fc, kuyumcu ve maket tasar\u0131mc\u0131lar\u0131 i\u00e7in.<\/div>\n<div>\n\t<strong>Sevkiyat kapsam\u0131:<\/strong> 1,0-1,5-2,0-2,35- 3,0-3,2 mm pensler Koordinat sehpas\u0131 KT 70 ve basamakl\u0131 k\u0131ska\u00e7lar<\/div>\n<div>\n\t<strong>Uyumlu Aksesuarlar:<\/strong><\/div>\n<div>\n\t<strong>24264:<\/strong> Diviz\u00f6r kafas\u0131<\/div>\n<div>\n\t<strong>24256:<\/strong> K\u0131ska\u00e7 seti<\/div>\n<div>\n\t<strong>27116: <\/strong>Freze u\u00e7 seti (3)<\/div>\n<div>\n\t<strong>22466:<\/strong> Paralel destek seti<\/div>\n<div>\n\t<strong>28758:<\/strong> Freze ucu 1mm<\/div>\n<div>\n\t<strong>28759:<\/strong> Freze ucu 2 mm<\/div>\n<div>\n\t<strong>28761:<\/strong> Freze ucu 3 mm<\/div>\n<div>\n\t<strong>24260:<\/strong> Mengene<\/div>\n<div>\n\t<strong>28132<\/strong>: Mengene<\/div>\n","protected":false},"featured_media":9250,"comment_status":"open","ping_status":"closed","template":"","meta":{"_acf_changed":false},"product_brand":[1501],"product_cat":[744],"product_tag":[],"class_list":{"0":"post-9251","1":"product","2":"type-product","3":"status-publish","4":"has-post-thumbnail","6":"product_brand-proxxon","7":"product_cat-freze-makinalari","9":"first","10":"instock","11":"taxable","12":"shipping-taxable","13":"purchasable","14":"product-type-simple","15":"add-to-wishlist-after_add_to_cart"},"acf":[],"_links":{"self":[{"href":"https:\/\/www.makitamarket.com.tr\/site\/wp-json\/wp\/v2\/product\/9251","targetHints":{"allow":["GET"]}}],"collection":[{"href":"https:\/\/www.makitamarket.com.tr\/site\/wp-json\/wp\/v2\/product"}],"about":[{"href":"https:\/\/www.makitamarket.com.tr\/site\/wp-json\/wp\/v2\/types\/product"}],"replies":[{"embeddable":true,"href":"https:\/\/www.makitamarket.com.tr\/site\/wp-json\/wp\/v2\/comments?post=9251"}],"wp:featuredmedia":[{"embeddable":true,"href":"https:\/\/www.makitamarket.com.tr\/site\/wp-json\/wp\/v2\/media\/9250"}],"wp:attachment":[{"href":"https:\/\/www.makitamarket.com.tr\/site\/wp-json\/wp\/v2\/media?parent=9251"}],"wp:term":[{"taxonomy":"product_brand","embeddable":true,"href":"https:\/\/www.makitamarket.com.tr\/site\/wp-json\/wp\/v2\/product_brand?post=9251"},{"taxonomy":"product_cat","embeddable":true,"href":"https:\/\/www.makitamarket.com.tr\/site\/wp-json\/wp\/v2\/product_cat?post=9251"},{"taxonomy":"product_tag","embeddable":true,"href":"https:\/\/www.makitamarket.com.tr\/site\/wp-json\/wp\/v2\/product_tag?post=9251"}],"curies":[{"name":"wp","href":"https:\/\/api.w.org\/{rel}","templated":true}]}}