{"id":9253,"date":"2024-11-27T19:52:19","date_gmt":"2024-11-27T16:52:19","guid":{"rendered":"https:\/\/www.makitamarket.com.tr\/site\/urun\/makita-freze\/"},"modified":"2026-04-06T13:24:55","modified_gmt":"2026-04-06T10:24:55","slug":"makita-freze","status":"publish","type":"product","link":"https:\/\/www.makitamarket.com.tr\/site\/urun\/makita-freze\/","title":{"rendered":"Makita RP0900 FREZE"},"content":{"rendered":"<p><span style=\"color: rgb(33, 37, 41); background-color: white;\">Model RP0900<\/span><\/p>\n<p><span style=\"color: rgb(33, 37, 41); background-color: white;\">Freze<\/span><\/p>\n<p><span style=\"color: rgb(33, 37, 41); background-color: white;\">900 W \u2022 6 \/ 8 mm<\/span><\/p>\n<p><span style=\"color: rgb(0, 112, 192); background-color: white;\">Ah\u015fap i\u015flerinde oluk a\u00e7ma ve dekorasyon i\u00e7in hafif ve kompakt freze<\/span><\/p>\n<p><span style=\"color: rgb(33, 37, 41); background-color: white;\"> Model RP0900, ah\u015fap y\u00fczeylerde delik a\u00e7ma, oyma ve kenar \u015fekillendirme i\u015flemleri i\u00e7in tasarlanm\u0131\u015f kompakt bir freze modelidir. 900 W motor g\u00fcc\u00fc ve 8 mm ile 12 mm aras\u0131nda freze kapasitesine sahiptir. 0-35 mm derinlik ayar\u0131 ile hassas \u00e7al\u0131\u015fma imk\u00e2n\u0131 sunar. Genellikle marangozluk, mobilya yap\u0131m\u0131 ve dekorasyon projelerinde kullan\u0131l\u0131r. Hafif ve ergonomik tasar\u0131m\u0131, kolay kullan\u0131m ve kontrol sa\u011flarken, dayan\u0131kl\u0131 yap\u0131s\u0131yla uzun \u00f6m\u00fcrl\u00fc performans sunar.<\/span><\/p>\n<p><span style=\"color: red;\">Kullan\u0131m amac\u0131: <\/span>Bu makine ah\u015fap,plastik ve benzeri malzemelerde s\u0131f\u0131r kesme ve torna i\u015flemleri i\u00e7in tasarlanm\u0131\u015ft\u0131r.<\/p>\n<p><u>\u00d6zellikleri:<\/u><\/p>\n<p><span style=\"color: red;\">G\u00fc\u00e7 Kayna\u011f\u0131: <\/span>Makinenin, yaln\u0131zca isim levhas\u0131nda belirtilenle ayn\u0131 voltajl\u0131 g\u00fc\u00e7 kayna\u011f\u0131na ba\u011flanmas\u0131 gerekir ve yaln\u0131zca tek fazl\u0131 AC g\u00fc\u00e7 kayna\u011f\u0131yla \u00e7al\u0131\u015ft\u0131r\u0131labilir. \u00c7ifte yal\u0131t\u0131ml\u0131d\u0131r ve topraklamas\u0131z prizlerle de kullan\u0131labilir.<\/p>\n<ol>\n<li data-list=\"bullet\"><span class=\"ql-ui\" contenteditable=\"false\"><\/span>\u00c7ift yal\u0131t\u0131ml\u0131d\u0131r.<\/li>\n<\/ol>\n<p><span style=\"color: rgb(33, 37, 41); background-color: white;\">Ambalaj i\u00e7eri\u011fi: Kenar g\u00f6nye k\u0131lavuzu, freze ucu, konik pens, anahtar<\/span><\/p>\n<table>\n<tr>\n<td>S\u00fcrekli Ak\u0131m Giri\u015fi<\/td>\n<td>900W<\/td>\n<\/tr>\n<tr>\n<td>Kapasite<\/td>\n<td>U\u00e7 tutucu:6-8 mm<\/td>\n<\/tr>\n<tr>\n<td>Bo\u015fta Devir<\/td>\n<td>27000devir\/dk<\/td>\n<\/tr>\n<tr>\n<td>Net A\u011f\u0131rl\u0131k<\/td>\n<td>2.7kg<\/td>\n<\/tr>\n<tr>\n<td>Ak\u0131m<\/td>\n<td>4.1Ah<\/td>\n<\/tr>\n<tr>\n<td>Dalma Kapasitesi<\/td>\n<td>0-35mm<\/td>\n<\/tr>\n<\/table>\n","protected":false},"excerpt":{"rendered":"<p><span style=\"color: rgb(33, 37, 41); background-color: white;\">Model RP0900<\/span><\/p>\n<p><span style=\"color: rgb(33, 37, 41); background-color: white;\">Freze<\/span><\/p>\n<p><span style=\"color: rgb(33, 37, 41); background-color: white;\">900 W \u2022 6 \/ 8 mm<\/span><\/p>\n<p><span style=\"color: rgb(0, 112, 192); background-color: white;\">Ah\u015fap i\u015flerinde oluk a\u00e7ma ve dekorasyon i\u00e7in hafif ve kompakt freze<\/span><\/p>\n<p><span style=\"color: rgb(33, 37, 41); background-color: white;\"> Model RP0900, ah\u015fap y\u00fczeylerde delik a\u00e7ma, oyma ve kenar \u015fekillendirme i\u015flemleri i\u00e7in tasarlanm\u0131\u015f kompakt bir freze modelidir. 900 W motor g\u00fcc\u00fc ve 8 mm ile 12 mm aras\u0131nda freze kapasitesine sahiptir. 0-35 mm derinlik ayar\u0131 ile hassas \u00e7al\u0131\u015fma imk\u00e2n\u0131 sunar. Genellikle marangozluk, mobilya yap\u0131m\u0131 ve dekorasyon projelerinde kullan\u0131l\u0131r. Hafif ve ergonomik tasar\u0131m\u0131, kolay kullan\u0131m ve kontrol sa\u011flarken, dayan\u0131kl\u0131 yap\u0131s\u0131yla uzun \u00f6m\u00fcrl\u00fc performans sunar.<\/span><\/p>\n<p><span style=\"color: red;\">Kullan\u0131m amac\u0131: <\/span>Bu makine ah\u015fap,plastik ve benzeri malzemelerde s\u0131f\u0131r kesme ve torna i\u015flemleri i\u00e7in tasarlanm\u0131\u015ft\u0131r.<\/p>\n<p><u>\u00d6zellikleri:<\/u><\/p>\n<p><span style=\"color: red;\">G\u00fc\u00e7 Kayna\u011f\u0131: <\/span>Makinenin, yaln\u0131zca isim levhas\u0131nda belirtilenle ayn\u0131 voltajl\u0131 g\u00fc\u00e7 kayna\u011f\u0131na ba\u011flanmas\u0131 gerekir ve yaln\u0131zca tek fazl\u0131 AC g\u00fc\u00e7 kayna\u011f\u0131yla \u00e7al\u0131\u015ft\u0131r\u0131labilir. \u00c7ifte yal\u0131t\u0131ml\u0131d\u0131r ve topraklamas\u0131z prizlerle de kullan\u0131labilir.<\/p>\n<ol>\n<li data-list=\"bullet\"><span class=\"ql-ui\" contenteditable=\"false\"><\/span>\u00c7ift yal\u0131t\u0131ml\u0131d\u0131r.<\/li>\n<\/ol>\n<p><span style=\"color: rgb(33, 37, 41); background-color: white;\">Ambalaj i\u00e7eri\u011fi: Kenar g\u00f6nye k\u0131lavuzu, freze ucu, konik pens, anahtar<\/span><\/p>\n","protected":false},"featured_media":10800,"comment_status":"open","ping_status":"closed","template":"","meta":{"_acf_changed":false},"product_brand":[1485],"product_cat":[933],"product_tag":[],"class_list":{"0":"post-9253","1":"product","2":"type-product","3":"status-publish","4":"has-post-thumbnail","6":"product_brand-makita","7":"product_cat-frezeler","9":"first","10":"outofstock","11":"taxable","12":"shipping-taxable","13":"purchasable","14":"product-type-simple","15":"add-to-wishlist-after_add_to_cart"},"acf":[],"_links":{"self":[{"href":"https:\/\/www.makitamarket.com.tr\/site\/wp-json\/wp\/v2\/product\/9253","targetHints":{"allow":["GET"]}}],"collection":[{"href":"https:\/\/www.makitamarket.com.tr\/site\/wp-json\/wp\/v2\/product"}],"about":[{"href":"https:\/\/www.makitamarket.com.tr\/site\/wp-json\/wp\/v2\/types\/product"}],"replies":[{"embeddable":true,"href":"https:\/\/www.makitamarket.com.tr\/site\/wp-json\/wp\/v2\/comments?post=9253"}],"wp:featuredmedia":[{"embeddable":true,"href":"https:\/\/www.makitamarket.com.tr\/site\/wp-json\/wp\/v2\/media\/10800"}],"wp:attachment":[{"href":"https:\/\/www.makitamarket.com.tr\/site\/wp-json\/wp\/v2\/media?parent=9253"}],"wp:term":[{"taxonomy":"product_brand","embeddable":true,"href":"https:\/\/www.makitamarket.com.tr\/site\/wp-json\/wp\/v2\/product_brand?post=9253"},{"taxonomy":"product_cat","embeddable":true,"href":"https:\/\/www.makitamarket.com.tr\/site\/wp-json\/wp\/v2\/product_cat?post=9253"},{"taxonomy":"product_tag","embeddable":true,"href":"https:\/\/www.makitamarket.com.tr\/site\/wp-json\/wp\/v2\/product_tag?post=9253"}],"curies":[{"name":"wp","href":"https:\/\/api.w.org\/{rel}","templated":true}]}}