{"id":9255,"date":"2024-11-27T19:52:20","date_gmt":"2024-11-27T16:52:20","guid":{"rendered":"https:\/\/www.makitamarket.com.tr\/site\/urun\/makita-devir-ayarli-tank-zimpara\/"},"modified":"2026-04-06T13:18:59","modified_gmt":"2026-04-06T10:18:59","slug":"makita-devir-ayarli-tank-zimpara","status":"publish","type":"product","link":"https:\/\/www.makitamarket.com.tr\/site\/urun\/makita-devir-ayarli-tank-zimpara\/","title":{"rendered":"Makita 9910 DEV\u0130R AYARLI TANK ZIMPARA"},"content":{"rendered":"<p><span style=\"background-color: white; color: rgb(33, 37, 41);\">Model 9910<\/span><\/p>\n<p><span style=\"background-color: white; color: rgb(33, 37, 41);\">Tank z\u0131mparalar<\/span><\/p>\n<p><span style=\"background-color: white; color: rgb(33, 37, 41);\">Devir Ayarl\u0131<\/span><\/p>\n<p><span style=\"background-color: white; color: rgb(33, 37, 41);\">650 W \u2022 76 x 457 mm<\/span><\/p>\n<p><strong style=\"background-color: white; color: rgb(0, 112, 192);\">Ah\u015fap ve y\u00fczeyler i\u00e7in kompakt devir ayarl\u0131 tank z\u0131mpara modeli<\/strong><\/p>\n<p><span style=\"background-color: white; color: rgb(33, 37, 41);\"> Ah\u015fap, metal ve boyal\u0131 y\u00fczeylerde h\u0131zl\u0131 ve etkili z\u0131mparalama i\u015flemleri i\u00e7in tasarlanm\u0131\u015f kompakt bir tank z\u0131mpara modelidir. 650 W motor g\u00fcc\u00fc ve 76&#215;457 mm z\u0131mpara band\u0131 ile dar alanlarda dahi y\u00fcksek performans sunar.Dakikada 270m bant h\u0131z\u0131na sahiptir. D\u00fc\u015f\u00fck titre\u015fimli yap\u0131s\u0131, ergonomik tasar\u0131m\u0131 ve otomatik bant merkezleme \u00f6zelli\u011fiyle kullan\u0131c\u0131 konforunu art\u0131r\u0131r. Genellikle marangozluk, mobilya yenileme ve y\u00fczey haz\u0131rl\u0131\u011f\u0131 projelerinde tercih edilir. Toz toplama sistemi sayesinde temiz ve g\u00fcvenli bir \u00e7al\u0131\u015fma ortam\u0131 sa\u011flar.<\/span><\/p>\n<p><span style=\"background-color: white; color: red;\">Kullan\u0131m amac\u0131: <\/span><span style=\"background-color: white; color: rgb(33, 37, 41);\">Makine, tahta , plastik ve metal malzeme ile boyal\u0131 y\u00fczeylerin geni\u015f y\u00fczeylerini z\u0131mparalamak ama\u00e7t\u0131r. <\/span><\/p>\n<p><u style=\"background-color: white; color: black;\">\u00d6zellikleri:<\/u><span style=\"background-color: white; color: rgb(33, 37, 41);\"> <\/span><\/p>\n<p><span style=\"color: red;\">G\u00fc\u00e7 Kayna\u011f\u0131:<\/span>Makinan\u0131n, yaln\u0131zca isim levhas\u0131nda belirtilenle ayn\u0131 voltajl\u0131 g\u00fc\u00e7 kayna\u011f\u0131na ba\u011flanmas\u0131 gerekir ve yaln\u0131zca tek fazl\u0131 AC g\u00fc\u00e7 kayna\u011f\u0131yla \u00e7al\u0131\u015ft\u0131r\u0131labilir. \u00c7ifte yal\u0131t\u0131ml\u0131d\u0131r ve topraklamas\u0131z prizlerle de kullan\u0131labilir.<\/p>\n<ol>\n<li data-list=\"bullet\"><span class=\"ql-ui\" contenteditable=\"false\"><\/span>\u00c7ift yal\u0131t\u0131ml\u0131d\u0131r.<\/li>\n<li data-list=\"bullet\"><span class=\"ql-ui\" contenteditable=\"false\"><\/span>Toz emme \u00fcnitesi mevcuttur.<\/li>\n<\/ol>\n<p><span style=\"color: black;\">Ambalaj i\u00e7eri\u011fi: Toz torbas\u0131,Bant Z\u0131mpara <\/span><\/p>\n<table>\n<tr>\n<td>S\u00fcrekli Ak\u0131m Giri\u015fi<\/td>\n<td>650W<\/td>\n<\/tr>\n<tr>\n<td>Band \u00d6l\u00e7\u00fcleri<\/td>\n<td>76x457mm<\/td>\n<\/tr>\n<tr>\n<td>Band H\u0131z\u0131<\/td>\n<td>270m\/dak<\/td>\n<\/tr>\n<tr>\n<td>Net A\u011f\u0131rl\u0131k<\/td>\n<td>2.7kg<\/td>\n<\/tr>\n<tr>\n<td>Ak\u0131m<\/td>\n<td>3.0Ah<\/td>\n<\/tr>\n<\/table>\n","protected":false},"excerpt":{"rendered":"<p><span style=\"background-color: white; color: rgb(33, 37, 41);\">Model 9910<\/span><\/p>\n<p><span style=\"background-color: white; color: rgb(33, 37, 41);\">Tank z\u0131mparalar<\/span><\/p>\n<p><span style=\"background-color: white; color: rgb(33, 37, 41);\">Devir Ayarl\u0131<\/span><\/p>\n<p><span style=\"background-color: white; color: rgb(33, 37, 41);\">650 W \u2022 76 x 457 mm<\/span><\/p>\n<p><strong style=\"background-color: white; color: rgb(0, 112, 192);\">Ah\u015fap ve y\u00fczeyler i\u00e7in kompakt devir ayarl\u0131 tank z\u0131mpara modeli<\/strong><\/p>\n<p><span style=\"background-color: white; color: rgb(33, 37, 41);\"> Ah\u015fap, metal ve boyal\u0131 y\u00fczeylerde h\u0131zl\u0131 ve etkili z\u0131mparalama i\u015flemleri i\u00e7in tasarlanm\u0131\u015f kompakt bir tank z\u0131mpara modelidir. 650 W motor g\u00fcc\u00fc ve 76&#215;457 mm z\u0131mpara band\u0131 ile dar alanlarda dahi y\u00fcksek performans sunar.Dakikada 270m bant h\u0131z\u0131na sahiptir. D\u00fc\u015f\u00fck titre\u015fimli yap\u0131s\u0131, ergonomik tasar\u0131m\u0131 ve otomatik bant merkezleme \u00f6zelli\u011fiyle kullan\u0131c\u0131 konforunu art\u0131r\u0131r. Genellikle marangozluk, mobilya yenileme ve y\u00fczey haz\u0131rl\u0131\u011f\u0131 projelerinde tercih edilir. Toz toplama sistemi sayesinde temiz ve g\u00fcvenli bir \u00e7al\u0131\u015fma ortam\u0131 sa\u011flar.<\/span><\/p>\n<p><span style=\"background-color: white; color: red;\">Kullan\u0131m amac\u0131: <\/span><span style=\"background-color: white; color: rgb(33, 37, 41);\">Makine, tahta , plastik ve metal malzeme ile boyal\u0131 y\u00fczeylerin geni\u015f y\u00fczeylerini z\u0131mparalamak ama\u00e7t\u0131r. <\/span><\/p>\n<p><u style=\"background-color: white; color: black;\">\u00d6zellikleri:<\/u><span style=\"background-color: white; color: rgb(33, 37, 41);\"> <\/span><\/p>\n<p><span style=\"color: red;\">G\u00fc\u00e7 Kayna\u011f\u0131:<\/span>Makinan\u0131n, yaln\u0131zca isim levhas\u0131nda belirtilenle ayn\u0131 voltajl\u0131 g\u00fc\u00e7 kayna\u011f\u0131na ba\u011flanmas\u0131 gerekir ve yaln\u0131zca tek fazl\u0131 AC g\u00fc\u00e7 kayna\u011f\u0131yla \u00e7al\u0131\u015ft\u0131r\u0131labilir. \u00c7ifte yal\u0131t\u0131ml\u0131d\u0131r ve topraklamas\u0131z prizlerle de kullan\u0131labilir.<\/p>\n<ol>\n<li data-list=\"bullet\"><span class=\"ql-ui\" contenteditable=\"false\"><\/span>\u00c7ift yal\u0131t\u0131ml\u0131d\u0131r.<\/li>\n<li data-list=\"bullet\"><span class=\"ql-ui\" contenteditable=\"false\"><\/span>Toz emme \u00fcnitesi mevcuttur.<\/li>\n<\/ol>\n<p><span style=\"color: black;\">Ambalaj i\u00e7eri\u011fi: Toz torbas\u0131,Bant Z\u0131mpara <\/span><\/p>\n","protected":false},"featured_media":10571,"comment_status":"open","ping_status":"closed","template":"","meta":{"_acf_changed":false},"product_brand":[1485],"product_cat":[949],"product_tag":[],"class_list":{"0":"post-9255","1":"product","2":"type-product","3":"status-publish","4":"has-post-thumbnail","6":"product_brand-makita","7":"product_cat-tank-zimparalar","9":"first","10":"instock","11":"taxable","12":"shipping-taxable","13":"purchasable","14":"product-type-simple","15":"add-to-wishlist-after_add_to_cart"},"acf":[],"_links":{"self":[{"href":"https:\/\/www.makitamarket.com.tr\/site\/wp-json\/wp\/v2\/product\/9255","targetHints":{"allow":["GET"]}}],"collection":[{"href":"https:\/\/www.makitamarket.com.tr\/site\/wp-json\/wp\/v2\/product"}],"about":[{"href":"https:\/\/www.makitamarket.com.tr\/site\/wp-json\/wp\/v2\/types\/product"}],"replies":[{"embeddable":true,"href":"https:\/\/www.makitamarket.com.tr\/site\/wp-json\/wp\/v2\/comments?post=9255"}],"wp:featuredmedia":[{"embeddable":true,"href":"https:\/\/www.makitamarket.com.tr\/site\/wp-json\/wp\/v2\/media\/10571"}],"wp:attachment":[{"href":"https:\/\/www.makitamarket.com.tr\/site\/wp-json\/wp\/v2\/media?parent=9255"}],"wp:term":[{"taxonomy":"product_brand","embeddable":true,"href":"https:\/\/www.makitamarket.com.tr\/site\/wp-json\/wp\/v2\/product_brand?post=9255"},{"taxonomy":"product_cat","embeddable":true,"href":"https:\/\/www.makitamarket.com.tr\/site\/wp-json\/wp\/v2\/product_cat?post=9255"},{"taxonomy":"product_tag","embeddable":true,"href":"https:\/\/www.makitamarket.com.tr\/site\/wp-json\/wp\/v2\/product_tag?post=9255"}],"curies":[{"name":"wp","href":"https:\/\/api.w.org\/{rel}","templated":true}]}}