{"id":9272,"date":"2024-11-27T19:52:27","date_gmt":"2024-11-27T16:52:27","guid":{"rendered":"https:\/\/www.makitamarket.com.tr\/site\/urun\/proxxon-proxxon-20200-uf-e-universal-freze-sistemi\/"},"modified":"2026-04-06T12:45:40","modified_gmt":"2026-04-06T09:45:40","slug":"proxxon-proxxon-20200-uf-e-universal-freze-sistemi","status":"publish","type":"product","link":"https:\/\/www.makitamarket.com.tr\/site\/urun\/proxxon-proxxon-20200-uf-e-universal-freze-sistemi\/","title":{"rendered":"Proxxon 20200 PROXXON 20200 UF\/E \u00dcN\u0130VERSAL FREZE S\u0130STEM\u0130"},"content":{"rendered":"<div>\n\t<strong>Sevkiyat kapsam\u0131: <\/strong>\u00dc\u00e7 adet DIN\/ISO standard\u0131nda 2.5 \u2013 3 ve 6mm ER11 pens.<\/div>\n<div>\n\t\u2022 CNC frezelerde<\/div>\n<div>\n\t\u2022 BFB 2000 matkap\/ freze stand\u0131 ve KT150 koordinat sehpas\u0131nda.<\/div>\n<div>\n\t\u2022 MB 200 matkap stand\u0131 ve KT70 koordinat sehpas\u0131nda.<\/div>\n<table>\n<tr>\n<td>G\u00fc\u00e7<\/td>\n<td>250 W<\/td>\n<\/tr>\n<tr>\n<td>\u00c7al\u0131\u015fma gerilimi<\/td>\n<td>220-240V<\/td>\n<\/tr>\n<tr>\n<td>Devir<\/td>\n<td>10.000-30.000d\/dak<\/td>\n<\/tr>\n<tr>\n<td>A\u011f\u0131rl\u0131k<\/td>\n<td>730g<\/td>\n<\/tr>\n<\/table>\n","protected":false},"excerpt":{"rendered":"<div>\n\t<strong>Sevkiyat kapsam\u0131: <\/strong>\u00dc\u00e7 adet DIN\/ISO standard\u0131nda 2.5 \u2013 3 ve 6mm ER11 pens.<\/div>\n<div>\n\t\u2022 CNC frezelerde<\/div>\n<div>\n\t\u2022 BFB 2000 matkap\/ freze stand\u0131 ve KT150 koordinat sehpas\u0131nda.<\/div>\n<div>\n\t\u2022 MB 200 matkap stand\u0131 ve KT70 koordinat sehpas\u0131nda.<\/div>\n","protected":false},"featured_media":0,"comment_status":"open","ping_status":"closed","template":"","meta":{"_acf_changed":false},"product_brand":[1501],"product_cat":[1565],"product_tag":[],"class_list":{"0":"post-9272","1":"product","2":"type-product","3":"status-publish","5":"product_brand-proxxon","6":"product_cat-yok-yok","8":"first","9":"instock","10":"taxable","11":"shipping-taxable","12":"purchasable","13":"product-type-simple","14":"add-to-wishlist-after_add_to_cart"},"acf":[],"_links":{"self":[{"href":"https:\/\/www.makitamarket.com.tr\/site\/wp-json\/wp\/v2\/product\/9272","targetHints":{"allow":["GET"]}}],"collection":[{"href":"https:\/\/www.makitamarket.com.tr\/site\/wp-json\/wp\/v2\/product"}],"about":[{"href":"https:\/\/www.makitamarket.com.tr\/site\/wp-json\/wp\/v2\/types\/product"}],"replies":[{"embeddable":true,"href":"https:\/\/www.makitamarket.com.tr\/site\/wp-json\/wp\/v2\/comments?post=9272"}],"wp:attachment":[{"href":"https:\/\/www.makitamarket.com.tr\/site\/wp-json\/wp\/v2\/media?parent=9272"}],"wp:term":[{"taxonomy":"product_brand","embeddable":true,"href":"https:\/\/www.makitamarket.com.tr\/site\/wp-json\/wp\/v2\/product_brand?post=9272"},{"taxonomy":"product_cat","embeddable":true,"href":"https:\/\/www.makitamarket.com.tr\/site\/wp-json\/wp\/v2\/product_cat?post=9272"},{"taxonomy":"product_tag","embeddable":true,"href":"https:\/\/www.makitamarket.com.tr\/site\/wp-json\/wp\/v2\/product_tag?post=9272"}],"curies":[{"name":"wp","href":"https:\/\/api.w.org\/{rel}","templated":true}]}}