{"id":9276,"date":"2024-11-27T19:52:29","date_gmt":"2024-11-27T16:52:29","guid":{"rendered":"https:\/\/www.makitamarket.com.tr\/site\/urun\/makita-kilic-testere\/"},"modified":"2026-04-06T13:07:52","modified_gmt":"2026-04-06T10:07:52","slug":"makita-kilic-testere","status":"publish","type":"product","link":"https:\/\/www.makitamarket.com.tr\/site\/urun\/makita-kilic-testere\/","title":{"rendered":"Makita JR3051TK KILI\u00c7 TESTERE"},"content":{"rendered":"<p><span style=\"color: rgb(33, 37, 41); background-color: white;\">Model JR3051TK<\/span><\/p>\n<p><span style=\"color: rgb(33, 37, 41); background-color: white;\">K\u0131l\u0131\u00e7 Testereler<\/span><\/p>\n<p><span style=\"color: rgb(33, 37, 41); background-color: white;\">1.200 W \u2022 0 \u2013 3.000 dak\u207b\u00b9 \u2022 30 mm<\/span><\/p>\n<p><span style=\"color: rgb(0, 112, 192); background-color: white;\">Profesyoneller i\u00e7in g\u00fcvenilir k\u0131l\u0131\u00e7 testere <\/span><\/p>\n<p><span style=\"color: rgb(33, 37, 41); background-color: white;\"> Metal ve y\u0131k\u0131m i\u015flerinde k\u0131v\u0131lc\u0131ms\u0131z kesim i\u00e7in temel bir alternatif testere modelidir.Metal, ah\u015fap ve plastik gibi malzemelerde h\u0131zl\u0131 ve hassas kesim yapmak i\u00e7in tasarlanm\u0131\u015f g\u00fc\u00e7l\u00fc bir k\u0131l\u0131\u00e7 testere modelidir. 1.200 W motor g\u00fcc\u00fc, 30 mm var-gel uzunlu\u011fu ve dakikada 0-3.000 var-gel say\u0131s\u0131 ile y\u00fcksek performans sunar. Ergonomik tasar\u0131m\u0131, kolay b\u0131\u00e7ak de\u011fi\u015ftirme sistemi ve dayan\u0131kl\u0131 yap\u0131s\u0131yla hem profesyonel hem de amat\u00f6r kullan\u0131c\u0131lar i\u00e7in idealdir. Genellikle in\u015faat, tadilat ve demontaj i\u015fleri gibi zorlu uygulamalarda tercih edilir.<\/span><\/p>\n<p><span style=\"color: red; background-color: white;\">Kullan\u0131m amac\u0131: <\/span><span style=\"color: rgb(33, 37, 41); background-color: white;\">Bu alet ah\u015fap, plastik ve demir malzemeleri kesmek amac\u0131yla kullan\u0131l\u0131r. <\/span><\/p>\n<p><u>\u00d6zellikleri:<\/u><\/p>\n<p><span style=\"color: red;\">G\u00fc\u00e7 Kayna\u011f\u0131:<\/span>Aletin,yaln\u0131zca isim levhas\u0131nda belirtilenle ayn\u0131 voltajl\u0131 g\u00fc\u00e7 kayna\u011f\u0131na ba\u011flanmas\u0131 gerekir ve yaln\u0131zca tek fazl\u0131 AC g\u00fc\u00e7 kayna\u011f\u0131yla \u00e7al\u0131\u015ft\u0131r\u0131labilir. \u00c7ifte yal\u0131t\u0131ml\u0131d\u0131r ve topraklamas\u0131z prizlerle de kullan\u0131labilir.<\/p>\n<ol>\n<li data-list=\"bullet\"><span class=\"ql-ui\" contenteditable=\"false\"><\/span>\u00c7ift yal\u0131t\u0131ml\u0131d\u0131r.<\/li>\n<li data-list=\"bullet\"><span class=\"ql-ui\" contenteditable=\"false\"><\/span>De\u011fi\u015fken h\u0131z \u00f6zelli\u011fine sahiptir.<\/li>\n<li data-list=\"bullet\"><span class=\"ql-ui\" contenteditable=\"false\"><\/span><span style=\"color: rgb(33, 37, 41);\">Toz emme \u00fcnitesi mevcuttur.<\/span><\/li>\n<\/ol>\n<table>\n<tr>\n<td>S\u00fcrekli Ak\u0131m Giri\u015fi<\/td>\n<td>1200W<\/td>\n<\/tr>\n<tr>\n<td>Kapasite<\/td>\n<td>Boru : 130mm, Ah\u015fap : 255mm<\/td>\n<\/tr>\n<tr>\n<td>Vargel Uzunlu\u011fu<\/td>\n<td>30 mm<\/td>\n<\/tr>\n<tr>\n<td>Vargel Say\u0131s\u0131<\/td>\n<td>0-3.000 devir\/dk<\/td>\n<\/tr>\n<tr>\n<td>Net A\u011f\u0131rl\u0131k<\/td>\n<td>3,2 kg<\/td>\n<\/tr>\n<tr>\n<td>Ak\u0131m<\/td>\n<td>5.33Ah<\/td>\n<\/tr>\n<\/table>\n","protected":false},"excerpt":{"rendered":"<p><span style=\"color: rgb(33, 37, 41); background-color: white;\">Model JR3051TK<\/span><\/p>\n<p><span style=\"color: rgb(33, 37, 41); background-color: white;\">K\u0131l\u0131\u00e7 Testereler<\/span><\/p>\n<p><span style=\"color: rgb(33, 37, 41); background-color: white;\">1.200 W \u2022 0 \u2013 3.000 dak\u207b\u00b9 \u2022 30 mm<\/span><\/p>\n<p><span style=\"color: rgb(0, 112, 192); background-color: white;\">Profesyoneller i\u00e7in g\u00fcvenilir k\u0131l\u0131\u00e7 testere <\/span><\/p>\n<p><span style=\"color: rgb(33, 37, 41); background-color: white;\"> Metal ve y\u0131k\u0131m i\u015flerinde k\u0131v\u0131lc\u0131ms\u0131z kesim i\u00e7in temel bir alternatif testere modelidir.Metal, ah\u015fap ve plastik gibi malzemelerde h\u0131zl\u0131 ve hassas kesim yapmak i\u00e7in tasarlanm\u0131\u015f g\u00fc\u00e7l\u00fc bir k\u0131l\u0131\u00e7 testere modelidir. 1.200 W motor g\u00fcc\u00fc, 30 mm var-gel uzunlu\u011fu ve dakikada 0-3.000 var-gel say\u0131s\u0131 ile y\u00fcksek performans sunar. Ergonomik tasar\u0131m\u0131, kolay b\u0131\u00e7ak de\u011fi\u015ftirme sistemi ve dayan\u0131kl\u0131 yap\u0131s\u0131yla hem profesyonel hem de amat\u00f6r kullan\u0131c\u0131lar i\u00e7in idealdir. Genellikle in\u015faat, tadilat ve demontaj i\u015fleri gibi zorlu uygulamalarda tercih edilir.<\/span><\/p>\n<p><span style=\"color: red; background-color: white;\">Kullan\u0131m amac\u0131: <\/span><span style=\"color: rgb(33, 37, 41); background-color: white;\">Bu alet ah\u015fap, plastik ve demir malzemeleri kesmek amac\u0131yla kullan\u0131l\u0131r. <\/span><\/p>\n<p><u>\u00d6zellikleri:<\/u><\/p>\n<p><span style=\"color: red;\">G\u00fc\u00e7 Kayna\u011f\u0131:<\/span>Aletin,yaln\u0131zca isim levhas\u0131nda belirtilenle ayn\u0131 voltajl\u0131 g\u00fc\u00e7 kayna\u011f\u0131na ba\u011flanmas\u0131 gerekir ve yaln\u0131zca tek fazl\u0131 AC g\u00fc\u00e7 kayna\u011f\u0131yla \u00e7al\u0131\u015ft\u0131r\u0131labilir. \u00c7ifte yal\u0131t\u0131ml\u0131d\u0131r ve topraklamas\u0131z prizlerle de kullan\u0131labilir.<\/p>\n<ol>\n<li data-list=\"bullet\"><span class=\"ql-ui\" contenteditable=\"false\"><\/span>\u00c7ift yal\u0131t\u0131ml\u0131d\u0131r.<\/li>\n<li data-list=\"bullet\"><span class=\"ql-ui\" contenteditable=\"false\"><\/span>De\u011fi\u015fken h\u0131z \u00f6zelli\u011fine sahiptir.<\/li>\n<li data-list=\"bullet\"><span class=\"ql-ui\" contenteditable=\"false\"><\/span><span style=\"color: rgb(33, 37, 41);\">Toz emme \u00fcnitesi mevcuttur.<\/span><\/li>\n<\/ol>\n","protected":false},"featured_media":10128,"comment_status":"open","ping_status":"closed","template":"","meta":{"_acf_changed":false},"product_brand":[1485],"product_cat":[952],"product_tag":[],"class_list":{"0":"post-9276","1":"product","2":"type-product","3":"status-publish","4":"has-post-thumbnail","6":"product_brand-makita","7":"product_cat-kilic-testereler","9":"first","10":"instock","11":"taxable","12":"shipping-taxable","13":"purchasable","14":"product-type-simple","15":"add-to-wishlist-after_add_to_cart"},"acf":[],"_links":{"self":[{"href":"https:\/\/www.makitamarket.com.tr\/site\/wp-json\/wp\/v2\/product\/9276","targetHints":{"allow":["GET"]}}],"collection":[{"href":"https:\/\/www.makitamarket.com.tr\/site\/wp-json\/wp\/v2\/product"}],"about":[{"href":"https:\/\/www.makitamarket.com.tr\/site\/wp-json\/wp\/v2\/types\/product"}],"replies":[{"embeddable":true,"href":"https:\/\/www.makitamarket.com.tr\/site\/wp-json\/wp\/v2\/comments?post=9276"}],"wp:featuredmedia":[{"embeddable":true,"href":"https:\/\/www.makitamarket.com.tr\/site\/wp-json\/wp\/v2\/media\/10128"}],"wp:attachment":[{"href":"https:\/\/www.makitamarket.com.tr\/site\/wp-json\/wp\/v2\/media?parent=9276"}],"wp:term":[{"taxonomy":"product_brand","embeddable":true,"href":"https:\/\/www.makitamarket.com.tr\/site\/wp-json\/wp\/v2\/product_brand?post=9276"},{"taxonomy":"product_cat","embeddable":true,"href":"https:\/\/www.makitamarket.com.tr\/site\/wp-json\/wp\/v2\/product_cat?post=9276"},{"taxonomy":"product_tag","embeddable":true,"href":"https:\/\/www.makitamarket.com.tr\/site\/wp-json\/wp\/v2\/product_tag?post=9276"}],"curies":[{"name":"wp","href":"https:\/\/api.w.org\/{rel}","templated":true}]}}