{"id":9278,"date":"2024-11-27T19:52:29","date_gmt":"2024-11-27T16:52:29","guid":{"rendered":"https:\/\/www.makitamarket.com.tr\/site\/urun\/lavor-zemin-yikama-otomati-25w\/"},"modified":"2026-04-06T12:45:41","modified_gmt":"2026-04-06T09:45:41","slug":"lavor-zemin-yikama-otomati-25w","status":"publish","type":"product","link":"https:\/\/www.makitamarket.com.tr\/site\/urun\/lavor-zemin-yikama-otomati-25w\/","title":{"rendered":"Lavor BSW 375ET ZEM\u0130N YIKAMA OTOMATI 25W"},"content":{"rendered":"<p>\n\tAk\u00fc ve \u015farj cihaz\u0131 fiyata dahildir.<\/p>\n<table>\n<tr>\n<td>Teorik Temizleme Kapasitesi<\/td>\n<td>1015 m2\/h<\/td>\n<\/tr>\n<tr>\n<td>G\u00fc\u00e7 Kayna\u011f\u0131<\/td>\n<td>10.8\/1.5Ah Ak\u00fc<\/td>\n<\/tr>\n<tr>\n<td>Maksimum G\u00fc\u00e7<\/td>\n<td>25Watt<\/td>\n<\/tr>\n<tr>\n<td>Tank Kapasitesi<\/td>\n<td>2 Lt<\/td>\n<\/tr>\n<tr>\n<td>\u00d6l\u00e7\u00fcler<\/td>\n<td>30x36x70<\/td>\n<\/tr>\n<tr>\n<td>Ses seviyesi<\/td>\n<td>68 dB<\/td>\n<\/tr>\n<tr>\n<td>A\u011f\u0131rl\u0131k<\/td>\n<td>2.8 kg<\/td>\n<\/tr>\n<\/table>\n","protected":false},"excerpt":{"rendered":"<p>\n\tAk\u00fc ve \u015farj cihaz\u0131 fiyata dahildir.<\/p>\n","protected":false},"featured_media":9277,"comment_status":"open","ping_status":"closed","template":"","meta":{"_acf_changed":false},"product_brand":[1493],"product_cat":[767],"product_tag":[],"class_list":{"0":"post-9278","1":"product","2":"type-product","3":"status-publish","4":"has-post-thumbnail","6":"product_brand-lavor","7":"product_cat-zemin-yikama-otomatlari","9":"first","10":"outofstock","11":"taxable","12":"shipping-taxable","13":"purchasable","14":"product-type-simple","15":"add-to-wishlist-after_add_to_cart"},"acf":[],"_links":{"self":[{"href":"https:\/\/www.makitamarket.com.tr\/site\/wp-json\/wp\/v2\/product\/9278","targetHints":{"allow":["GET"]}}],"collection":[{"href":"https:\/\/www.makitamarket.com.tr\/site\/wp-json\/wp\/v2\/product"}],"about":[{"href":"https:\/\/www.makitamarket.com.tr\/site\/wp-json\/wp\/v2\/types\/product"}],"replies":[{"embeddable":true,"href":"https:\/\/www.makitamarket.com.tr\/site\/wp-json\/wp\/v2\/comments?post=9278"}],"wp:featuredmedia":[{"embeddable":true,"href":"https:\/\/www.makitamarket.com.tr\/site\/wp-json\/wp\/v2\/media\/9277"}],"wp:attachment":[{"href":"https:\/\/www.makitamarket.com.tr\/site\/wp-json\/wp\/v2\/media?parent=9278"}],"wp:term":[{"taxonomy":"product_brand","embeddable":true,"href":"https:\/\/www.makitamarket.com.tr\/site\/wp-json\/wp\/v2\/product_brand?post=9278"},{"taxonomy":"product_cat","embeddable":true,"href":"https:\/\/www.makitamarket.com.tr\/site\/wp-json\/wp\/v2\/product_cat?post=9278"},{"taxonomy":"product_tag","embeddable":true,"href":"https:\/\/www.makitamarket.com.tr\/site\/wp-json\/wp\/v2\/product_tag?post=9278"}],"curies":[{"name":"wp","href":"https:\/\/api.w.org\/{rel}","templated":true}]}}