{"id":9281,"date":"2024-11-27T19:52:30","date_gmt":"2024-11-27T16:52:30","guid":{"rendered":"https:\/\/www.makitamarket.com.tr\/site\/urun\/makita-elektrikli-cim-kaziyici-1800w\/"},"modified":"2026-04-21T00:35:16","modified_gmt":"2026-04-20T21:35:16","slug":"makita-elektrikli-cim-kaziyici-1800w","status":"publish","type":"product","link":"https:\/\/www.makitamarket.com.tr\/site\/urun\/makita-elektrikli-cim-kaziyici-1800w\/","title":{"rendered":"Makita UV3600 ELEKTR\u0130KL\u0130 \u00c7\u0130M KAZIYICI 1800W"},"content":{"rendered":"<p>Model UV3600<\/p>\n<p>Elektrikli \u00c7im Kaz\u0131y\u0131c\u0131<\/p>\n<p>\u2022 1.800 W \u202240L<\/p>\n<p><strong style=\"color: rgb(0, 112, 192);\">Y\u00fcksek Performansl\u0131 Elektrikli \u00c7im Kaz\u0131y\u0131c\u0131<\/strong><\/p>\n<p>Yapraklar ve di\u011fer hafif at\u0131klar\u0131 temizlemek i\u00e7in tasarlanm\u0131\u015f g\u00fc\u00e7l\u00fc bir elektrikli \u00e7im kaz\u0131y\u0131c\u0131 modelidir. <strong>1.800 W motor g\u00fcc\u00fc<\/strong> ile verimli bir temizlik sa\u011flar. 40 L \u00e7im haznesine sahiptir.<strong>Ergonomik tasar\u0131m\u0131<\/strong>, <strong>ayarlanabilir tutma kolu<\/strong> ve <strong>y\u00fcksek hava ak\u0131\u015f\u0131 kapasitesi<\/strong> sayesinde konforlu kullan\u0131m sunar. Bah\u00e7e i\u015flerinde, parklar ve a\u00e7\u0131k alanlarda temizlik ve yaprak toplama gibi i\u015flemlerde tercih edilen bir modeldir.<\/p>\n<ol>\n<li data-list=\"bullet\"><span class=\"ql-ui\" contenteditable=\"false\"><\/span><span style=\"color: rgb(33, 37, 41);\">Primer pompas\u0131 vard\u0131r.<\/span><\/li>\n<\/ol>\n<p><span style=\"color: red;\">Kullan\u0131m amac\u0131: <\/span>Topra\u011f\u0131 havaland\u0131rmak ve bah\u00e7e bak\u0131m\u0131n\u0131 kolayla\u015ft\u0131rmak i\u00e7in tasarlanm\u0131\u015f bir elektrikli toprak havaland\u0131rma makinesidir.<\/p>\n<p><u>\u00d6zellikleri:<\/u><\/p>\n<p><span style=\"color: red;\">G\u00fc\u00e7 Kayna\u011f\u0131: <\/span>Aletin,yaln\u0131zca isim levhas\u0131nda belirtilenle ayn\u0131 voltajl\u0131 g\u00fc\u00e7 kayna\u011f\u0131na ba\u011flanmas\u0131 gerekir ve yaln\u0131zca tek fazl\u0131 AC g\u00fc\u00e7 kayna\u011f\u0131yla \u00e7al\u0131\u015ft\u0131r\u0131labilir. \u00c7ifte yal\u0131t\u0131ml\u0131d\u0131r ve topraklamas\u0131z prizlerle de kullan\u0131labilir.<\/p>\n<p>Ambalaj i\u00e7eri\u011fi: Tekerlekler, \u00e7im haznesi<\/p>\n<table>\n<tr>\n<td>\u015ease<\/td>\n<td>ABS<\/td>\n<\/tr>\n<tr>\n<td>Motor<\/td>\n<td>1800watt<\/td>\n<\/tr>\n<tr>\n<td>Kesme Geni\u015fli\u011fi<\/td>\n<td>36cm<\/td>\n<\/tr>\n<tr>\n<td>Y\u00fckseklik Ayar\u0131<\/td>\n<td>4 kademe -10\/-5\/0\/+5mm<\/td>\n<\/tr>\n<tr>\n<td>Ses seviyesi<\/td>\n<td>99.53dB(A)<\/td>\n<\/tr>\n<tr>\n<td>Titre\u015fim Say\u0131s\u0131<\/td>\n<td>4.673m\/s2<\/td>\n<\/tr>\n<tr>\n<td>A\u011f\u0131rl\u0131k<\/td>\n<td>15,3kg<\/td>\n<\/tr>\n<\/table>\n","protected":false},"excerpt":{"rendered":"<p>Model UV3600<\/p>\n<p>Elektrikli \u00c7im Kaz\u0131y\u0131c\u0131<\/p>\n<p>\u2022 1.800 W \u202240L<\/p>\n<p><strong style=\"color: rgb(0, 112, 192);\">Y\u00fcksek Performansl\u0131 Elektrikli \u00c7im Kaz\u0131y\u0131c\u0131<\/strong><\/p>\n<p>Yapraklar ve di\u011fer hafif at\u0131klar\u0131 temizlemek i\u00e7in tasarlanm\u0131\u015f g\u00fc\u00e7l\u00fc bir elektrikli \u00e7im kaz\u0131y\u0131c\u0131 modelidir. <strong>1.800 W motor g\u00fcc\u00fc<\/strong> ile verimli bir temizlik sa\u011flar. 40 L \u00e7im haznesine sahiptir.<strong>Ergonomik tasar\u0131m\u0131<\/strong>, <strong>ayarlanabilir tutma kolu<\/strong> ve <strong>y\u00fcksek hava ak\u0131\u015f\u0131 kapasitesi<\/strong> sayesinde konforlu kullan\u0131m sunar. Bah\u00e7e i\u015flerinde, parklar ve a\u00e7\u0131k alanlarda temizlik ve yaprak toplama gibi i\u015flemlerde tercih edilen bir modeldir.<\/p>\n<ol>\n<li data-list=\"bullet\"><span class=\"ql-ui\" contenteditable=\"false\"><\/span><span style=\"color: rgb(33, 37, 41);\">Primer pompas\u0131 vard\u0131r.<\/span><\/li>\n<\/ol>\n<p><span style=\"color: red;\">Kullan\u0131m amac\u0131: <\/span>Topra\u011f\u0131 havaland\u0131rmak ve bah\u00e7e bak\u0131m\u0131n\u0131 kolayla\u015ft\u0131rmak i\u00e7in tasarlanm\u0131\u015f bir elektrikli toprak havaland\u0131rma makinesidir.<\/p>\n<p><u>\u00d6zellikleri:<\/u><\/p>\n<p><span style=\"color: red;\">G\u00fc\u00e7 Kayna\u011f\u0131: <\/span>Aletin,yaln\u0131zca isim levhas\u0131nda belirtilenle ayn\u0131 voltajl\u0131 g\u00fc\u00e7 kayna\u011f\u0131na ba\u011flanmas\u0131 gerekir ve yaln\u0131zca tek fazl\u0131 AC g\u00fc\u00e7 kayna\u011f\u0131yla \u00e7al\u0131\u015ft\u0131r\u0131labilir. \u00c7ifte yal\u0131t\u0131ml\u0131d\u0131r ve topraklamas\u0131z prizlerle de kullan\u0131labilir.<\/p>\n<p>Ambalaj i\u00e7eri\u011fi: Tekerlekler, \u00e7im haznesi<\/p>\n","protected":false},"featured_media":9280,"comment_status":"open","ping_status":"closed","template":"","meta":{"_acf_changed":false},"product_brand":[1485],"product_cat":[953],"product_tag":[],"class_list":{"0":"post-9281","1":"product","2":"type-product","3":"status-publish","4":"has-post-thumbnail","6":"product_brand-makita","7":"product_cat-elektrikli-cim-kaziyici","9":"first","10":"outofstock","11":"taxable","12":"shipping-taxable","13":"purchasable","14":"product-type-simple","15":"add-to-wishlist-after_add_to_cart"},"acf":[],"_links":{"self":[{"href":"https:\/\/www.makitamarket.com.tr\/site\/wp-json\/wp\/v2\/product\/9281","targetHints":{"allow":["GET"]}}],"collection":[{"href":"https:\/\/www.makitamarket.com.tr\/site\/wp-json\/wp\/v2\/product"}],"about":[{"href":"https:\/\/www.makitamarket.com.tr\/site\/wp-json\/wp\/v2\/types\/product"}],"replies":[{"embeddable":true,"href":"https:\/\/www.makitamarket.com.tr\/site\/wp-json\/wp\/v2\/comments?post=9281"}],"wp:featuredmedia":[{"embeddable":true,"href":"https:\/\/www.makitamarket.com.tr\/site\/wp-json\/wp\/v2\/media\/9280"}],"wp:attachment":[{"href":"https:\/\/www.makitamarket.com.tr\/site\/wp-json\/wp\/v2\/media?parent=9281"}],"wp:term":[{"taxonomy":"product_brand","embeddable":true,"href":"https:\/\/www.makitamarket.com.tr\/site\/wp-json\/wp\/v2\/product_brand?post=9281"},{"taxonomy":"product_cat","embeddable":true,"href":"https:\/\/www.makitamarket.com.tr\/site\/wp-json\/wp\/v2\/product_cat?post=9281"},{"taxonomy":"product_tag","embeddable":true,"href":"https:\/\/www.makitamarket.com.tr\/site\/wp-json\/wp\/v2\/product_tag?post=9281"}],"curies":[{"name":"wp","href":"https:\/\/api.w.org\/{rel}","templated":true}]}}