{"id":9286,"date":"2024-11-27T19:52:32","date_gmt":"2024-11-27T16:52:32","guid":{"rendered":"https:\/\/www.makitamarket.com.tr\/site\/urun\/makita-makita-dk1475x3-kombo-kit-df330jv100\/"},"modified":"2025-11-16T04:53:17","modified_gmt":"2025-11-16T01:53:17","slug":"makita-makita-dk1475x3-kombo-kit-df330jv100","status":"publish","type":"product","link":"https:\/\/www.makitamarket.com.tr\/site\/urun\/makita-makita-dk1475x3-kombo-kit-df330jv100\/","title":{"rendered":"Makita DK1475X3 MAKITA DK1475X3 KOMBO KIT DF330+JV100"},"content":{"rendered":"<p style=\"text-align: center;\">\n\t\u00a0<\/p>\n<table border=\"1\" cellpadding=\"1\" cellspacing=\"1\" height=\"148\" width=\"378\">\n<tbody>\n<tr>\n<td colspan=\"2\" style=\"text-align: center;\">\n\t\t\t\t<strong>DF330DZ (Matkap Vidalama)<br \/>\n\t\t\t\t<\/strong><\/td>\n<\/tr>\n<tr>\n<td style=\"width: 200px; height: 10px;\">\n\t\t\t\tKapasite :<\/td>\n<td style=\"width: 200px; height: 15px;\">\n<p>\n\t\t\t\t\t\u00c7elik : 10mm , Ah\u015fap : 21mm<\/p>\n<\/td>\n<\/tr>\n<tr>\n<td style=\"width: 200px; height: 15px;\">\n\t\t\t\tBo\u015fta devir :<\/td>\n<td style=\"width: 200px; height: 15px;\">\n\t\t\t\t0-350\/1.300 d\/d<\/td>\n<\/tr>\n<tr>\n<td style=\"width: 200px; height: 15px;\">\n\t\t\t\tMaksimum tork :<\/td>\n<td style=\"width: 200px; height: 15px;\">\n\t\t\t\t12\/24N.m<\/td>\n<\/tr>\n<tr>\n<td style=\"width: 200px; height: 15px;\">\n\t\t\t\tNet a\u011f\u0131rl\u0131k :<\/td>\n<td style=\"width: 200px; height: 15px;\">\n\t\t\t\t1.0 kg<\/td>\n<\/tr>\n<tr>\n<td style=\"width: 200px; height: 15px;\">\n\t\t\t\tG\u00fc\u00e7 kapasite :<\/td>\n<td style=\"width: 200px; height: 15px;\">\n\t\t\t\t10.8V\/1.3Ah\/Li-ion<\/td>\n<\/tr>\n<tr>\n<td style=\"width: 200px; height: 15px;\">\n\t\t\t\tAk\u00fc \/ Sarj Cihaz\u0131 :<\/td>\n<td style=\"width: 200px; height: 15px;\">\n\t\t\t\tBL1013 \/ DC10WA<\/td>\n<\/tr>\n<tr>\n<td style=\"width: 200px; height: 15px;\">\n\t\t\t\tMandren :<\/td>\n<td style=\"width: 200px; height: 15px;\">\n\t\t\t\t1\/2&#8243;<\/td>\n<\/tr>\n<\/tbody>\n<\/table>\n<p>\n\t\u00a0<\/p>\n<table border=\"1\" cellpadding=\"1\" cellspacing=\"1\" height=\"146\" width=\"379\">\n<tbody>\n<tr>\n<td colspan=\"2\" style=\"text-align: center;\">\n\t\t\t\t<strong>JV100DZ (Dekupaj Testere)<br \/>\n\t\t\t\t<\/strong><\/td>\n<\/tr>\n<tr>\n<td style=\"width: 200px; height: 15px;\">\n\t\t\t\tKapasite :<\/td>\n<td style=\"width: 200px; height: 15px;\">\n\t\t\t\t\u00c7elik : 2mm, Ah\u015fap : 65mm<\/td>\n<\/tr>\n<tr>\n<td style=\"width: 200px; height: 15px;\">\n\t\t\t\tVar-gel Uzunlu\u011fu :<\/td>\n<td style=\"width: 200px; height: 15px;\">\n\t\t\t\t18mm<\/td>\n<\/tr>\n<tr>\n<td style=\"width: 200px; height: 15px;\">\n\t\t\t\tDakikada Var-gel say\u0131s\u0131 :<\/td>\n<td style=\"width: 200px; height: 15px;\">\n\t\t\t\t0-2400 devir\/dk<\/td>\n<\/tr>\n<tr>\n<td style=\"width: 200px; height: 15px;\">\n\t\t\t\tNet a\u011f\u0131rl\u0131k :<\/td>\n<td style=\"width: 200px; height: 15px;\">\n\t\t\t\t1.7 kg<\/td>\n<\/tr>\n<tr>\n<td style=\"width: 200px; height: 15px;\">\n\t\t\t\tG\u00fc\u00e7 kapasite :<\/td>\n<td style=\"width: 200px; height: 15px;\">\n\t\t\t\t10.8V\/1.3Ah\/Li-ion<\/td>\n<\/tr>\n<tr>\n<td style=\"width: 200px; height: 15px;\">\n\t\t\t\tAk\u00fc \/ Sarj Cihaz\u0131 :<\/td>\n<td style=\"width: 200px; height: 15px;\">\n\t\t\t\tBL1013 \/ DC10WA<\/td>\n<\/tr>\n<\/tbody>\n<\/table>\n<p>\n\tAmbalaj i\u00e7eri\u011fi : DF330DZ, JV100DZ, 2xBL1013, DC10WA, Alet \u00e7antas\u0131<\/p>\n<p>\n\tNOT : Set i\u00e7eri\u011finde 2 adet 1.3 Ah&#8217;lik Ak\u00fc bulunmaktad\u0131r.<\/p>\n<table><\/table>\n","protected":false},"excerpt":{"rendered":"<p style=\"text-align: center;\">\n\t\u00a0<\/p>\n<table border=\"1\" cellpadding=\"1\" cellspacing=\"1\" height=\"148\" width=\"378\">\n<tbody>\n<tr>\n<td colspan=\"2\" style=\"text-align: center;\">\n\t\t\t\t<strong>DF330DZ (Matkap Vidalama)<br \/>\n\t\t\t\t<\/strong><\/td>\n<\/tr>\n<tr>\n<td style=\"width: 200px; height: 10px;\">\n\t\t\t\tKapasite :<\/td>\n<td style=\"width: 200px; height: 15px;\">\n<p>\n\t\t\t\t\t\u00c7elik : 10mm , Ah\u015fap : 21mm<\/p>\n<\/td>\n<\/tr>\n<tr>\n<td style=\"width: 200px; height: 15px;\">\n\t\t\t\tBo\u015fta devir :<\/td>\n<td style=\"width: 200px; height: 15px;\">\n\t\t\t\t0-350\/1.300 d\/d<\/td>\n<\/tr>\n<tr>\n<td style=\"width: 200px; height: 15px;\">\n\t\t\t\tMaksimum tork :<\/td>\n<td style=\"width: 200px; height: 15px;\">\n\t\t\t\t12\/24N.m<\/td>\n<\/tr>\n<tr>\n<td style=\"width: 200px; height: 15px;\">\n\t\t\t\tNet a\u011f\u0131rl\u0131k :<\/td>\n<td style=\"width: 200px; height: 15px;\">\n\t\t\t\t1.0 kg<\/td>\n<\/tr>\n<tr>\n<td style=\"width: 200px; height: 15px;\">\n\t\t\t\tG\u00fc\u00e7 kapasite :<\/td>\n<td style=\"width: 200px; height: 15px;\">\n\t\t\t\t10.8V\/1.3Ah\/Li-ion<\/td>\n<\/tr>\n<tr>\n<td style=\"width: 200px; height: 15px;\">\n\t\t\t\tAk\u00fc \/ Sarj Cihaz\u0131 :<\/td>\n<td style=\"width: 200px; height: 15px;\">\n\t\t\t\tBL1013 \/ DC10WA<\/td>\n<\/tr>\n<tr>\n<td style=\"width: 200px; height: 15px;\">\n\t\t\t\tMandren :<\/td>\n<td style=\"width: 200px; height: 15px;\">\n\t\t\t\t1\/2&#8243;<\/td>\n<\/tr>\n<\/tbody>\n<\/table>\n<p>\n\t\u00a0<\/p>\n<table border=\"1\" cellpadding=\"1\" cellspacing=\"1\" height=\"146\" width=\"379\">\n<tbody>\n<tr>\n<td colspan=\"2\" style=\"text-align: center;\">\n\t\t\t\t<strong>JV100DZ (Dekupaj Testere)<br \/>\n\t\t\t\t<\/strong><\/td>\n<\/tr>\n<tr>\n<td style=\"width: 200px; height: 15px;\">\n\t\t\t\tKapasite :<\/td>\n<td style=\"width: 200px; height: 15px;\">\n\t\t\t\t\u00c7elik : 2mm, Ah\u015fap : 65mm<\/td>\n<\/tr>\n<tr>\n<td style=\"width: 200px; height: 15px;\">\n\t\t\t\tVar-gel Uzunlu\u011fu :<\/td>\n<td style=\"width: 200px; height: 15px;\">\n\t\t\t\t18mm<\/td>\n<\/tr>\n<tr>\n<td style=\"width: 200px; height: 15px;\">\n\t\t\t\tDakikada Var-gel say\u0131s\u0131 :<\/td>\n<td style=\"width: 200px; height: 15px;\">\n\t\t\t\t0-2400 devir\/dk<\/td>\n<\/tr>\n<tr>\n<td style=\"width: 200px; height: 15px;\">\n\t\t\t\tNet a\u011f\u0131rl\u0131k :<\/td>\n<td style=\"width: 200px; height: 15px;\">\n\t\t\t\t1.7 kg<\/td>\n<\/tr>\n<tr>\n<td style=\"width: 200px; height: 15px;\">\n\t\t\t\tG\u00fc\u00e7 kapasite :<\/td>\n<td style=\"width: 200px; height: 15px;\">\n\t\t\t\t10.8V\/1.3Ah\/Li-ion<\/td>\n<\/tr>\n<tr>\n<td style=\"width: 200px; height: 15px;\">\n\t\t\t\tAk\u00fc \/ Sarj Cihaz\u0131 :<\/td>\n<td style=\"width: 200px; height: 15px;\">\n\t\t\t\tBL1013 \/ DC10WA<\/td>\n<\/tr>\n<\/tbody>\n<\/table>\n<p>\n\tAmbalaj i\u00e7eri\u011fi : DF330DZ, JV100DZ, 2xBL1013, DC10WA, Alet \u00e7antas\u0131<\/p>\n<p>\n\tNOT : Set i\u00e7eri\u011finde 2 adet 1.3 Ah&#8217;lik Ak\u00fc bulunmaktad\u0131r.<\/p>\n","protected":false},"featured_media":9285,"comment_status":"open","ping_status":"closed","template":"","meta":{"_acf_changed":false},"product_brand":[1485],"product_cat":[1565],"product_tag":[],"class_list":{"0":"post-9286","1":"product","2":"type-product","3":"status-publish","4":"has-post-thumbnail","6":"product_brand-makita","7":"product_cat-yok-yok","9":"first","10":"outofstock","11":"taxable","12":"shipping-taxable","13":"purchasable","14":"product-type-simple","15":"add-to-wishlist-after_add_to_cart"},"acf":[],"_links":{"self":[{"href":"https:\/\/www.makitamarket.com.tr\/site\/wp-json\/wp\/v2\/product\/9286","targetHints":{"allow":["GET"]}}],"collection":[{"href":"https:\/\/www.makitamarket.com.tr\/site\/wp-json\/wp\/v2\/product"}],"about":[{"href":"https:\/\/www.makitamarket.com.tr\/site\/wp-json\/wp\/v2\/types\/product"}],"replies":[{"embeddable":true,"href":"https:\/\/www.makitamarket.com.tr\/site\/wp-json\/wp\/v2\/comments?post=9286"}],"wp:featuredmedia":[{"embeddable":true,"href":"https:\/\/www.makitamarket.com.tr\/site\/wp-json\/wp\/v2\/media\/9285"}],"wp:attachment":[{"href":"https:\/\/www.makitamarket.com.tr\/site\/wp-json\/wp\/v2\/media?parent=9286"}],"wp:term":[{"taxonomy":"product_brand","embeddable":true,"href":"https:\/\/www.makitamarket.com.tr\/site\/wp-json\/wp\/v2\/product_brand?post=9286"},{"taxonomy":"product_cat","embeddable":true,"href":"https:\/\/www.makitamarket.com.tr\/site\/wp-json\/wp\/v2\/product_cat?post=9286"},{"taxonomy":"product_tag","embeddable":true,"href":"https:\/\/www.makitamarket.com.tr\/site\/wp-json\/wp\/v2\/product_tag?post=9286"}],"curies":[{"name":"wp","href":"https:\/\/api.w.org\/{rel}","templated":true}]}}