{"id":9300,"date":"2024-11-27T19:52:42","date_gmt":"2024-11-27T16:52:42","guid":{"rendered":"https:\/\/www.makitamarket.com.tr\/site\/urun\/virax-virax-2501-00-yay-tipi-bakir-boru-bukme\/"},"modified":"2026-03-30T07:27:33","modified_gmt":"2026-03-30T04:27:33","slug":"virax-virax-2501-00-yay-tipi-bakir-boru-bukme","status":"publish","type":"product","link":"https:\/\/www.makitamarket.com.tr\/site\/urun\/virax-virax-2501-00-yay-tipi-bakir-boru-bukme\/","title":{"rendered":"Virax 250100 VIRAX 2501 00 YAY T\u0130P\u0130 BAKIR BORU BUKME"},"content":{"rendered":"<p>\n\t<strong>*Virax Yay Tipi\u00a0 Boru B\u00fck\u00fcc\u00fc<\/strong> ile\u00a010-22mm aras\u0131ndaki bak\u0131r borular\u0131 kolayca b\u00fckebilirsiniz.<br \/>\n\t*<strong>B\u00fckme A\u00e7\u0131s\u0131:<\/strong> 0-90<span new=\"\\\" times=\"\\\"><font color=\"#000000\">\u00b0<br \/>\n\t*Plastik \u00e7anta ile birlikte sevk edilir.<\/font><\/span><\/p>\n<table>\n<tr>\n<td>Boru \u00d6l\u00e7\u00fcs\u00fc<\/td>\n<td>10-12-14-16-18-22mm<\/td>\n<\/tr>\n<tr>\n<td>A\u011f\u0131rl\u0131k<\/td>\n<td>5,150<\/td>\n<\/tr>\n<tr>\n<td>B\u00fckme A\u00e7\u0131s\u0131<\/td>\n<td>0\u00b0-90\u00b0<\/td>\n<\/tr>\n<\/table>\n","protected":false},"excerpt":{"rendered":"<p>\n\t<strong>*Virax Yay Tipi\u00a0 Boru B\u00fck\u00fcc\u00fc<\/strong> ile\u00a010-22mm aras\u0131ndaki bak\u0131r borular\u0131 kolayca b\u00fckebilirsiniz.<br \/>\n\t*<strong>B\u00fckme A\u00e7\u0131s\u0131:<\/strong> 0-90<span new=\"\\\" times=\"\\\"><font color=\"#000000\">\u00b0<br \/>\n\t*Plastik \u00e7anta ile birlikte sevk edilir.<\/font><\/span><\/p>\n","protected":false},"featured_media":9299,"comment_status":"open","ping_status":"closed","template":"","meta":{"_acf_changed":false},"product_brand":[1495],"product_cat":[1565],"product_tag":[],"class_list":{"0":"post-9300","1":"product","2":"type-product","3":"status-publish","4":"has-post-thumbnail","6":"product_brand-virax","7":"product_cat-yok-yok","9":"first","10":"outofstock","11":"taxable","12":"shipping-taxable","13":"purchasable","14":"product-type-simple","15":"add-to-wishlist-after_add_to_cart"},"acf":[],"_links":{"self":[{"href":"https:\/\/www.makitamarket.com.tr\/site\/wp-json\/wp\/v2\/product\/9300","targetHints":{"allow":["GET"]}}],"collection":[{"href":"https:\/\/www.makitamarket.com.tr\/site\/wp-json\/wp\/v2\/product"}],"about":[{"href":"https:\/\/www.makitamarket.com.tr\/site\/wp-json\/wp\/v2\/types\/product"}],"replies":[{"embeddable":true,"href":"https:\/\/www.makitamarket.com.tr\/site\/wp-json\/wp\/v2\/comments?post=9300"}],"wp:featuredmedia":[{"embeddable":true,"href":"https:\/\/www.makitamarket.com.tr\/site\/wp-json\/wp\/v2\/media\/9299"}],"wp:attachment":[{"href":"https:\/\/www.makitamarket.com.tr\/site\/wp-json\/wp\/v2\/media?parent=9300"}],"wp:term":[{"taxonomy":"product_brand","embeddable":true,"href":"https:\/\/www.makitamarket.com.tr\/site\/wp-json\/wp\/v2\/product_brand?post=9300"},{"taxonomy":"product_cat","embeddable":true,"href":"https:\/\/www.makitamarket.com.tr\/site\/wp-json\/wp\/v2\/product_cat?post=9300"},{"taxonomy":"product_tag","embeddable":true,"href":"https:\/\/www.makitamarket.com.tr\/site\/wp-json\/wp\/v2\/product_tag?post=9300"}],"curies":[{"name":"wp","href":"https:\/\/api.w.org\/{rel}","templated":true}]}}