{"id":9341,"date":"2024-11-27T19:53:06","date_gmt":"2024-11-27T16:53:06","guid":{"rendered":"https:\/\/www.makitamarket.com.tr\/site\/urun\/scheppach-cift-devirli-yatar-testere\/"},"modified":"2025-11-16T04:56:08","modified_gmt":"2025-11-16T01:56:08","slug":"scheppach-cift-devirli-yatar-testere","status":"publish","type":"product","link":"https:\/\/www.makitamarket.com.tr\/site\/urun\/scheppach-cift-devirli-yatar-testere\/","title":{"rendered":"Scheppach HS112-2X \u00c7\u0130FT DEV\u0130RL\u0130 YATAR TESTERE"},"content":{"rendered":"<table>\n<tr>\n<td>Testere \u00d6l\u00e7\u00fcs\u00fc<\/td>\n<td>\u00d8 254 x 30mm \/48di\u015f<\/td>\n<\/tr>\n<tr>\n<td>Testere H\u0131z\u0131<\/td>\n<td>3200, 5000 d-dak.<\/td>\n<\/tr>\n<tr>\n<td>Ebatlar (UxGxY)<\/td>\n<td>800x1005x1000 mm<\/td>\n<\/tr>\n<tr>\n<td>Tabla \u00d6l\u00e7\u00fcs\u00fc<\/td>\n<td>575&#215;555 mm<\/td>\n<\/tr>\n<tr>\n<td>Uzatmal\u0131 Tabla \u00d6l\u00e7\u00fcs\u00fc<\/td>\n<td>575&#215;1005 mm<\/td>\n<\/tr>\n<tr>\n<td>Yatma A\u00e7\u0131s\u0131<\/td>\n<td>0-45\u00ba<\/td>\n<\/tr>\n<tr>\n<td>Tabla Y\u00fcksekli\u011fi<\/td>\n<td>880 mm<\/td>\n<\/tr>\n<tr>\n<td>90\u00ba kesim derinli\u011fi<\/td>\n<td>85 mm<\/td>\n<\/tr>\n<tr>\n<td>45\u00ba kesim derinli\u011fi<\/td>\n<td>65 mm<\/td>\n<\/tr>\n<tr>\n<td>Motor<\/td>\n<td>220-240V ~\/50 Hz<\/td>\n<\/tr>\n<tr>\n<td>G\u00fc\u00e7<\/td>\n<td>2200 W<\/td>\n<\/tr>\n<tr>\n<td>A\u011f\u0131rl\u0131k<\/td>\n<td>26.5 kg<\/td>\n<\/tr>\n<tr>\n<td>Sa\u011fa-Sola A\u00e7\u0131labilir<\/td>\n<td>\u221a<\/td>\n<\/tr>\n<\/table>\n","protected":false},"excerpt":{"rendered":"<p>Testere \u00d6l\u00e7\u00fcs\u00fc \u00d8 254 x 30mm \/48di\u015f Testere H\u0131z\u0131 3200, 5000 d-dak. Ebatlar (UxGxY) 800x1005x1000 mm Tabla \u00d6l\u00e7\u00fcs\u00fc 575&#215;555 mm Uzatmal\u0131 Tabla \u00d6l\u00e7\u00fcs\u00fc 575&#215;1005 mm Yatma A\u00e7\u0131s\u0131 0-45\u00ba Tabla Y\u00fcksekli\u011fi<\/p>\n","protected":false},"featured_media":9340,"comment_status":"open","ping_status":"closed","template":"","meta":{"_acf_changed":false},"product_brand":[1514],"product_cat":[934],"product_tag":[],"class_list":{"0":"post-9341","1":"product","2":"type-product","3":"status-publish","4":"has-post-thumbnail","6":"product_brand-scheppach","7":"product_cat-yatar-testere-makinalari","9":"first","10":"outofstock","11":"taxable","12":"shipping-taxable","13":"purchasable","14":"product-type-simple","15":"add-to-wishlist-after_add_to_cart"},"acf":[],"_links":{"self":[{"href":"https:\/\/www.makitamarket.com.tr\/site\/wp-json\/wp\/v2\/product\/9341","targetHints":{"allow":["GET"]}}],"collection":[{"href":"https:\/\/www.makitamarket.com.tr\/site\/wp-json\/wp\/v2\/product"}],"about":[{"href":"https:\/\/www.makitamarket.com.tr\/site\/wp-json\/wp\/v2\/types\/product"}],"replies":[{"embeddable":true,"href":"https:\/\/www.makitamarket.com.tr\/site\/wp-json\/wp\/v2\/comments?post=9341"}],"wp:featuredmedia":[{"embeddable":true,"href":"https:\/\/www.makitamarket.com.tr\/site\/wp-json\/wp\/v2\/media\/9340"}],"wp:attachment":[{"href":"https:\/\/www.makitamarket.com.tr\/site\/wp-json\/wp\/v2\/media?parent=9341"}],"wp:term":[{"taxonomy":"product_brand","embeddable":true,"href":"https:\/\/www.makitamarket.com.tr\/site\/wp-json\/wp\/v2\/product_brand?post=9341"},{"taxonomy":"product_cat","embeddable":true,"href":"https:\/\/www.makitamarket.com.tr\/site\/wp-json\/wp\/v2\/product_cat?post=9341"},{"taxonomy":"product_tag","embeddable":true,"href":"https:\/\/www.makitamarket.com.tr\/site\/wp-json\/wp\/v2\/product_tag?post=9341"}],"curies":[{"name":"wp","href":"https:\/\/api.w.org\/{rel}","templated":true}]}}