{"id":9349,"date":"2024-11-27T19:53:08","date_gmt":"2024-11-27T16:53:08","guid":{"rendered":"https:\/\/www.makitamarket.com.tr\/site\/urun\/optimum-optimum-3357611-msr7-malzeme-sehpasi\/"},"modified":"2025-11-16T04:56:54","modified_gmt":"2025-11-16T01:56:54","slug":"optimum-optimum-3357611-msr7-malzeme-sehpasi","status":"publish","type":"product","link":"https:\/\/www.makitamarket.com.tr\/site\/urun\/optimum-optimum-3357611-msr7-malzeme-sehpasi\/","title":{"rendered":"Optimum MSR7 OPT\u0130MUM 3357611 MSR7 MALZEME SEHPASI"},"content":{"rendered":"<p>\n\t\u0218erit Testere ve Daire Testereler i\u00e7in Y\u00fcksekli\u011fi Ayarlanabilir Malzeme Sehpas\u0131<\/p>\n<table>\n<tr>\n<td>Destek Makaralar\u0131 \u00c7ap\u0131<\/td>\n<td>60 mm<\/td>\n<\/tr>\n<tr>\n<td>Destek Makaralar\u0131 Geni\u015fli\u011fi<\/td>\n<td>360 mm<\/td>\n<\/tr>\n<tr>\n<td>Statik Tabla Y\u00fck\u00fc<\/td>\n<td>700 kg<\/td>\n<\/tr>\n<tr>\n<td>Uzunluk<\/td>\n<td>2000 mm<\/td>\n<\/tr>\n<tr>\n<td>Geni\u015flik<\/td>\n<td>440 mm<\/td>\n<\/tr>\n<tr>\n<td>Y\u00fckseklik<\/td>\n<td>650-950 mm<\/td>\n<\/tr>\n<tr>\n<td>Net A\u011f\u0131rl\u0131k<\/td>\n<td>58 kg<\/td>\n<\/tr>\n<\/table>\n","protected":false},"excerpt":{"rendered":"<p>\n\t\u0218erit Testere ve Daire Testereler i\u00e7in Y\u00fcksekli\u011fi Ayarlanabilir Malzeme Sehpas\u0131<\/p>\n","protected":false},"featured_media":0,"comment_status":"open","ping_status":"closed","template":"","meta":{"_acf_changed":false},"product_brand":[1511],"product_cat":[824],"product_tag":[],"class_list":{"0":"post-9349","1":"product","2":"type-product","3":"status-publish","5":"product_brand-optimum","6":"product_cat-aksesuarlar-metal-isleme-makinalari-2","8":"first","9":"outofstock","10":"taxable","11":"shipping-taxable","12":"purchasable","13":"product-type-simple","14":"add-to-wishlist-after_add_to_cart"},"acf":[],"_links":{"self":[{"href":"https:\/\/www.makitamarket.com.tr\/site\/wp-json\/wp\/v2\/product\/9349","targetHints":{"allow":["GET"]}}],"collection":[{"href":"https:\/\/www.makitamarket.com.tr\/site\/wp-json\/wp\/v2\/product"}],"about":[{"href":"https:\/\/www.makitamarket.com.tr\/site\/wp-json\/wp\/v2\/types\/product"}],"replies":[{"embeddable":true,"href":"https:\/\/www.makitamarket.com.tr\/site\/wp-json\/wp\/v2\/comments?post=9349"}],"wp:attachment":[{"href":"https:\/\/www.makitamarket.com.tr\/site\/wp-json\/wp\/v2\/media?parent=9349"}],"wp:term":[{"taxonomy":"product_brand","embeddable":true,"href":"https:\/\/www.makitamarket.com.tr\/site\/wp-json\/wp\/v2\/product_brand?post=9349"},{"taxonomy":"product_cat","embeddable":true,"href":"https:\/\/www.makitamarket.com.tr\/site\/wp-json\/wp\/v2\/product_cat?post=9349"},{"taxonomy":"product_tag","embeddable":true,"href":"https:\/\/www.makitamarket.com.tr\/site\/wp-json\/wp\/v2\/product_tag?post=9349"}],"curies":[{"name":"wp","href":"https:\/\/api.w.org\/{rel}","templated":true}]}}