{"id":9351,"date":"2024-11-27T19:53:11","date_gmt":"2024-11-27T16:53:11","guid":{"rendered":"https:\/\/www.makitamarket.com.tr\/site\/urun\/lavor-lavor-bas-ykm-mak-vertigo-28-sgk-pro\/"},"modified":"2026-03-30T07:28:26","modified_gmt":"2026-03-30T04:28:26","slug":"lavor-lavor-bas-ykm-mak-vertigo-28-sgk-pro","status":"publish","type":"product","link":"https:\/\/www.makitamarket.com.tr\/site\/urun\/lavor-lavor-bas-ykm-mak-vertigo-28-sgk-pro\/","title":{"rendered":"Lavor VERTIGO28 LAVOR BAS\u00a0 YKM MAK VERTIGO 28 SGK PRO"},"content":{"rendered":"<table>\n<tr>\n<td>Max. Bas\u0131n\u00e7<\/td>\n<td>180 bar<\/td>\n<\/tr>\n<tr>\n<td>Debi<\/td>\n<td>510 lt.\/s<\/td>\n<\/tr>\n<tr>\n<td>Is\u0131<\/td>\n<td>40\u00b0 C<\/td>\n<\/tr>\n<tr>\n<td>Motor G\u00fcc\u00fc<\/td>\n<td>2800 Watt\/220V<\/td>\n<\/tr>\n<tr>\n<td>Otomatik Stop Sistemi<\/td>\n<td>Mevcut<\/td>\n<\/tr>\n<tr>\n<td>Hortum<\/td>\n<td>8 mt.<\/td>\n<\/tr>\n<tr>\n<td>A\u011f\u0131rl\u0131k<\/td>\n<td>23,5 kg.<\/td>\n<\/tr>\n<tr>\n<td>\u00d6l\u00e7\u00fcler<\/td>\n<td>40.5&#215;40.5&#215;60<\/td>\n<\/tr>\n<\/table>\n","protected":false},"excerpt":{"rendered":"<p>Max. Bas\u0131n\u00e7 180 bar Debi 510 lt.\/s Is\u0131 40\u00b0 C Motor G\u00fcc\u00fc 2800 Watt\/220V Otomatik Stop Sistemi Mevcut Hortum 8 mt. A\u011f\u0131rl\u0131k 23,5 kg. \u00d6l\u00e7\u00fcler 40.5&#215;40.5&#215;60<\/p>\n","protected":false},"featured_media":9350,"comment_status":"open","ping_status":"closed","template":"","meta":{"_acf_changed":false},"product_brand":[1493],"product_cat":[822],"product_tag":[],"class_list":{"0":"post-9351","1":"product","2":"type-product","3":"status-publish","4":"has-post-thumbnail","6":"product_brand-lavor","7":"product_cat-amator-hobi-soguk-yikama-makinalari","9":"first","10":"instock","11":"taxable","12":"shipping-taxable","13":"purchasable","14":"product-type-simple","15":"add-to-wishlist-after_add_to_cart"},"acf":[],"_links":{"self":[{"href":"https:\/\/www.makitamarket.com.tr\/site\/wp-json\/wp\/v2\/product\/9351","targetHints":{"allow":["GET"]}}],"collection":[{"href":"https:\/\/www.makitamarket.com.tr\/site\/wp-json\/wp\/v2\/product"}],"about":[{"href":"https:\/\/www.makitamarket.com.tr\/site\/wp-json\/wp\/v2\/types\/product"}],"replies":[{"embeddable":true,"href":"https:\/\/www.makitamarket.com.tr\/site\/wp-json\/wp\/v2\/comments?post=9351"}],"wp:featuredmedia":[{"embeddable":true,"href":"https:\/\/www.makitamarket.com.tr\/site\/wp-json\/wp\/v2\/media\/9350"}],"wp:attachment":[{"href":"https:\/\/www.makitamarket.com.tr\/site\/wp-json\/wp\/v2\/media?parent=9351"}],"wp:term":[{"taxonomy":"product_brand","embeddable":true,"href":"https:\/\/www.makitamarket.com.tr\/site\/wp-json\/wp\/v2\/product_brand?post=9351"},{"taxonomy":"product_cat","embeddable":true,"href":"https:\/\/www.makitamarket.com.tr\/site\/wp-json\/wp\/v2\/product_cat?post=9351"},{"taxonomy":"product_tag","embeddable":true,"href":"https:\/\/www.makitamarket.com.tr\/site\/wp-json\/wp\/v2\/product_tag?post=9351"}],"curies":[{"name":"wp","href":"https:\/\/api.w.org\/{rel}","templated":true}]}}