{"id":9363,"date":"2024-11-27T19:53:15","date_gmt":"2024-11-27T16:53:15","guid":{"rendered":"https:\/\/www.makitamarket.com.tr\/site\/urun\/makita-akulu-ufleme-makinasi-2x18v\/"},"modified":"2026-04-13T19:20:00","modified_gmt":"2026-04-13T16:20:00","slug":"makita-akulu-ufleme-makinasi-2x18v","status":"publish","type":"product","link":"https:\/\/www.makitamarket.com.tr\/site\/urun\/makita-akulu-ufleme-makinasi-2x18v\/","title":{"rendered":"Makita DUB362Z AK\u00dcL\u00dc \u00dcFLEME MAK\u0130NASI 2x18V"},"content":{"rendered":"<div>\n\tAk\u00fc ve \u015farj cihaz\u0131 dahil de\u011fildir.\u00a0<\/div>\n<div>\n\tAk\u00fc : BL1830B \/ 1840 \/ 1850B \/ 1860B<\/div>\n<div>\n\t\u015earj Cihaz\u0131 : DC18RD \u00c7iftli \/ DC18RC<\/div>\n<table>\n<tr>\n<td>A\u011f\u0131rl\u0131k<\/td>\n<td>3.5 kg<\/td>\n<\/tr>\n<tr>\n<td>Titre\u015fim<\/td>\n<td>2.5 m\/s2<\/td>\n<\/tr>\n<tr>\n<td>Maksimum Hava Hacmi<\/td>\n<td>13.4 m\u00b3\/dk<\/td>\n<\/tr>\n<tr>\n<td>Maksimum hava h\u0131z\u0131<\/td>\n<td>54 m\/s2<\/td>\n<\/tr>\n<tr>\n<td>Ses D\u00fczeyi<\/td>\n<td>93.5dBA<\/td>\n<\/tr>\n<tr>\n<td>Kullan\u0131m Amac\u0131<\/td>\n<td>Profesyonel<\/td>\n<\/tr>\n<tr>\n<td>\u00d6l\u00e7\u00fcler (LxWxH)<\/td>\n<td>830-930x205x295mm<\/td>\n<\/tr>\n<tr>\n<td>Kullan\u0131labilir Ak\u00fc<\/td>\n<td>2 adet 18V Li-ion<\/td>\n<\/tr>\n<tr>\n<td>Devir H\u0131z\u0131<\/td>\n<td>11.400 &#8211; 21.500 devir\/dk<\/td>\n<\/tr>\n<\/table>\n","protected":false},"excerpt":{"rendered":"<div>\n\tAk\u00fc ve \u015farj cihaz\u0131 dahil de\u011fildir.\u00a0<\/div>\n<div>\n\tAk\u00fc : BL1830B \/ 1840 \/ 1850B \/ 1860B<\/div>\n<div>\n\t\u015earj Cihaz\u0131 : DC18RD \u00c7iftli \/ DC18RC<\/div>\n","protected":false},"featured_media":9362,"comment_status":"open","ping_status":"closed","template":"","meta":{"_acf_changed":false},"product_brand":[1485],"product_cat":[1565],"product_tag":[],"class_list":{"0":"post-9363","1":"product","2":"type-product","3":"status-publish","4":"has-post-thumbnail","6":"product_brand-makita","7":"product_cat-yok-yok","9":"first","10":"outofstock","11":"taxable","12":"shipping-taxable","13":"purchasable","14":"product-type-simple","15":"add-to-wishlist-after_add_to_cart"},"acf":[],"_links":{"self":[{"href":"https:\/\/www.makitamarket.com.tr\/site\/wp-json\/wp\/v2\/product\/9363","targetHints":{"allow":["GET"]}}],"collection":[{"href":"https:\/\/www.makitamarket.com.tr\/site\/wp-json\/wp\/v2\/product"}],"about":[{"href":"https:\/\/www.makitamarket.com.tr\/site\/wp-json\/wp\/v2\/types\/product"}],"replies":[{"embeddable":true,"href":"https:\/\/www.makitamarket.com.tr\/site\/wp-json\/wp\/v2\/comments?post=9363"}],"wp:featuredmedia":[{"embeddable":true,"href":"https:\/\/www.makitamarket.com.tr\/site\/wp-json\/wp\/v2\/media\/9362"}],"wp:attachment":[{"href":"https:\/\/www.makitamarket.com.tr\/site\/wp-json\/wp\/v2\/media?parent=9363"}],"wp:term":[{"taxonomy":"product_brand","embeddable":true,"href":"https:\/\/www.makitamarket.com.tr\/site\/wp-json\/wp\/v2\/product_brand?post=9363"},{"taxonomy":"product_cat","embeddable":true,"href":"https:\/\/www.makitamarket.com.tr\/site\/wp-json\/wp\/v2\/product_cat?post=9363"},{"taxonomy":"product_tag","embeddable":true,"href":"https:\/\/www.makitamarket.com.tr\/site\/wp-json\/wp\/v2\/product_tag?post=9363"}],"curies":[{"name":"wp","href":"https:\/\/api.w.org\/{rel}","templated":true}]}}