{"id":9366,"date":"2024-11-27T19:53:16","date_gmt":"2024-11-27T16:53:16","guid":{"rendered":"https:\/\/www.makitamarket.com.tr\/site\/urun\/makita-benzin-motorlu-testere-32cc-1-9hp\/"},"modified":"2026-03-15T08:29:23","modified_gmt":"2026-03-15T05:29:23","slug":"makita-benzin-motorlu-testere-32cc-1-9hp","status":"publish","type":"product","link":"https:\/\/www.makitamarket.com.tr\/site\/urun\/makita-benzin-motorlu-testere-32cc-1-9hp\/","title":{"rendered":"Makita EA3201S40B BENZ\u0130N MOTORLU TESTERE 32cc\/1.9hp"},"content":{"rendered":"<p>Model EA3201S40B<\/p>\n<p>Benzin Motorlu Testere<\/p>\n<p>32 cc \u2022 40cm<\/p>\n<p><strong style=\"color: rgb(0, 112, 192);\">Y\u00fcksek Performansl\u0131 Benzinli Testere<\/strong><\/p>\n<p>Odun kesimi ve a\u011fa\u00e7 budama i\u015flemleri i\u00e7in tasarlanm\u0131\u015f, g\u00fc\u00e7l\u00fc ve dayan\u0131kl\u0131 bir benzinli testere modelidir. <strong>32 cc motor g\u00fcc\u00fc <\/strong>ve <strong>40 cm pala uzunlu\u011fu<\/strong> ile b\u00fcy\u00fck kesimler i\u00e7in y\u00fcksek performans sunar. Ergonomik tasar\u0131m\u0131, d\u00fc\u015f\u00fck titre\u015fim seviyesi ve dayan\u0131kl\u0131 yap\u0131s\u0131 sayesinde uzun s\u00fcreli kullan\u0131mda konfor sa\u011flar. Bah\u00e7e i\u015fleri, orman i\u015fleri ve profesyonel a\u011fa\u00e7 kesme projelerinde tercih edilen bir modeldir.<\/p>\n<p><span style=\"color: red;\">Kullan\u0131m amac\u0131: <\/span>Odun kesme ve budama i\u015flemleri i\u00e7in tasarlanm\u0131\u015f bir benzinli motorlu testeredir.<\/p>\n<p><u>\u00d6zellikleri:<\/u><\/p>\n<ol>\n<li data-list=\"ordered\"><span class=\"ql-ui\" contenteditable=\"false\"><\/span>Titre\u015fim \u00f6nleyici vard\u0131r.<\/li>\n<li data-list=\"ordered\"><span class=\"ql-ui\" contenteditable=\"false\"><\/span>Otomatik zincir ya\u011flama vard\u0131r.<\/li>\n<li data-list=\"ordered\"><span class=\"ql-ui\" contenteditable=\"false\"><\/span>Zincir freni mevcuttur.<\/li>\n<li data-list=\"ordered\"><span class=\"ql-ui\" contenteditable=\"false\"><\/span>Kapasit\u00f6r de\u015farj ate\u015flemesi mevcuttur.<\/li>\n<li data-list=\"ordered\"><span class=\"ql-ui\" contenteditable=\"false\"><\/span>H\u0131zl\u0131 ba\u015flang\u0131\u00e7 \u00f6zelli\u011fi vard\u0131r.<\/li>\n<li data-list=\"ordered\"><span class=\"ql-ui\" contenteditable=\"false\"><\/span>Primer pompas\u0131 vard\u0131r.<\/li>\n<\/ol>\n<p>Ambalaj i\u00e7eri\u011fi: Testere palas\u0131,pala k\u0131l\u0131f\u0131,testere zinciri,kurulum aletleri,kullan\u0131m k\u0131lavuzu<\/p>\n<table>\n<tr>\n<td>Motor G\u00fcc\u00fc<\/td>\n<td>32 CC 1.35kW \/ 1.9Hp<\/td>\n<\/tr>\n<tr>\n<td>Benzin Kapasitesi<\/td>\n<td>0.4 L<\/td>\n<\/tr>\n<tr>\n<td>Ya\u011f Kapasitesi<\/td>\n<td>0.28 L<\/td>\n<\/tr>\n<tr>\n<td>Pala<\/td>\n<td>40 cm<\/td>\n<\/tr>\n<tr>\n<td>Zincir \u00d6l\u00e7\u00fcs\u00fc<\/td>\n<td>28 di\u015f -1.3mm-3\/8\u02dd-90PX<\/td>\n<\/tr>\n<tr>\n<td>A\u011f\u0131rl\u0131k<\/td>\n<td>4.2 kg<\/td>\n<\/tr>\n<tr>\n<td>Motor tipi<\/td>\n<td>2 Zamanl\u0131, Benzinli<\/td>\n<\/tr>\n<tr>\n<td>Kar\u0131\u015f\u0131m Oran\u0131<\/td>\n<td>50:1 L<\/td>\n<\/tr>\n<tr>\n<td>Titre\u015fim<\/td>\n<td>4.8 m\/s2<\/td>\n<\/tr>\n<tr>\n<td>Motor Sesi<\/td>\n<td>109.8 dBA<\/td>\n<\/tr>\n<\/table>\n","protected":false},"excerpt":{"rendered":"<p>Model EA3201S40B<\/p>\n<p>Benzin Motorlu Testere<\/p>\n<p>32 cc \u2022 40cm<\/p>\n<p><strong style=\"color: rgb(0, 112, 192);\">Y\u00fcksek Performansl\u0131 Benzinli Testere<\/strong><\/p>\n<p>Odun kesimi ve a\u011fa\u00e7 budama i\u015flemleri i\u00e7in tasarlanm\u0131\u015f, g\u00fc\u00e7l\u00fc ve dayan\u0131kl\u0131 bir benzinli testere modelidir. <strong>32 cc motor g\u00fcc\u00fc <\/strong>ve <strong>40 cm pala uzunlu\u011fu<\/strong> ile b\u00fcy\u00fck kesimler i\u00e7in y\u00fcksek performans sunar. Ergonomik tasar\u0131m\u0131, d\u00fc\u015f\u00fck titre\u015fim seviyesi ve dayan\u0131kl\u0131 yap\u0131s\u0131 sayesinde uzun s\u00fcreli kullan\u0131mda konfor sa\u011flar. Bah\u00e7e i\u015fleri, orman i\u015fleri ve profesyonel a\u011fa\u00e7 kesme projelerinde tercih edilen bir modeldir.<\/p>\n<p><span style=\"color: red;\">Kullan\u0131m amac\u0131: <\/span>Odun kesme ve budama i\u015flemleri i\u00e7in tasarlanm\u0131\u015f bir benzinli motorlu testeredir.<\/p>\n<p><u>\u00d6zellikleri:<\/u><\/p>\n<ol>\n<li data-list=\"ordered\"><span class=\"ql-ui\" contenteditable=\"false\"><\/span>Titre\u015fim \u00f6nleyici vard\u0131r.<\/li>\n<li data-list=\"ordered\"><span class=\"ql-ui\" contenteditable=\"false\"><\/span>Otomatik zincir ya\u011flama vard\u0131r.<\/li>\n<li data-list=\"ordered\"><span class=\"ql-ui\" contenteditable=\"false\"><\/span>Zincir freni mevcuttur.<\/li>\n<li data-list=\"ordered\"><span class=\"ql-ui\" contenteditable=\"false\"><\/span>Kapasit\u00f6r de\u015farj ate\u015flemesi mevcuttur.<\/li>\n<li data-list=\"ordered\"><span class=\"ql-ui\" contenteditable=\"false\"><\/span>H\u0131zl\u0131 ba\u015flang\u0131\u00e7 \u00f6zelli\u011fi vard\u0131r.<\/li>\n<li data-list=\"ordered\"><span class=\"ql-ui\" contenteditable=\"false\"><\/span>Primer pompas\u0131 vard\u0131r.<\/li>\n<\/ol>\n<p>Ambalaj i\u00e7eri\u011fi: Testere palas\u0131,pala k\u0131l\u0131f\u0131,testere zinciri,kurulum aletleri,kullan\u0131m k\u0131lavuzu<\/p>\n","protected":false},"featured_media":9365,"comment_status":"open","ping_status":"closed","template":"","meta":{"_acf_changed":false},"product_brand":[1485],"product_cat":[832],"product_tag":[],"class_list":{"0":"post-9366","1":"product","2":"type-product","3":"status-publish","4":"has-post-thumbnail","6":"product_brand-makita","7":"product_cat-benzinli","9":"first","10":"outofstock","11":"taxable","12":"shipping-taxable","13":"purchasable","14":"product-type-simple","15":"add-to-wishlist-after_add_to_cart"},"acf":[],"_links":{"self":[{"href":"https:\/\/www.makitamarket.com.tr\/site\/wp-json\/wp\/v2\/product\/9366","targetHints":{"allow":["GET"]}}],"collection":[{"href":"https:\/\/www.makitamarket.com.tr\/site\/wp-json\/wp\/v2\/product"}],"about":[{"href":"https:\/\/www.makitamarket.com.tr\/site\/wp-json\/wp\/v2\/types\/product"}],"replies":[{"embeddable":true,"href":"https:\/\/www.makitamarket.com.tr\/site\/wp-json\/wp\/v2\/comments?post=9366"}],"wp:featuredmedia":[{"embeddable":true,"href":"https:\/\/www.makitamarket.com.tr\/site\/wp-json\/wp\/v2\/media\/9365"}],"wp:attachment":[{"href":"https:\/\/www.makitamarket.com.tr\/site\/wp-json\/wp\/v2\/media?parent=9366"}],"wp:term":[{"taxonomy":"product_brand","embeddable":true,"href":"https:\/\/www.makitamarket.com.tr\/site\/wp-json\/wp\/v2\/product_brand?post=9366"},{"taxonomy":"product_cat","embeddable":true,"href":"https:\/\/www.makitamarket.com.tr\/site\/wp-json\/wp\/v2\/product_cat?post=9366"},{"taxonomy":"product_tag","embeddable":true,"href":"https:\/\/www.makitamarket.com.tr\/site\/wp-json\/wp\/v2\/product_tag?post=9366"}],"curies":[{"name":"wp","href":"https:\/\/api.w.org\/{rel}","templated":true}]}}