{"id":9369,"date":"2024-11-27T19:53:17","date_gmt":"2024-11-27T16:53:17","guid":{"rendered":"https:\/\/www.makitamarket.com.tr\/site\/urun\/makita-dekupaj-testere-12v\/"},"modified":"2026-04-06T12:54:45","modified_gmt":"2026-04-06T09:54:45","slug":"makita-dekupaj-testere-12v","status":"publish","type":"product","link":"https:\/\/www.makitamarket.com.tr\/site\/urun\/makita-dekupaj-testere-12v\/","title":{"rendered":"Makita JV101DWAE DEKUPAJ TESTERE 12V"},"content":{"rendered":"<p>Model JV101DWAE<\/p>\n<p>Dekupaj Testere<\/p>\n<p>12Vmax \u2022 0 \u2013 2.900 dak\u207b\u00b9<\/p>\n<p><span style=\"color: rgb(0, 112, 192);\">Ak\u00fcl\u00fc Dekupaj Testeresi<\/span><\/p>\n<p>\u00dc\u00e7 kademeli sarka\u00e7 hareketine sahip dekupaj testeresi Motor devri, 0 ile 2 900 min-1 aras\u0131nda dakikada var gel say\u0131s\u0131na sahiptir. 18 mm var-gel uzunlu\u011fu&nbsp;ve ah\u015fapta 65 mm, \u00e7elikte 2 mm kesme kapasitesine sahiptir.<\/p>\n<p><span style=\"color: red;\">Kullan\u0131m amac\u0131: <\/span>Bu alet,plastik ve metal malzemeleri kesmek amac\u0131yla kullan\u0131l\u0131r. Kapsaml\u0131 aksesuarlar ve testere b\u0131\u00e7a\u011f\u0131 program\u0131n\u0131n\u0131n bir sonucu olarak, alet \u00e7ok fazla ama\u00e7 i\u00e7in kullan\u0131labilir ve e\u011fimli ve dairesel kesimler i\u00e7in olduk\u00e7a uygundur.<\/p>\n<p><u>\u00d6zellikleri:<\/u><\/p>\n<p><span style=\"color: rgb(33, 37, 41); background-color: white;\">12V max Lithium-ion,CXT,\u00c7ift Ak\u00fcl\u00fc<\/span><\/p>\n<p>Li-ion;Bataryan\u0131n daha verimli \u00e7al\u0131\u015fmas\u0131n\u0131 sa\u011flayan teknolojidir.<\/p>\n<p>Ak\u00fcl\u00fc yap\u0131s\u0131 kullan\u0131c\u0131ya kablosuz kullan\u0131m imkan\u0131 sunar ve bu sayede kullan\u0131c\u0131lar geni\u015f alanlarda kablo s\u0131n\u0131rlamalar\u0131 olmadan rahat\u00e7a \u00e7al\u0131\u015fabilirler.<\/p>\n<p>CXT(Compact Extreme Technology); 12V Max CXT serisi, \u00fcst\u00fcn makine g\u00fcc\u00fc performans\u0131n\u0131 m\u00fcmk\u00fcn olan en k\u00fc\u00e7\u00fck makine profiline entegre eder.<\/p>\n<ol>\n<li data-list=\"bullet\"><span class=\"ql-ui\" contenteditable=\"false\"><\/span>De\u011fi\u015fken h\u0131z \u00f6zelli\u011fine sahiptir.<\/li>\n<li data-list=\"bullet\"><span class=\"ql-ui\" contenteditable=\"false\"><\/span>Elektrik freni mevcuttur.<\/li>\n<li data-list=\"bullet\"><span class=\"ql-ui\" contenteditable=\"false\"><\/span><span style=\"color: black;\">Sarka\u00e7 hareketi vard\u0131r.<\/span><\/li>\n<li data-list=\"bullet\"><span class=\"ql-ui\" contenteditable=\"false\"><\/span><span style=\"color: black;\">Kama tipi dekupaj b\u0131\u00e7a\u011f\u0131 mevcuttur.<\/span><\/li>\n<li data-list=\"bullet\"><span class=\"ql-ui\" contenteditable=\"false\"><\/span>Toz emme \u00fcnitesi mevcuttur.<\/li>\n<li data-list=\"bullet\"><span class=\"ql-ui\" contenteditable=\"false\"><\/span><span style=\"color: rgb(33, 37, 41);\">Plastik ta\u015f\u0131ma \u00e7antal\u0131d\u0131r.<\/span><\/li>\n<\/ol>\n<p>Ambalaj i\u00e7eri\u011fi: Testere,anahtar,\u00e7ift ak\u00fc,\u015farj cihaz\u0131<\/p>\n<table>\n<tr>\n<td>Kapasite<\/td>\n<td>Ah\u015fap: 65mm, Al\u00fcminyum: 4mm, \u00c7elik: 2mm<\/td>\n<\/tr>\n<tr>\n<td>Vargel Uzunlu\u011fu<\/td>\n<td>18mm<\/td>\n<\/tr>\n<tr>\n<td>Dakikada Var-gel Say\u0131s\u0131<\/td>\n<td>0-2900 devir\/dk<\/td>\n<\/tr>\n<tr>\n<td>Net A\u011f\u0131rl\u0131k<\/td>\n<td>1.8kg<\/td>\n<\/tr>\n<tr>\n<td>G\u00fc\u00e7-Kapasite<\/td>\n<td>12V\/2.0Ah\/Li-on<\/td>\n<\/tr>\n<tr>\n<td>Ak\u00fc \/ \u015earj Cihaz\u0131<\/td>\n<td>BL1020B \/ DC10WC<\/td>\n<\/tr>\n<\/table>\n","protected":false},"excerpt":{"rendered":"<p>Model JV101DWAE<\/p>\n<p>Dekupaj Testere<\/p>\n<p>12Vmax \u2022 0 \u2013 2.900 dak\u207b\u00b9<\/p>\n<p><span style=\"color: rgb(0, 112, 192);\">Ak\u00fcl\u00fc Dekupaj Testeresi<\/span><\/p>\n<p>\u00dc\u00e7 kademeli sarka\u00e7 hareketine sahip dekupaj testeresi Motor devri, 0 ile 2 900 min-1 aras\u0131nda dakikada var gel say\u0131s\u0131na sahiptir. 18 mm var-gel uzunlu\u011fu&nbsp;ve ah\u015fapta 65 mm, \u00e7elikte 2 mm kesme kapasitesine sahiptir.<\/p>\n<p><span style=\"color: red;\">Kullan\u0131m amac\u0131: <\/span>Bu alet,plastik ve metal malzemeleri kesmek amac\u0131yla kullan\u0131l\u0131r. Kapsaml\u0131 aksesuarlar ve testere b\u0131\u00e7a\u011f\u0131 program\u0131n\u0131n\u0131n bir sonucu olarak, alet \u00e7ok fazla ama\u00e7 i\u00e7in kullan\u0131labilir ve e\u011fimli ve dairesel kesimler i\u00e7in olduk\u00e7a uygundur.<\/p>\n<p><u>\u00d6zellikleri:<\/u><\/p>\n<p><span style=\"color: rgb(33, 37, 41); background-color: white;\">12V max Lithium-ion,CXT,\u00c7ift Ak\u00fcl\u00fc<\/span><\/p>\n<p>Li-ion;Bataryan\u0131n daha verimli \u00e7al\u0131\u015fmas\u0131n\u0131 sa\u011flayan teknolojidir.<\/p>\n<p>Ak\u00fcl\u00fc yap\u0131s\u0131 kullan\u0131c\u0131ya kablosuz kullan\u0131m imkan\u0131 sunar ve bu sayede kullan\u0131c\u0131lar geni\u015f alanlarda kablo s\u0131n\u0131rlamalar\u0131 olmadan rahat\u00e7a \u00e7al\u0131\u015fabilirler.<\/p>\n<p>CXT(Compact Extreme Technology); 12V Max CXT serisi, \u00fcst\u00fcn makine g\u00fcc\u00fc performans\u0131n\u0131 m\u00fcmk\u00fcn olan en k\u00fc\u00e7\u00fck makine profiline entegre eder.<\/p>\n<ol>\n<li data-list=\"bullet\"><span class=\"ql-ui\" contenteditable=\"false\"><\/span>De\u011fi\u015fken h\u0131z \u00f6zelli\u011fine sahiptir.<\/li>\n<li data-list=\"bullet\"><span class=\"ql-ui\" contenteditable=\"false\"><\/span>Elektrik freni mevcuttur.<\/li>\n<li data-list=\"bullet\"><span class=\"ql-ui\" contenteditable=\"false\"><\/span><span style=\"color: black;\">Sarka\u00e7 hareketi vard\u0131r.<\/span><\/li>\n<li data-list=\"bullet\"><span class=\"ql-ui\" contenteditable=\"false\"><\/span><span style=\"color: black;\">Kama tipi dekupaj b\u0131\u00e7a\u011f\u0131 mevcuttur.<\/span><\/li>\n<li data-list=\"bullet\"><span class=\"ql-ui\" contenteditable=\"false\"><\/span>Toz emme \u00fcnitesi mevcuttur.<\/li>\n<li data-list=\"bullet\"><span class=\"ql-ui\" contenteditable=\"false\"><\/span><span style=\"color: rgb(33, 37, 41);\">Plastik ta\u015f\u0131ma \u00e7antal\u0131d\u0131r.<\/span><\/li>\n<\/ol>\n<p>Ambalaj i\u00e7eri\u011fi: Testere,anahtar,\u00e7ift ak\u00fc,\u015farj cihaz\u0131<\/p>\n","protected":false},"featured_media":9848,"comment_status":"open","ping_status":"closed","template":"","meta":{"_acf_changed":false},"product_brand":[1485],"product_cat":[921],"product_tag":[],"class_list":{"0":"post-9369","1":"product","2":"type-product","3":"status-publish","4":"has-post-thumbnail","6":"product_brand-makita","7":"product_cat-12-volt","9":"first","10":"instock","11":"taxable","12":"shipping-taxable","13":"purchasable","14":"product-type-simple","15":"add-to-wishlist-after_add_to_cart"},"acf":[],"_links":{"self":[{"href":"https:\/\/www.makitamarket.com.tr\/site\/wp-json\/wp\/v2\/product\/9369","targetHints":{"allow":["GET"]}}],"collection":[{"href":"https:\/\/www.makitamarket.com.tr\/site\/wp-json\/wp\/v2\/product"}],"about":[{"href":"https:\/\/www.makitamarket.com.tr\/site\/wp-json\/wp\/v2\/types\/product"}],"replies":[{"embeddable":true,"href":"https:\/\/www.makitamarket.com.tr\/site\/wp-json\/wp\/v2\/comments?post=9369"}],"wp:featuredmedia":[{"embeddable":true,"href":"https:\/\/www.makitamarket.com.tr\/site\/wp-json\/wp\/v2\/media\/9848"}],"wp:attachment":[{"href":"https:\/\/www.makitamarket.com.tr\/site\/wp-json\/wp\/v2\/media?parent=9369"}],"wp:term":[{"taxonomy":"product_brand","embeddable":true,"href":"https:\/\/www.makitamarket.com.tr\/site\/wp-json\/wp\/v2\/product_brand?post=9369"},{"taxonomy":"product_cat","embeddable":true,"href":"https:\/\/www.makitamarket.com.tr\/site\/wp-json\/wp\/v2\/product_cat?post=9369"},{"taxonomy":"product_tag","embeddable":true,"href":"https:\/\/www.makitamarket.com.tr\/site\/wp-json\/wp\/v2\/product_tag?post=9369"}],"curies":[{"name":"wp","href":"https:\/\/api.w.org\/{rel}","templated":true}]}}