{"id":9387,"date":"2024-11-27T19:53:26","date_gmt":"2024-11-27T16:53:26","guid":{"rendered":"https:\/\/www.makitamarket.com.tr\/site\/urun\/proscr-yildiz-uclu-tornavida-8x175-mm\/"},"modified":"2026-04-06T12:46:49","modified_gmt":"2026-04-06T09:46:49","slug":"proscr-yildiz-uclu-tornavida-8x175-mm","status":"publish","type":"product","link":"https:\/\/www.makitamarket.com.tr\/site\/urun\/proscr-yildiz-uclu-tornavida-8x175-mm\/","title":{"rendered":"Proscr SCR02595 YILDIZ U\u00c7LU TORNAV\u0130DA 8&#215;175 mm"},"content":{"rendered":"<ul>\n<li>\n\t\tChrome Vanadium \u00c7elik\u00a0<\/li>\n<li>\n\t\tM\u0131knat\u0131sl\u0131 u\u00e7\u00a0<\/li>\n<li>\n\t\tY\u00fcksek Darbeye Dayan\u0131kl\u0131 Sap<\/li>\n<\/ul>\n<table>\n<tr>\n<td>\u00d6l\u00e7\u00fcs\u00fc<\/td>\n<td>8 x 175 mm.<\/td>\n<\/tr>\n<tr>\n<td>Tipi<\/td>\n<td>Y\u0131ld\u0131z U\u00e7lu Tornavida<\/td>\n<\/tr>\n<tr>\n<td>Paket \u0130\u00e7i Adedi<\/td>\n<td>12 Ad.<\/td>\n<\/tr>\n<tr>\n<td>Koli \u0130\u00e7i Adedi<\/td>\n<td>240 Ad.<\/td>\n<\/tr>\n<\/table>\n","protected":false},"excerpt":{"rendered":"<ul>\n<li>\n\t\tChrome Vanadium \u00c7elik\u00a0<\/li>\n<li>\n\t\tM\u0131knat\u0131sl\u0131 u\u00e7\u00a0<\/li>\n<li>\n\t\tY\u00fcksek Darbeye Dayan\u0131kl\u0131 Sap<\/li>\n<\/ul>\n","protected":false},"featured_media":9386,"comment_status":"open","ping_status":"closed","template":"","meta":{"_acf_changed":false},"product_brand":[1523],"product_cat":[962],"product_tag":[],"class_list":{"0":"post-9387","1":"product","2":"type-product","3":"status-publish","4":"has-post-thumbnail","6":"product_brand-proscr","7":"product_cat-yildiz-uclu-tornavidalar","9":"first","10":"instock","11":"taxable","12":"shipping-taxable","13":"purchasable","14":"product-type-simple","15":"add-to-wishlist-after_add_to_cart"},"acf":[],"_links":{"self":[{"href":"https:\/\/www.makitamarket.com.tr\/site\/wp-json\/wp\/v2\/product\/9387","targetHints":{"allow":["GET"]}}],"collection":[{"href":"https:\/\/www.makitamarket.com.tr\/site\/wp-json\/wp\/v2\/product"}],"about":[{"href":"https:\/\/www.makitamarket.com.tr\/site\/wp-json\/wp\/v2\/types\/product"}],"replies":[{"embeddable":true,"href":"https:\/\/www.makitamarket.com.tr\/site\/wp-json\/wp\/v2\/comments?post=9387"}],"wp:featuredmedia":[{"embeddable":true,"href":"https:\/\/www.makitamarket.com.tr\/site\/wp-json\/wp\/v2\/media\/9386"}],"wp:attachment":[{"href":"https:\/\/www.makitamarket.com.tr\/site\/wp-json\/wp\/v2\/media?parent=9387"}],"wp:term":[{"taxonomy":"product_brand","embeddable":true,"href":"https:\/\/www.makitamarket.com.tr\/site\/wp-json\/wp\/v2\/product_brand?post=9387"},{"taxonomy":"product_cat","embeddable":true,"href":"https:\/\/www.makitamarket.com.tr\/site\/wp-json\/wp\/v2\/product_cat?post=9387"},{"taxonomy":"product_tag","embeddable":true,"href":"https:\/\/www.makitamarket.com.tr\/site\/wp-json\/wp\/v2\/product_tag?post=9387"}],"curies":[{"name":"wp","href":"https:\/\/api.w.org\/{rel}","templated":true}]}}