{"id":9396,"date":"2024-11-27T19:53:29","date_gmt":"2024-11-27T16:53:29","guid":{"rendered":"https:\/\/www.makitamarket.com.tr\/site\/urun\/makita-karistirici\/"},"modified":"2026-04-06T12:46:51","modified_gmt":"2026-04-06T09:46:51","slug":"makita-karistirici","status":"publish","type":"product","link":"https:\/\/www.makitamarket.com.tr\/site\/urun\/makita-karistirici\/","title":{"rendered":"Makita UT2204 KARI\u015eTIRICI"},"content":{"rendered":"<p>Model UT2204<\/p>\n<p>Kar\u0131\u015ft\u0131r\u0131c\u0131<\/p>\n<p>850 W \u2022 0 \u2013 550 dk\u207b\u00b9 \u2022 220 mm<\/p>\n<p><span style=\"color: rgb(0, 112, 192);\">A\u011f\u0131r i\u015fler i\u00e7in y\u00fcksek h\u0131zl\u0131 kar\u0131\u015ft\u0131r\u0131c\u0131<\/span><\/p>\n<p>Model UT2204 850W g\u00fcc\u00fcnde motora sahiptir ve 220 mm b\u0131\u00e7ak \u00e7ap\u0131, bu kar\u0131\u015ft\u0131r\u0131c\u0131y\u0131 y\u00fcksek h\u0131z ve g\u00fc\u00e7 gerektiren \u00e7e\u015fitli uygulamalarda kullan\u0131labilir hale getirir.<\/p>\n<p><span style=\"color: red;\">Kullan\u0131m amac\u0131: <\/span>Bu alet,duvar malzemelerini,vb.kar\u0131\u015ft\u0131rmak amac\u0131yla kullan\u0131l\u0131r (yan\u0131c\u0131 malzemeler hari\u00e7).<\/p>\n<p><u>\u00d6zellikleri:<\/u><\/p>\n<p><span style=\"color: red;\">G\u00fc\u00e7 Kayna\u011f\u0131: <\/span>Aletin, yaln\u0131zca isim levhas\u0131nda belirtilenle ayn\u0131 voltajl\u0131 g\u00fc\u00e7 kayna\u011f\u0131na ba\u011flanmas\u0131 gerekir ve yaln\u0131zca tek fazl\u0131 AC g\u00fc\u00e7 kayna\u011f\u0131yla \u00e7al\u0131\u015ft\u0131r\u0131labilir. \u00c7ifte yal\u0131t\u0131ml\u0131d\u0131r ve topraklamas\u0131z prizlerle de kullan\u0131labilir.<\/p>\n<ol>\n<li data-list=\"bullet\"><span class=\"ql-ui\" contenteditable=\"false\"><\/span>\u00c7ift yal\u0131t\u0131ml\u0131d\u0131r.<\/li>\n<\/ol>\n<p>Ambalaj i\u00e7eri\u011fi: Pervane, yan sap, anahtar <\/p>\n<table>\n<tr>\n<td>S\u00fcrekli Ak\u0131m Giri\u015fi<\/td>\n<td>850W<\/td>\n<\/tr>\n<tr>\n<td>U\u00e7 \u00c7ap\u0131<\/td>\n<td>220<\/td>\n<\/tr>\n<tr>\n<td>Mil \u00c7ap\u0131<\/td>\n<td>M12\/M14<\/td>\n<\/tr>\n<tr>\n<td>Bo\u015fta Devir<\/td>\n<td>550 devir\/dk<\/td>\n<\/tr>\n<tr>\n<td>Civata \u00d6l\u00e7\u00fcs\u00fc<\/td>\n<td>W5\/16&#215;16<\/td>\n<\/tr>\n<tr>\n<td>Net A\u011f\u0131rl\u0131k<\/td>\n<td>2.7<\/td>\n<\/tr>\n<\/table>\n","protected":false},"excerpt":{"rendered":"<p>Model UT2204<\/p>\n<p>Kar\u0131\u015ft\u0131r\u0131c\u0131<\/p>\n<p>850 W \u2022 0 \u2013 550 dk\u207b\u00b9 \u2022 220 mm<\/p>\n<p><span style=\"color: rgb(0, 112, 192);\">A\u011f\u0131r i\u015fler i\u00e7in y\u00fcksek h\u0131zl\u0131 kar\u0131\u015ft\u0131r\u0131c\u0131<\/span><\/p>\n<p>Model UT2204 850W g\u00fcc\u00fcnde motora sahiptir ve 220 mm b\u0131\u00e7ak \u00e7ap\u0131, bu kar\u0131\u015ft\u0131r\u0131c\u0131y\u0131 y\u00fcksek h\u0131z ve g\u00fc\u00e7 gerektiren \u00e7e\u015fitli uygulamalarda kullan\u0131labilir hale getirir.<\/p>\n<p><span style=\"color: red;\">Kullan\u0131m amac\u0131: <\/span>Bu alet,duvar malzemelerini,vb.kar\u0131\u015ft\u0131rmak amac\u0131yla kullan\u0131l\u0131r (yan\u0131c\u0131 malzemeler hari\u00e7).<\/p>\n<p><u>\u00d6zellikleri:<\/u><\/p>\n<p><span style=\"color: red;\">G\u00fc\u00e7 Kayna\u011f\u0131: <\/span>Aletin, yaln\u0131zca isim levhas\u0131nda belirtilenle ayn\u0131 voltajl\u0131 g\u00fc\u00e7 kayna\u011f\u0131na ba\u011flanmas\u0131 gerekir ve yaln\u0131zca tek fazl\u0131 AC g\u00fc\u00e7 kayna\u011f\u0131yla \u00e7al\u0131\u015ft\u0131r\u0131labilir. \u00c7ifte yal\u0131t\u0131ml\u0131d\u0131r ve topraklamas\u0131z prizlerle de kullan\u0131labilir.<\/p>\n<ol>\n<li data-list=\"bullet\"><span class=\"ql-ui\" contenteditable=\"false\"><\/span>\u00c7ift yal\u0131t\u0131ml\u0131d\u0131r.<\/li>\n<\/ol>\n<p>Ambalaj i\u00e7eri\u011fi: Pervane, yan sap, anahtar <\/p>\n","protected":false},"featured_media":9395,"comment_status":"open","ping_status":"closed","template":"","meta":{"_acf_changed":false},"product_brand":[1485],"product_cat":[963],"product_tag":[],"class_list":{"0":"post-9396","1":"product","2":"type-product","3":"status-publish","4":"has-post-thumbnail","6":"product_brand-makita","7":"product_cat-karistiricilar","9":"first","10":"instock","11":"taxable","12":"shipping-taxable","13":"purchasable","14":"product-type-simple","15":"add-to-wishlist-after_add_to_cart"},"acf":[],"_links":{"self":[{"href":"https:\/\/www.makitamarket.com.tr\/site\/wp-json\/wp\/v2\/product\/9396","targetHints":{"allow":["GET"]}}],"collection":[{"href":"https:\/\/www.makitamarket.com.tr\/site\/wp-json\/wp\/v2\/product"}],"about":[{"href":"https:\/\/www.makitamarket.com.tr\/site\/wp-json\/wp\/v2\/types\/product"}],"replies":[{"embeddable":true,"href":"https:\/\/www.makitamarket.com.tr\/site\/wp-json\/wp\/v2\/comments?post=9396"}],"wp:featuredmedia":[{"embeddable":true,"href":"https:\/\/www.makitamarket.com.tr\/site\/wp-json\/wp\/v2\/media\/9395"}],"wp:attachment":[{"href":"https:\/\/www.makitamarket.com.tr\/site\/wp-json\/wp\/v2\/media?parent=9396"}],"wp:term":[{"taxonomy":"product_brand","embeddable":true,"href":"https:\/\/www.makitamarket.com.tr\/site\/wp-json\/wp\/v2\/product_brand?post=9396"},{"taxonomy":"product_cat","embeddable":true,"href":"https:\/\/www.makitamarket.com.tr\/site\/wp-json\/wp\/v2\/product_cat?post=9396"},{"taxonomy":"product_tag","embeddable":true,"href":"https:\/\/www.makitamarket.com.tr\/site\/wp-json\/wp\/v2\/product_tag?post=9396"}],"curies":[{"name":"wp","href":"https:\/\/api.w.org\/{rel}","templated":true}]}}