{"id":9408,"date":"2024-11-27T19:53:37","date_gmt":"2024-11-27T16:53:37","guid":{"rendered":"https:\/\/www.makitamarket.com.tr\/site\/urun\/gison-havali-sulu-taslama\/"},"modified":"2026-04-06T12:53:44","modified_gmt":"2026-04-06T09:53:44","slug":"gison-havali-sulu-taslama","status":"publish","type":"product","link":"https:\/\/www.makitamarket.com.tr\/site\/urun\/gison-havali-sulu-taslama\/","title":{"rendered":"Gison GPW211 HAVALI SULU TA\u015eLAMA"},"content":{"rendered":"<div>\n<div>\n\t\t\u2022 Su Reg\u00fclat\u00f6r\u00fc<\/div>\n<div>\n\t\t\u2022 \u00d6nden Hava Tahliye<\/div>\n<div>\n\t\t\u2022 Bas\u0131n\u00e7l\u0131 D\u00f6k\u00fcm G\u00f6vde\u00a0<\/div>\n<\/div>\n<div>\n\t<strong>Kullan\u0131m Alanlar\u0131<\/strong><\/div>\n<div>\n\tMermer ve ta\u015f sanayinde vbg. y\u00fczeylerin temizli\u011finde kullan\u0131l\u0131r.\u00a0<\/div>\n<table>\n<tr>\n<td>Ped \u00d6l\u00e7\u00fcs\u00fc<\/td>\n<td>\u00d8 140 mm.<\/td>\n<\/tr>\n<tr>\n<td>Mil \u00d6l\u00e7\u00fcs\u00fc<\/td>\n<td>M14<\/td>\n<\/tr>\n<tr>\n<td>Maks. Devir H\u0131z\u0131<\/td>\n<td>5.000 rpm<\/td>\n<\/tr>\n<tr>\n<td>G\u00fc\u00e7<\/td>\n<td>0.62 HP<\/td>\n<\/tr>\n<tr>\n<td>Su Hortumu<\/td>\n<td>4 mm. (Bak\u0131r)<\/td>\n<\/tr>\n<tr>\n<td>Net A\u011f\u0131rl\u0131k<\/td>\n<td>2.20 kg.<\/td>\n<\/tr>\n<tr>\n<td>Uzunluk<\/td>\n<td>430 mm.<\/td>\n<\/tr>\n<tr>\n<td>Hava T\u00fcketimi<\/td>\n<td>0.46 m\u00b3\/dak.<\/td>\n<\/tr>\n<tr>\n<td>Hava Giri\u015fi<\/td>\n<td>1\/4&#8243;<\/td>\n<\/tr>\n<tr>\n<td>Hortum \u00d6l\u00e7\u00fcs\u00fc <\/td>\n<td>6.5 mm.<\/td>\n<\/tr>\n<tr>\n<td>Hava Bas\u0131nc\u0131<\/td>\n<td>90 psi (6.3 kg.\/cm\u00b2)<\/td>\n<\/tr>\n<tr>\n<td>G\u00fcr\u00fclt\u00fc Seviyesi<\/td>\n<td>97 dBA<\/td>\n<\/tr>\n<tr>\n<td>Sars\u0131nt\u0131 Seviyesi<\/td>\n<td><2.5 m\/S\u00b2<\/td>\n<\/tr>\n<tr>\n<td>Standart\u0131<\/td>\n<td>CE-Made in Taiwan<\/td>\n<\/tr>\n<\/table>\n","protected":false},"excerpt":{"rendered":"<div>\n<div>\n\t\t\u2022 Su Reg\u00fclat\u00f6r\u00fc<\/div>\n<div>\n\t\t\u2022 \u00d6nden Hava Tahliye<\/div>\n<div>\n\t\t\u2022 Bas\u0131n\u00e7l\u0131 D\u00f6k\u00fcm G\u00f6vde\u00a0<\/div>\n<\/div>\n<div>\n\t<strong>Kullan\u0131m Alanlar\u0131<\/strong><\/div>\n<div>\n\tMermer ve ta\u015f sanayinde vbg. y\u00fczeylerin temizli\u011finde kullan\u0131l\u0131r.\u00a0<\/div>\n","protected":false},"featured_media":9799,"comment_status":"open","ping_status":"closed","template":"","meta":{"_acf_changed":false},"product_brand":[1512],"product_cat":[1565],"product_tag":[],"class_list":{"0":"post-9408","1":"product","2":"type-product","3":"status-publish","4":"has-post-thumbnail","6":"product_brand-gison","7":"product_cat-yok-yok","9":"first","10":"instock","11":"taxable","12":"shipping-taxable","13":"purchasable","14":"product-type-simple","15":"add-to-wishlist-after_add_to_cart"},"acf":[],"_links":{"self":[{"href":"https:\/\/www.makitamarket.com.tr\/site\/wp-json\/wp\/v2\/product\/9408","targetHints":{"allow":["GET"]}}],"collection":[{"href":"https:\/\/www.makitamarket.com.tr\/site\/wp-json\/wp\/v2\/product"}],"about":[{"href":"https:\/\/www.makitamarket.com.tr\/site\/wp-json\/wp\/v2\/types\/product"}],"replies":[{"embeddable":true,"href":"https:\/\/www.makitamarket.com.tr\/site\/wp-json\/wp\/v2\/comments?post=9408"}],"wp:featuredmedia":[{"embeddable":true,"href":"https:\/\/www.makitamarket.com.tr\/site\/wp-json\/wp\/v2\/media\/9799"}],"wp:attachment":[{"href":"https:\/\/www.makitamarket.com.tr\/site\/wp-json\/wp\/v2\/media?parent=9408"}],"wp:term":[{"taxonomy":"product_brand","embeddable":true,"href":"https:\/\/www.makitamarket.com.tr\/site\/wp-json\/wp\/v2\/product_brand?post=9408"},{"taxonomy":"product_cat","embeddable":true,"href":"https:\/\/www.makitamarket.com.tr\/site\/wp-json\/wp\/v2\/product_cat?post=9408"},{"taxonomy":"product_tag","embeddable":true,"href":"https:\/\/www.makitamarket.com.tr\/site\/wp-json\/wp\/v2\/product_tag?post=9408"}],"curies":[{"name":"wp","href":"https:\/\/api.w.org\/{rel}","templated":true}]}}