{"id":9410,"date":"2024-11-27T19:53:37","date_gmt":"2024-11-27T16:53:37","guid":{"rendered":"https:\/\/www.makitamarket.com.tr\/site\/urun\/euromax-kazimali-kanal-acma-makinasi\/"},"modified":"2026-04-06T12:47:39","modified_gmt":"2026-04-06T09:47:39","slug":"euromax-kazimali-kanal-acma-makinasi","status":"publish","type":"product","link":"https:\/\/www.makitamarket.com.tr\/site\/urun\/euromax-kazimali-kanal-acma-makinasi\/","title":{"rendered":"Euromax EX75121 KAZIMALI KANAL A\u00c7MA MAK\u0130NASI"},"content":{"rendered":"<p>\n\t<span _fck_bookmark=\"1\" style=\"display: none;\">\u00a0<\/span><\/p>\n<p>\n\t\u2022 Tek B\u0131\u00e7akl\u0131<br \/>\n\t\u2022\u00a0Paketten 1 adet A Tip B\u0131\u00e7ak \u00c7\u0131kar<br \/>\n\t\u2022\u00a0Toz Emme Baglant\u0131s\u0131<br \/>\n\t\u2022\u00a0Plastik Tas\u0131ma \u00c7antas\u0131<\/p>\n<table>\n<tr>\n<td>\u00c7al\u0131\u015fma Voltaj\u0131<\/td>\n<td>230V.AC \/ 50 Hz.<\/td>\n<\/tr>\n<tr>\n<td>Motor G\u00fcc\u00fc<\/td>\n<td>1.450 Watt<\/td>\n<\/tr>\n<tr>\n<td>Bo\u015ftaki Devir H\u0131z\u0131<\/td>\n<td>1.800 d\/dak.<\/td>\n<\/tr>\n<tr>\n<td>Kanal Geni\u015fli\u011fi<\/td>\n<td>A Tip B\u0131\u00e7akla: 25 mm.<\/td>\n<\/tr>\n<tr>\n<td>Kanal Geni\u015fli\u011fi<\/td>\n<td>B Tip B\u0131\u00e7akla: 35 mm.<\/td>\n<\/tr>\n<tr>\n<td>Kanal Derinli\u011fi<\/td>\n<td>A Tip B\u0131\u00e7akla: 15-25 mm.<\/td>\n<\/tr>\n<tr>\n<td>Kanal Derinli\u011fi<\/td>\n<td>B Tip B\u0131\u00e7akla: 25-35 mm.<\/td>\n<\/tr>\n<tr>\n<td>A (min) mm.<\/td>\n<td>7.5 kg.<\/td>\n<\/tr>\n<tr>\n<td>Standart\u0131<\/td>\n<td>CE<\/td>\n<\/tr>\n<\/table>\n","protected":false},"excerpt":{"rendered":"<p>\n\t<span _fck_bookmark=\"1\" style=\"display: none;\">\u00a0<\/span><\/p>\n<p>\n\t\u2022 Tek B\u0131\u00e7akl\u0131<br \/>\n\t\u2022\u00a0Paketten 1 adet A Tip B\u0131\u00e7ak \u00c7\u0131kar<br \/>\n\t\u2022\u00a0Toz Emme Baglant\u0131s\u0131<br \/>\n\t\u2022\u00a0Plastik Tas\u0131ma \u00c7antas\u0131<\/p>\n","protected":false},"featured_media":9409,"comment_status":"open","ping_status":"closed","template":"","meta":{"_acf_changed":false},"product_brand":[1513],"product_cat":[965],"product_tag":[],"class_list":{"0":"post-9410","1":"product","2":"type-product","3":"status-publish","4":"has-post-thumbnail","6":"product_brand-euromax","7":"product_cat-kanal-acma-makinalari","9":"first","10":"instock","11":"taxable","12":"shipping-taxable","13":"purchasable","14":"product-type-simple","15":"add-to-wishlist-after_add_to_cart"},"acf":[],"_links":{"self":[{"href":"https:\/\/www.makitamarket.com.tr\/site\/wp-json\/wp\/v2\/product\/9410","targetHints":{"allow":["GET"]}}],"collection":[{"href":"https:\/\/www.makitamarket.com.tr\/site\/wp-json\/wp\/v2\/product"}],"about":[{"href":"https:\/\/www.makitamarket.com.tr\/site\/wp-json\/wp\/v2\/types\/product"}],"replies":[{"embeddable":true,"href":"https:\/\/www.makitamarket.com.tr\/site\/wp-json\/wp\/v2\/comments?post=9410"}],"wp:featuredmedia":[{"embeddable":true,"href":"https:\/\/www.makitamarket.com.tr\/site\/wp-json\/wp\/v2\/media\/9409"}],"wp:attachment":[{"href":"https:\/\/www.makitamarket.com.tr\/site\/wp-json\/wp\/v2\/media?parent=9410"}],"wp:term":[{"taxonomy":"product_brand","embeddable":true,"href":"https:\/\/www.makitamarket.com.tr\/site\/wp-json\/wp\/v2\/product_brand?post=9410"},{"taxonomy":"product_cat","embeddable":true,"href":"https:\/\/www.makitamarket.com.tr\/site\/wp-json\/wp\/v2\/product_cat?post=9410"},{"taxonomy":"product_tag","embeddable":true,"href":"https:\/\/www.makitamarket.com.tr\/site\/wp-json\/wp\/v2\/product_tag?post=9410"}],"curies":[{"name":"wp","href":"https:\/\/api.w.org\/{rel}","templated":true}]}}