{"id":9412,"date":"2024-11-27T19:53:38","date_gmt":"2024-11-27T16:53:38","guid":{"rendered":"https:\/\/www.makitamarket.com.tr\/site\/urun\/max-safety-yarim-yuz-maskesi-seti-yym-100yyf-110yyf-120\/"},"modified":"2026-03-30T07:29:27","modified_gmt":"2026-03-30T04:29:27","slug":"max-safety-yarim-yuz-maskesi-seti-yym-100yyf-110yyf-120","status":"publish","type":"product","link":"https:\/\/www.makitamarket.com.tr\/site\/urun\/max-safety-yarim-yuz-maskesi-seti-yym-100yyf-110yyf-120\/","title":{"rendered":"Max Safety YYM-SET2 YARIM Y\u00dcZ MASKES\u0130 SET\u0130 YYM &#8211; 100+YYF &#8211; 110+YYF &#8211; 120"},"content":{"rendered":"<div>\n\t*\u00a0 Iron and steel industries; casting works; shipbuilding industry;<\/div>\n<div>\n\t*\u00a0 Welding works; building and constructions; automotive industry;<\/div>\n<div>\n\t*\u00a0 Woodworking; agricultural activities; food industry; the chemical industry;<\/div>\n<div>\n\t*\u00a0 Laboratories and the pharmaceuticals; general manufacturing;<\/div>\n<div>\n\t*\u00a0 Assembly and mechanical works; spray painting; masonry; cleaning etc.<\/div>\n<table>\n<tr>\n<td>Standards<\/td>\n<td>CE EN140:1998 &#8211; EN14387:2004 + A1:2008 &#8211; EN143:2000 + A1:2006<\/td>\n<\/tr>\n<\/table>\n","protected":false},"excerpt":{"rendered":"<div>\n\t*\u00a0 Iron and steel industries; casting works; shipbuilding industry;<\/div>\n<div>\n\t*\u00a0 Welding works; building and constructions; automotive industry;<\/div>\n<div>\n\t*\u00a0 Woodworking; agricultural activities; food industry; the chemical industry;<\/div>\n<div>\n\t*\u00a0 Laboratories and the pharmaceuticals; general manufacturing;<\/div>\n<div>\n\t*\u00a0 Assembly and mechanical works; spray painting; masonry; cleaning etc.<\/div>\n","protected":false},"featured_media":9411,"comment_status":"open","ping_status":"closed","template":"","meta":{"_acf_changed":false},"product_brand":[1492],"product_cat":[966],"product_tag":[],"class_list":{"0":"post-9412","1":"product","2":"type-product","3":"status-publish","4":"has-post-thumbnail","6":"product_brand-max-safety","7":"product_cat-solunum-koruyucular","9":"first","10":"instock","11":"taxable","12":"shipping-taxable","13":"purchasable","14":"product-type-simple","15":"add-to-wishlist-after_add_to_cart"},"acf":[],"_links":{"self":[{"href":"https:\/\/www.makitamarket.com.tr\/site\/wp-json\/wp\/v2\/product\/9412","targetHints":{"allow":["GET"]}}],"collection":[{"href":"https:\/\/www.makitamarket.com.tr\/site\/wp-json\/wp\/v2\/product"}],"about":[{"href":"https:\/\/www.makitamarket.com.tr\/site\/wp-json\/wp\/v2\/types\/product"}],"replies":[{"embeddable":true,"href":"https:\/\/www.makitamarket.com.tr\/site\/wp-json\/wp\/v2\/comments?post=9412"}],"wp:featuredmedia":[{"embeddable":true,"href":"https:\/\/www.makitamarket.com.tr\/site\/wp-json\/wp\/v2\/media\/9411"}],"wp:attachment":[{"href":"https:\/\/www.makitamarket.com.tr\/site\/wp-json\/wp\/v2\/media?parent=9412"}],"wp:term":[{"taxonomy":"product_brand","embeddable":true,"href":"https:\/\/www.makitamarket.com.tr\/site\/wp-json\/wp\/v2\/product_brand?post=9412"},{"taxonomy":"product_cat","embeddable":true,"href":"https:\/\/www.makitamarket.com.tr\/site\/wp-json\/wp\/v2\/product_cat?post=9412"},{"taxonomy":"product_tag","embeddable":true,"href":"https:\/\/www.makitamarket.com.tr\/site\/wp-json\/wp\/v2\/product_tag?post=9412"}],"curies":[{"name":"wp","href":"https:\/\/api.w.org\/{rel}","templated":true}]}}