{"id":9419,"date":"2024-11-27T19:53:40","date_gmt":"2024-11-27T16:53:40","guid":{"rendered":"https:\/\/www.makitamarket.com.tr\/site\/urun\/bessey-kompakt-makina-mengenesi-88mm-16000n\/"},"modified":"2026-04-13T19:20:51","modified_gmt":"2026-04-13T16:20:51","slug":"bessey-kompakt-makina-mengenesi-88mm-16000n","status":"publish","type":"product","link":"https:\/\/www.makitamarket.com.tr\/site\/urun\/bessey-kompakt-makina-mengenesi-88mm-16000n\/","title":{"rendered":"Bessey BESBUSC9-4 KOMPAKT MAK\u0130NA MENGENES\u0130 88mm 16000N"},"content":{"rendered":"<table>\n<tr>\n<td>Uzunluk<\/td>\n<td>88<\/td>\n<\/tr>\n<tr>\n<td>Derinlik<\/td>\n<td>40<\/td>\n<\/tr>\n<tr>\n<td>A\u011f\u0131rl\u0131k<\/td>\n<td>1.30<\/td>\n<\/tr>\n<tr>\n<td>Max. S\u0131kma Kuvveti<\/td>\n<td>16.000N<\/td>\n<\/tr>\n<\/table>\n","protected":false},"excerpt":{"rendered":"<p>Uzunluk 88 Derinlik 40 A\u011f\u0131rl\u0131k 1.30 Max. S\u0131kma Kuvveti 16.000N<\/p>\n","protected":false},"featured_media":9418,"comment_status":"open","ping_status":"closed","template":"","meta":{"_acf_changed":false},"product_brand":[1534],"product_cat":[960],"product_tag":[],"class_list":{"0":"post-9419","1":"product","2":"type-product","3":"status-publish","4":"has-post-thumbnail","6":"product_brand-bessey","7":"product_cat-mengeneler","9":"first","10":"instock","11":"taxable","12":"shipping-taxable","13":"purchasable","14":"product-type-simple","15":"add-to-wishlist-after_add_to_cart"},"acf":[],"_links":{"self":[{"href":"https:\/\/www.makitamarket.com.tr\/site\/wp-json\/wp\/v2\/product\/9419","targetHints":{"allow":["GET"]}}],"collection":[{"href":"https:\/\/www.makitamarket.com.tr\/site\/wp-json\/wp\/v2\/product"}],"about":[{"href":"https:\/\/www.makitamarket.com.tr\/site\/wp-json\/wp\/v2\/types\/product"}],"replies":[{"embeddable":true,"href":"https:\/\/www.makitamarket.com.tr\/site\/wp-json\/wp\/v2\/comments?post=9419"}],"wp:featuredmedia":[{"embeddable":true,"href":"https:\/\/www.makitamarket.com.tr\/site\/wp-json\/wp\/v2\/media\/9418"}],"wp:attachment":[{"href":"https:\/\/www.makitamarket.com.tr\/site\/wp-json\/wp\/v2\/media?parent=9419"}],"wp:term":[{"taxonomy":"product_brand","embeddable":true,"href":"https:\/\/www.makitamarket.com.tr\/site\/wp-json\/wp\/v2\/product_brand?post=9419"},{"taxonomy":"product_cat","embeddable":true,"href":"https:\/\/www.makitamarket.com.tr\/site\/wp-json\/wp\/v2\/product_cat?post=9419"},{"taxonomy":"product_tag","embeddable":true,"href":"https:\/\/www.makitamarket.com.tr\/site\/wp-json\/wp\/v2\/product_tag?post=9419"}],"curies":[{"name":"wp","href":"https:\/\/api.w.org\/{rel}","templated":true}]}}