{"id":9460,"date":"2024-11-27T19:54:05","date_gmt":"2024-11-27T16:54:05","guid":{"rendered":"https:\/\/www.makitamarket.com.tr\/site\/urun\/bmi-bmi-654-klp5-sp-auto-magic-bes-nokta-ve-capraz-cizgi-lazer\/"},"modified":"2026-03-30T07:30:26","modified_gmt":"2026-03-30T04:30:26","slug":"bmi-bmi-654-klp5-sp-auto-magic-bes-nokta-ve-capraz-cizgi-lazer","status":"publish","type":"product","link":"https:\/\/www.makitamarket.com.tr\/site\/urun\/bmi-bmi-654-klp5-sp-auto-magic-bes-nokta-ve-capraz-cizgi-lazer\/","title":{"rendered":"Bmi AUTO MAGIC BES NOK BMI 654 KLP5 SP AUTO MAGIC BE\u015e NOKTA VE \u00c7APRAZ \u00c7\u0130ZG\u0130 LAZER"},"content":{"rendered":"<table>\n<tr>\n<td>Lazer Tipi<\/td>\n<td>K\u0131rm\u0131z\u0131 diot lazeri. Dalga boyu 635mm \u00b1 5mm<\/td>\n<\/tr>\n<tr>\n<td>Lazer \u00c7\u0131k\u0131\u015f G\u00fcc\u00fc<\/td>\n<td>Lazer s\u0131n\u0131f\u0131 2M EN 60825-1<\/td>\n<\/tr>\n<tr>\n<td>Terazileme<\/td>\n<td>Tam otomatik pendulum sarka\u00e7l\u0131<\/td>\n<\/tr>\n<tr>\n<td>Terazileme Zaman\u0131<\/td>\n<td><3 derece<\/td>\n<\/tr>\n<tr>\n<td>Terazileme Aral\u0131\u011f\u0131<\/td>\n<td>\u00b1 3\u00b0<\/td>\n<\/tr>\n<tr>\n<td>Lazer \u00c7izgi Kal\u0131nl\u0131\u011f\u0131<\/td>\n<td><=2mm\/5m<\/td>\n<\/tr>\n<tr>\n<td>Hassasiyet<\/td>\n<td>\u00c7izgiler: \u00b1 3mm\/10m, Yatay noktalar: \u00b1 3mm\/10m, Yukar\u0131 \u015fak\u00fcl hatt\u0131: \u00b1 1.5mm\/2m, A\u015fa\u011f\u0131 \u015fak\u00fcl hatt\u0131: \u00b1 1.5mm\/2m<\/td>\n<\/tr>\n<tr>\n<td>Menzil<\/td>\n<td>Ortam Parlakl\u0131\u011f\u0131na G\u00f6re al\u0131c\u0131 ile en az 30 m<\/td>\n<\/tr>\n<tr>\n<td>Lazer \u00c7izgi \u00c7\u0131k\u0131\u015f A\u00e7\u0131s\u0131<\/td>\n<td>150\u00b0<\/td>\n<\/tr>\n<tr>\n<td>Batarya<\/td>\n<td>3 adet 1,5 Volt LR6AA<\/td>\n<\/tr>\n<tr>\n<td>\u00c7al\u0131\u015fma S\u00fcresi<\/td>\n<td>>7 saat<\/td>\n<\/tr>\n<tr>\n<td>Ba\u011flant\u0131<\/td>\n<td>Cihaz: 1\/4&#8243; , Adapt\u00f6r: 5\/8\u201d m\u0131knat\u0131sl\u0131 ba\u011flant\u0131<\/td>\n<\/tr>\n<\/table>\n","protected":false},"excerpt":{"rendered":"<p>Lazer Tipi K\u0131rm\u0131z\u0131 diot lazeri. Dalga boyu 635mm \u00b1 5mm Lazer \u00c7\u0131k\u0131\u015f G\u00fcc\u00fc Lazer s\u0131n\u0131f\u0131 2M EN 60825-1 Terazileme Tam otomatik pendulum sarka\u00e7l\u0131 Terazileme Zaman\u0131<\/p>\n","protected":false},"featured_media":9459,"comment_status":"open","ping_status":"closed","template":"","meta":{"_acf_changed":false},"product_brand":[1522],"product_cat":[837],"product_tag":[],"class_list":{"0":"post-9460","1":"product","2":"type-product","3":"status-publish","4":"has-post-thumbnail","6":"product_brand-bmi","7":"product_cat-lazerli-olcum-cihazlari","9":"first","10":"instock","11":"taxable","12":"shipping-taxable","13":"purchasable","14":"product-type-simple","15":"add-to-wishlist-after_add_to_cart"},"acf":[],"_links":{"self":[{"href":"https:\/\/www.makitamarket.com.tr\/site\/wp-json\/wp\/v2\/product\/9460","targetHints":{"allow":["GET"]}}],"collection":[{"href":"https:\/\/www.makitamarket.com.tr\/site\/wp-json\/wp\/v2\/product"}],"about":[{"href":"https:\/\/www.makitamarket.com.tr\/site\/wp-json\/wp\/v2\/types\/product"}],"replies":[{"embeddable":true,"href":"https:\/\/www.makitamarket.com.tr\/site\/wp-json\/wp\/v2\/comments?post=9460"}],"wp:featuredmedia":[{"embeddable":true,"href":"https:\/\/www.makitamarket.com.tr\/site\/wp-json\/wp\/v2\/media\/9459"}],"wp:attachment":[{"href":"https:\/\/www.makitamarket.com.tr\/site\/wp-json\/wp\/v2\/media?parent=9460"}],"wp:term":[{"taxonomy":"product_brand","embeddable":true,"href":"https:\/\/www.makitamarket.com.tr\/site\/wp-json\/wp\/v2\/product_brand?post=9460"},{"taxonomy":"product_cat","embeddable":true,"href":"https:\/\/www.makitamarket.com.tr\/site\/wp-json\/wp\/v2\/product_cat?post=9460"},{"taxonomy":"product_tag","embeddable":true,"href":"https:\/\/www.makitamarket.com.tr\/site\/wp-json\/wp\/v2\/product_tag?post=9460"}],"curies":[{"name":"wp","href":"https:\/\/api.w.org\/{rel}","templated":true}]}}