{"id":9462,"date":"2024-11-27T19:54:05","date_gmt":"2024-11-27T16:54:05","guid":{"rendered":"https:\/\/www.makitamarket.com.tr\/site\/urun\/gison-havali-keski-kaziyici-civili-raspa\/"},"modified":"2026-04-13T19:51:42","modified_gmt":"2026-04-13T16:51:42","slug":"gison-havali-keski-kaziyici-civili-raspa","status":"publish","type":"product","link":"https:\/\/www.makitamarket.com.tr\/site\/urun\/gison-havali-keski-kaziyici-civili-raspa\/","title":{"rendered":"Gison GP851I HAVALI KESK\u0130 + KAZIYICI (\u00c7\u0130V\u0130L\u0130 RASPA)"},"content":{"rendered":"<table>\n<tr>\n<td>Keski Sap\u0131<\/td>\n<td>Yuvarlak<\/td>\n<\/tr>\n<tr>\n<td>\u00c7ivi \u00c7ap\u0131<\/td>\n<td>3 mm. x 12 adet<\/td>\n<\/tr>\n<tr>\n<td>Darbe H\u0131z\u0131<\/td>\n<td>4.800 bpm.<\/td>\n<\/tr>\n<tr>\n<td>Net A\u011f\u0131rl\u0131k (kg)<\/td>\n<td>1.19 kg.<\/td>\n<\/tr>\n<tr>\n<td>Uzunluk (mm)<\/td>\n<td>290 mm.<\/td>\n<\/tr>\n<tr>\n<td>Hava T\u00fcketimi<\/td>\n<td>0.12 m\u00b3\/dak.<\/td>\n<\/tr>\n<tr>\n<td>Hava Giri\u015fi<\/td>\n<td>1\/4&#8243;<\/td>\n<\/tr>\n<tr>\n<td>Hortum \u00d6l\u00e7\u00fcs\u00fc (ID)<\/td>\n<td>8 mm.<\/td>\n<\/tr>\n<tr>\n<td>G\u00fcr\u00fclt\u00fc Seviyesi (dBA)<\/td>\n<td>91 dBA.<\/td>\n<\/tr>\n<tr>\n<td>Sars\u0131nt\u0131 Seviyesi<\/td>\n<td>14.5 m\/S\u00b2.<\/td>\n<\/tr>\n<tr>\n<td>Hava Bas\u0131nc\u0131<\/td>\n<td>90 psi (6.3 kg.\/cm\u00b2)<\/td>\n<\/tr>\n<tr>\n<td>Koli Adedi<\/td>\n<td>10 adet<\/td>\n<\/tr>\n<\/table>\n","protected":false},"excerpt":{"rendered":"<p>Keski Sap\u0131 Yuvarlak \u00c7ivi \u00c7ap\u0131 3 mm. x 12 adet Darbe H\u0131z\u0131 4.800 bpm. Net A\u011f\u0131rl\u0131k (kg) 1.19 kg. Uzunluk (mm) 290 mm. Hava T\u00fcketimi 0.12 m\u00b3\/dak. Hava Giri\u015fi 1\/4&#8243;<\/p>\n","protected":false},"featured_media":11022,"comment_status":"open","ping_status":"closed","template":"","meta":{"_acf_changed":false},"product_brand":[1512],"product_cat":[936],"product_tag":[],"class_list":{"0":"post-9462","1":"product","2":"type-product","3":"status-publish","4":"has-post-thumbnail","6":"product_brand-gison","7":"product_cat-havali-keski-ve-kaziyicilar","9":"first","10":"instock","11":"taxable","12":"shipping-taxable","13":"purchasable","14":"product-type-simple","15":"add-to-wishlist-after_add_to_cart"},"acf":[],"_links":{"self":[{"href":"https:\/\/www.makitamarket.com.tr\/site\/wp-json\/wp\/v2\/product\/9462","targetHints":{"allow":["GET"]}}],"collection":[{"href":"https:\/\/www.makitamarket.com.tr\/site\/wp-json\/wp\/v2\/product"}],"about":[{"href":"https:\/\/www.makitamarket.com.tr\/site\/wp-json\/wp\/v2\/types\/product"}],"replies":[{"embeddable":true,"href":"https:\/\/www.makitamarket.com.tr\/site\/wp-json\/wp\/v2\/comments?post=9462"}],"wp:featuredmedia":[{"embeddable":true,"href":"https:\/\/www.makitamarket.com.tr\/site\/wp-json\/wp\/v2\/media\/11022"}],"wp:attachment":[{"href":"https:\/\/www.makitamarket.com.tr\/site\/wp-json\/wp\/v2\/media?parent=9462"}],"wp:term":[{"taxonomy":"product_brand","embeddable":true,"href":"https:\/\/www.makitamarket.com.tr\/site\/wp-json\/wp\/v2\/product_brand?post=9462"},{"taxonomy":"product_cat","embeddable":true,"href":"https:\/\/www.makitamarket.com.tr\/site\/wp-json\/wp\/v2\/product_cat?post=9462"},{"taxonomy":"product_tag","embeddable":true,"href":"https:\/\/www.makitamarket.com.tr\/site\/wp-json\/wp\/v2\/product_tag?post=9462"}],"curies":[{"name":"wp","href":"https:\/\/api.w.org\/{rel}","templated":true}]}}