{"id":9469,"date":"2024-11-27T19:54:07","date_gmt":"2024-11-27T16:54:07","guid":{"rendered":"https:\/\/www.makitamarket.com.tr\/site\/urun\/proxxon-proxxon-28092-dekupaj-tezgah\/"},"modified":"2026-04-06T12:48:40","modified_gmt":"2026-04-06T09:48:40","slug":"proxxon-proxxon-28092-dekupaj-tezgah","status":"publish","type":"product","link":"https:\/\/www.makitamarket.com.tr\/site\/urun\/proxxon-proxxon-28092-dekupaj-tezgah\/","title":{"rendered":"Proxxon 28092 DSH PROXXON 28092 DEKUPAJ TEZGAH"},"content":{"rendered":"<p align=\"left\">\n\t<font color=\"#1f1a17\" face=\"MyriadPro-Bold\" size=\"1\"><font color=\"#1f1a17\" face=\"MyriadPro-Bold\" size=\"1\"><font color=\"#1f1a17\" face=\"MyriadPro-Bold\" size=\"1\"><font color=\"#1f1a17\" face=\"MyriadPro-Regular\" size=\"1\"><font color=\"#1f1a17\" face=\"MyriadPro-Regular\" size=\"1\"><font color=\"#1f1a17\" face=\"MyriadPro-Regular\" size=\"1\"><b><font color=\"#1f1a17\" face=\"MyriadPro-Bold\" size=\"1\"><font color=\"#1f1a17\" face=\"MyriadPro-Bold\" size=\"1\"><font color=\"#1f1a17\" face=\"MyriadPro-Bold\" size=\"1\"><b><font color=\"#1f1a17\" face=\"MyriadPro-Bold\" size=\"1\"><font color=\"#1f1a17\" face=\"MyriadPro-Bold\" size=\"1\"><font color=\"#1f1a17\" face=\"MyriadPro-Bold\" size=\"1\">50mm ah\u00feap, 30mm plastik, <\/font><\/font><\/font><\/b><b><font color=\"#1f1a17\" face=\"MyriadPro-Bold\" size=\"1\"><font color=\"#1f1a17\" face=\"MyriadPro-Bold\" size=\"1\"><font color=\"#1f1a17\" face=\"MyriadPro-Bold\" size=\"1\">10m demirsiz metal kesimi<\/font><\/font><\/font><\/b><\/font><\/font><\/font><\/b><\/font><\/font><\/font><\/font><\/font><\/font><\/p>\n<table>\n<tr>\n<td>Motor G\u00fcc\u00fc<\/td>\n<td>200 W<\/td>\n<\/tr>\n<tr>\n<td>Voltaj<\/td>\n<td>230V-50Hz<\/td>\n<\/tr>\n<tr>\n<td>Devir H\u0131z\u0131<\/td>\n<td>990-1500 d\/dak.<\/td>\n<\/tr>\n<tr>\n<td>Tabla \u00d6l\u00e7\u00fcs\u00fc<\/td>\n<td>360x180mm<\/td>\n<\/tr>\n<tr>\n<td>Net A\u011f\u0131rl\u0131k<\/td>\n<td>20 kg.<\/td>\n<\/tr>\n<\/table>\n","protected":false},"excerpt":{"rendered":"<p align=\"left\">\n\t<font color=\"#1f1a17\" face=\"MyriadPro-Bold\" size=\"1\"><font color=\"#1f1a17\" face=\"MyriadPro-Bold\" size=\"1\"><font color=\"#1f1a17\" face=\"MyriadPro-Bold\" size=\"1\"><font color=\"#1f1a17\" face=\"MyriadPro-Regular\" size=\"1\"><font color=\"#1f1a17\" face=\"MyriadPro-Regular\" size=\"1\"><font color=\"#1f1a17\" face=\"MyriadPro-Regular\" size=\"1\"><b><font color=\"#1f1a17\" face=\"MyriadPro-Bold\" size=\"1\"><font color=\"#1f1a17\" face=\"MyriadPro-Bold\" size=\"1\"><font color=\"#1f1a17\" face=\"MyriadPro-Bold\" size=\"1\"><b><font color=\"#1f1a17\" face=\"MyriadPro-Bold\" size=\"1\"><font color=\"#1f1a17\" face=\"MyriadPro-Bold\" size=\"1\"><font color=\"#1f1a17\" face=\"MyriadPro-Bold\" size=\"1\">50mm ah\u00feap, 30mm plastik, <\/font><\/font><\/font><\/b><b><font color=\"#1f1a17\" face=\"MyriadPro-Bold\" size=\"1\"><font color=\"#1f1a17\" face=\"MyriadPro-Bold\" size=\"1\"><font color=\"#1f1a17\" face=\"MyriadPro-Bold\" size=\"1\">10m demirsiz metal kesimi<\/font><\/font><\/font><\/b><\/font><\/font><\/font><\/b><\/font><\/font><\/font><\/font><\/font><\/font><\/p>\n","protected":false},"featured_media":9468,"comment_status":"open","ping_status":"closed","template":"","meta":{"_acf_changed":false},"product_brand":[1501],"product_cat":[1565],"product_tag":[],"class_list":{"0":"post-9469","1":"product","2":"type-product","3":"status-publish","4":"has-post-thumbnail","6":"product_brand-proxxon","7":"product_cat-yok-yok","9":"first","10":"instock","11":"taxable","12":"shipping-taxable","13":"purchasable","14":"product-type-simple","15":"add-to-wishlist-after_add_to_cart"},"acf":[],"_links":{"self":[{"href":"https:\/\/www.makitamarket.com.tr\/site\/wp-json\/wp\/v2\/product\/9469","targetHints":{"allow":["GET"]}}],"collection":[{"href":"https:\/\/www.makitamarket.com.tr\/site\/wp-json\/wp\/v2\/product"}],"about":[{"href":"https:\/\/www.makitamarket.com.tr\/site\/wp-json\/wp\/v2\/types\/product"}],"replies":[{"embeddable":true,"href":"https:\/\/www.makitamarket.com.tr\/site\/wp-json\/wp\/v2\/comments?post=9469"}],"wp:featuredmedia":[{"embeddable":true,"href":"https:\/\/www.makitamarket.com.tr\/site\/wp-json\/wp\/v2\/media\/9468"}],"wp:attachment":[{"href":"https:\/\/www.makitamarket.com.tr\/site\/wp-json\/wp\/v2\/media?parent=9469"}],"wp:term":[{"taxonomy":"product_brand","embeddable":true,"href":"https:\/\/www.makitamarket.com.tr\/site\/wp-json\/wp\/v2\/product_brand?post=9469"},{"taxonomy":"product_cat","embeddable":true,"href":"https:\/\/www.makitamarket.com.tr\/site\/wp-json\/wp\/v2\/product_cat?post=9469"},{"taxonomy":"product_tag","embeddable":true,"href":"https:\/\/www.makitamarket.com.tr\/site\/wp-json\/wp\/v2\/product_tag?post=9469"}],"curies":[{"name":"wp","href":"https:\/\/api.w.org\/{rel}","templated":true}]}}