{"id":9471,"date":"2024-11-27T19:54:08","date_gmt":"2024-11-27T16:54:08","guid":{"rendered":"https:\/\/www.makitamarket.com.tr\/site\/urun\/proxxon-proxxon-28060-tsg-250-e-disk-zimpara-makinasi\/"},"modified":"2026-04-06T12:48:40","modified_gmt":"2026-04-06T09:48:40","slug":"proxxon-proxxon-28060-tsg-250-e-disk-zimpara-makinasi","status":"publish","type":"product","link":"https:\/\/www.makitamarket.com.tr\/site\/urun\/proxxon-proxxon-28060-tsg-250-e-disk-zimpara-makinasi\/","title":{"rendered":"Proxxon 28060 TSG 250\/E PROXXON 28060 TSG 250\/E D\u0130SK ZIMPARA MAK\u0130NASI"},"content":{"rendered":"<div>\n\t<strong>Kullan\u0131m Alanlar\u0131:<\/strong> Cam, ta\u015f, fayans gibi malzemelerin sulu z\u0131mparalanmas\u0131nda ve normal z\u0131mparalamada <strong>Sevkiyat kapsam\u0131:<\/strong> 2\u2019\u015fer adet 80 kum ve 240 kum z\u0131mpara<\/div>\n<div>\n\t<strong>Uyumlu Aksesuarlar:<\/strong><\/div>\n<div>\n\t<strong>28970: <\/strong>80 kum z\u0131mpara (5)<\/div>\n<div>\n\t<strong>28972: <\/strong>150 kum z\u0131mpara (5)<\/div>\n<div>\n\t<strong>28974: <\/strong>240 kum z\u0131mpara (5)<\/div>\n<div>\n\t<strong>28976:<\/strong> 320 kum z\u203ampara (5)<\/div>\n<div>\n\t<strong>28968:<\/strong> Kendinden yap\u0131\u015fkanl\u0131 silikon \u015ferit<\/div>\n<table>\n<tr>\n<td>\u00d6l\u00e7\u00fcler<\/td>\n<td>330 x 280 x 230 mm<\/td>\n<\/tr>\n<tr>\n<td>\u00c7al\u0131\u015fma gerilimi<\/td>\n<td>220-240V<\/td>\n<\/tr>\n<tr>\n<td>Tabla<\/td>\n<td>275&#215;105 mm<\/td>\n<\/tr>\n<tr>\n<td>Devir<\/td>\n<td>250-750 d\/dak<\/td>\n<\/tr>\n<\/table>\n","protected":false},"excerpt":{"rendered":"<div>\n\t<strong>Kullan\u0131m Alanlar\u0131:<\/strong> Cam, ta\u015f, fayans gibi malzemelerin sulu z\u0131mparalanmas\u0131nda ve normal z\u0131mparalamada <strong>Sevkiyat kapsam\u0131:<\/strong> 2\u2019\u015fer adet 80 kum ve 240 kum z\u0131mpara<\/div>\n<div>\n\t<strong>Uyumlu Aksesuarlar:<\/strong><\/div>\n<div>\n\t<strong>28970: <\/strong>80 kum z\u0131mpara (5)<\/div>\n<div>\n\t<strong>28972: <\/strong>150 kum z\u0131mpara (5)<\/div>\n<div>\n\t<strong>28974: <\/strong>240 kum z\u0131mpara (5)<\/div>\n<div>\n\t<strong>28976:<\/strong> 320 kum z\u203ampara (5)<\/div>\n<div>\n\t<strong>28968:<\/strong> Kendinden yap\u0131\u015fkanl\u0131 silikon \u015ferit<\/div>\n","protected":false},"featured_media":9470,"comment_status":"open","ping_status":"closed","template":"","meta":{"_acf_changed":false},"product_brand":[1501],"product_cat":[895],"product_tag":[],"class_list":{"0":"post-9471","1":"product","2":"type-product","3":"status-publish","4":"has-post-thumbnail","6":"product_brand-proxxon","7":"product_cat-dekupaj-testere-makinalari","9":"first","10":"instock","11":"taxable","12":"shipping-taxable","13":"purchasable","14":"product-type-simple","15":"add-to-wishlist-after_add_to_cart"},"acf":[],"_links":{"self":[{"href":"https:\/\/www.makitamarket.com.tr\/site\/wp-json\/wp\/v2\/product\/9471","targetHints":{"allow":["GET"]}}],"collection":[{"href":"https:\/\/www.makitamarket.com.tr\/site\/wp-json\/wp\/v2\/product"}],"about":[{"href":"https:\/\/www.makitamarket.com.tr\/site\/wp-json\/wp\/v2\/types\/product"}],"replies":[{"embeddable":true,"href":"https:\/\/www.makitamarket.com.tr\/site\/wp-json\/wp\/v2\/comments?post=9471"}],"wp:featuredmedia":[{"embeddable":true,"href":"https:\/\/www.makitamarket.com.tr\/site\/wp-json\/wp\/v2\/media\/9470"}],"wp:attachment":[{"href":"https:\/\/www.makitamarket.com.tr\/site\/wp-json\/wp\/v2\/media?parent=9471"}],"wp:term":[{"taxonomy":"product_brand","embeddable":true,"href":"https:\/\/www.makitamarket.com.tr\/site\/wp-json\/wp\/v2\/product_brand?post=9471"},{"taxonomy":"product_cat","embeddable":true,"href":"https:\/\/www.makitamarket.com.tr\/site\/wp-json\/wp\/v2\/product_cat?post=9471"},{"taxonomy":"product_tag","embeddable":true,"href":"https:\/\/www.makitamarket.com.tr\/site\/wp-json\/wp\/v2\/product_tag?post=9471"}],"curies":[{"name":"wp","href":"https:\/\/api.w.org\/{rel}","templated":true}]}}