{"id":9475,"date":"2024-11-27T19:54:09","date_gmt":"2024-11-27T16:54:09","guid":{"rendered":"https:\/\/www.makitamarket.com.tr\/site\/urun\/makita-flex-tasli-metal-kesme-makinasi\/"},"modified":"2026-04-06T12:48:41","modified_gmt":"2026-04-06T09:48:41","slug":"makita-flex-tasli-metal-kesme-makinasi","status":"publish","type":"product","link":"https:\/\/www.makitamarket.com.tr\/site\/urun\/makita-flex-tasli-metal-kesme-makinasi\/","title":{"rendered":"Makita LW1401S FLEX TA\u015eLI METAL KESME MAK\u0130NASI"},"content":{"rendered":"<p><span style=\"color: black;\">Model LW1401S<\/span><\/p>\n<p>Metal Kesme Makinalar\u0131<\/p>\n<p>Flex Ta\u015fl\u0131<\/p>\n<p>Geni\u015f Siperlikli<\/p>\n<p>2.200 W \u2022 355 mm \u2022 3.800 dak\u207b\u00b9<\/p>\n<p><strong style=\"color: rgb(0, 112, 192);\">Y\u00fcksek Performansl\u0131 Ta\u015flama ve Kesme Makinesi<\/strong><\/p>\n<p>Metal, ta\u015f ve di\u011fer sert malzemelerde kesme ve ta\u015flama i\u015flemleri i\u00e7in tasarlanm\u0131\u015f, dayan\u0131kl\u0131 ve g\u00fc\u00e7l\u00fc bir ta\u015flama makinesi modelidir. <strong>2.200 W motor g\u00fcc\u00fc<\/strong> ve <strong>355 mm disk \u00e7ap\u0131<\/strong> ile zorlu i\u015fler i\u00e7in y\u00fcksek performans sunar. Dakikada 3.800 bo\u015fta devire sahiptir.Ergonomik tasar\u0131m\u0131, d\u00fc\u015f\u00fck titre\u015fim seviyesi ve dayan\u0131kl\u0131 yap\u0131s\u0131 sayesinde uzun s\u00fcreli kullan\u0131mda konfor sa\u011flar. Metal i\u015f\u00e7ili\u011fi, in\u015faat ve profesyonel projelerde s\u0131k\u00e7a tercih edilen bir modeldir.<\/p>\n<p><span style=\"color: red;\">Kullan\u0131m amac\u0131: <\/span><span style=\"color: black;\">Bu alet uygun a\u015f\u0131nd\u0131r\u0131c\u0131 kesme diski ile demir malzemelerin kesilmesi i\u00e7in tasarlanm\u0131\u015ft\u0131r. Toz ve i\u015f yeri sa\u011fl\u0131\u011f\u0131 ve g\u00fcvenli\u011fiyle ilgili t\u00fcm yasalara ve y\u00f6netmeliklere uygundur. <\/span><\/p>\n<p><u>\u00d6zellikleri:<\/u><\/p>\n<p><span style=\"color: red;\">G\u00fc\u00e7 Kayna\u011f\u0131:<\/span>Aletin,yaln\u0131zca isim levhas\u0131nda belirtilenle ayn\u0131 voltajl\u0131 g\u00fc\u00e7 kayna\u011f\u0131na ba\u011flanmas\u0131 gerekir ve yaln\u0131zca tek fazl\u0131 AC g\u00fc\u00e7 kayna\u011f\u0131yla \u00e7al\u0131\u015ft\u0131r\u0131labilir. \u00c7ifte yal\u0131t\u0131ml\u0131d\u0131r ve topraklamas\u0131z prizlerle de kullan\u0131labilir.<\/p>\n<ol>\n<li data-list=\"bullet\"><span class=\"ql-ui\" contenteditable=\"false\"><\/span>\u00c7ift yal\u0131t\u0131ml\u0131d\u0131r.<\/li>\n<li data-list=\"bullet\"><span class=\"ql-ui\" contenteditable=\"false\"><\/span>Toz emme \u00fcnitesi mevcuttur.<\/li>\n<\/ol>\n<p><span style=\"color: rgb(33, 37, 41); background-color: white;\">Ambalaj i\u00e7eri\u011fi: Fleks ta\u015f, Lokma anahtar\u0131<\/span><\/p>\n<p><span style=\"color: red;\">Ta\u015f dahildir.<\/span><\/p>\n<table>\n<tr>\n<td>S\u00fcrekli Ak\u0131m Giri\u015fi<\/td>\n<td>2200W<\/td>\n<\/tr>\n<tr>\n<td>Ta\u015f \u00c7ap\u0131<\/td>\n<td>355&#215;25.4 mm<\/td>\n<\/tr>\n<tr>\n<td>Bo\u015fta Devir<\/td>\n<td>3800devir\/dk<\/td>\n<\/tr>\n<tr>\n<td>Net A\u011f\u0131rl\u0131k<\/td>\n<td>18.3 kg<\/td>\n<\/tr>\n<tr>\n<td>Ak\u0131m<\/td>\n<td>10Ah<\/td>\n<\/tr>\n<tr>\n<td>Kapasite 90\u00b0<\/td>\n<td>Dairesel boru: 127mm, Kutu profil : 115x130mm<\/td>\n<\/tr>\n<tr>\n<td>Kapasite 45\u00b0<\/td>\n<td>Dairesel boru: 127mm, Kutu profil : 115x103mm<\/td>\n<\/tr>\n<\/table>\n","protected":false},"excerpt":{"rendered":"<p><span style=\"color: black;\">Model LW1401S<\/span><\/p>\n<p>Metal Kesme Makinalar\u0131<\/p>\n<p>Flex Ta\u015fl\u0131<\/p>\n<p>Geni\u015f Siperlikli<\/p>\n<p>2.200 W \u2022 355 mm \u2022 3.800 dak\u207b\u00b9<\/p>\n<p><strong style=\"color: rgb(0, 112, 192);\">Y\u00fcksek Performansl\u0131 Ta\u015flama ve Kesme Makinesi<\/strong><\/p>\n<p>Metal, ta\u015f ve di\u011fer sert malzemelerde kesme ve ta\u015flama i\u015flemleri i\u00e7in tasarlanm\u0131\u015f, dayan\u0131kl\u0131 ve g\u00fc\u00e7l\u00fc bir ta\u015flama makinesi modelidir. <strong>2.200 W motor g\u00fcc\u00fc<\/strong> ve <strong>355 mm disk \u00e7ap\u0131<\/strong> ile zorlu i\u015fler i\u00e7in y\u00fcksek performans sunar. Dakikada 3.800 bo\u015fta devire sahiptir.Ergonomik tasar\u0131m\u0131, d\u00fc\u015f\u00fck titre\u015fim seviyesi ve dayan\u0131kl\u0131 yap\u0131s\u0131 sayesinde uzun s\u00fcreli kullan\u0131mda konfor sa\u011flar. Metal i\u015f\u00e7ili\u011fi, in\u015faat ve profesyonel projelerde s\u0131k\u00e7a tercih edilen bir modeldir.<\/p>\n<p><span style=\"color: red;\">Kullan\u0131m amac\u0131: <\/span><span style=\"color: black;\">Bu alet uygun a\u015f\u0131nd\u0131r\u0131c\u0131 kesme diski ile demir malzemelerin kesilmesi i\u00e7in tasarlanm\u0131\u015ft\u0131r. Toz ve i\u015f yeri sa\u011fl\u0131\u011f\u0131 ve g\u00fcvenli\u011fiyle ilgili t\u00fcm yasalara ve y\u00f6netmeliklere uygundur. <\/span><\/p>\n<p><u>\u00d6zellikleri:<\/u><\/p>\n<p><span style=\"color: red;\">G\u00fc\u00e7 Kayna\u011f\u0131:<\/span>Aletin,yaln\u0131zca isim levhas\u0131nda belirtilenle ayn\u0131 voltajl\u0131 g\u00fc\u00e7 kayna\u011f\u0131na ba\u011flanmas\u0131 gerekir ve yaln\u0131zca tek fazl\u0131 AC g\u00fc\u00e7 kayna\u011f\u0131yla \u00e7al\u0131\u015ft\u0131r\u0131labilir. \u00c7ifte yal\u0131t\u0131ml\u0131d\u0131r ve topraklamas\u0131z prizlerle de kullan\u0131labilir.<\/p>\n<ol>\n<li data-list=\"bullet\"><span class=\"ql-ui\" contenteditable=\"false\"><\/span>\u00c7ift yal\u0131t\u0131ml\u0131d\u0131r.<\/li>\n<li data-list=\"bullet\"><span class=\"ql-ui\" contenteditable=\"false\"><\/span>Toz emme \u00fcnitesi mevcuttur.<\/li>\n<\/ol>\n<p><span style=\"color: rgb(33, 37, 41); background-color: white;\">Ambalaj i\u00e7eri\u011fi: Fleks ta\u015f, Lokma anahtar\u0131<\/span><\/p>\n<p><span style=\"color: red;\">Ta\u015f dahildir.<\/span><\/p>\n","protected":false},"featured_media":9474,"comment_status":"open","ping_status":"closed","template":"","meta":{"_acf_changed":false},"product_brand":[1485],"product_cat":[889],"product_tag":[],"class_list":{"0":"post-9475","1":"product","2":"type-product","3":"status-publish","4":"has-post-thumbnail","6":"product_brand-makita","7":"product_cat-metal-kesmeler","9":"first","10":"instock","11":"taxable","12":"shipping-taxable","13":"purchasable","14":"product-type-simple","15":"add-to-wishlist-after_add_to_cart"},"acf":[],"_links":{"self":[{"href":"https:\/\/www.makitamarket.com.tr\/site\/wp-json\/wp\/v2\/product\/9475","targetHints":{"allow":["GET"]}}],"collection":[{"href":"https:\/\/www.makitamarket.com.tr\/site\/wp-json\/wp\/v2\/product"}],"about":[{"href":"https:\/\/www.makitamarket.com.tr\/site\/wp-json\/wp\/v2\/types\/product"}],"replies":[{"embeddable":true,"href":"https:\/\/www.makitamarket.com.tr\/site\/wp-json\/wp\/v2\/comments?post=9475"}],"wp:featuredmedia":[{"embeddable":true,"href":"https:\/\/www.makitamarket.com.tr\/site\/wp-json\/wp\/v2\/media\/9474"}],"wp:attachment":[{"href":"https:\/\/www.makitamarket.com.tr\/site\/wp-json\/wp\/v2\/media?parent=9475"}],"wp:term":[{"taxonomy":"product_brand","embeddable":true,"href":"https:\/\/www.makitamarket.com.tr\/site\/wp-json\/wp\/v2\/product_brand?post=9475"},{"taxonomy":"product_cat","embeddable":true,"href":"https:\/\/www.makitamarket.com.tr\/site\/wp-json\/wp\/v2\/product_cat?post=9475"},{"taxonomy":"product_tag","embeddable":true,"href":"https:\/\/www.makitamarket.com.tr\/site\/wp-json\/wp\/v2\/product_tag?post=9475"}],"curies":[{"name":"wp","href":"https:\/\/api.w.org\/{rel}","templated":true}]}}