{"id":9477,"date":"2024-11-27T19:54:09","date_gmt":"2024-11-27T16:54:09","guid":{"rendered":"https:\/\/www.makitamarket.com.tr\/site\/urun\/clipper-pro-marmo-testere-350-mm\/"},"modified":"2026-04-06T12:48:41","modified_gmt":"2026-04-06T09:48:41","slug":"clipper-pro-marmo-testere-350-mm","status":"publish","type":"product","link":"https:\/\/www.makitamarket.com.tr\/site\/urun\/clipper-pro-marmo-testere-350-mm\/","title":{"rendered":"Clipper 20244 PRO MARMO TESTERE 350 mm"},"content":{"rendered":"<p>\n\tY\u00dcKSEK PERFORMANSLI ELMAS TESTERE<\/p>\n<p>\n\tMermer, do\u011fal ta\u015flar, plastik, komposit materyal, fiberglass ve sert tu\u011flalarda kullan\u0131l\u0131r<\/p>\n<table>\n<tr>\n<td>\u00c7ap<\/td>\n<td>350mm<\/td>\n<\/tr>\n<tr>\n<td>Merkez<\/td>\n<td>25,4mm<\/td>\n<\/tr>\n<tr>\n<td>Segman (Y\/G-mm)<\/td>\n<td>2.9 mm<\/td>\n<\/tr>\n<tr>\n<td>Performans<\/td>\n<td>4 y\u0131ld\u0131z<\/td>\n<\/tr>\n<\/table>\n","protected":false},"excerpt":{"rendered":"<p>\n\tY\u00dcKSEK PERFORMANSLI ELMAS TESTERE<\/p>\n<p>\n\tMermer, do\u011fal ta\u015flar, plastik, komposit materyal, fiberglass ve sert tu\u011flalarda kullan\u0131l\u0131r<\/p>\n","protected":false},"featured_media":9476,"comment_status":"open","ping_status":"closed","template":"","meta":{"_acf_changed":false},"product_brand":[1497],"product_cat":[1565],"product_tag":[],"class_list":{"0":"post-9477","1":"product","2":"type-product","3":"status-publish","4":"has-post-thumbnail","6":"product_brand-clipper","7":"product_cat-yok-yok","9":"first","10":"instock","11":"taxable","12":"shipping-taxable","13":"purchasable","14":"product-type-simple","15":"add-to-wishlist-after_add_to_cart"},"acf":[],"_links":{"self":[{"href":"https:\/\/www.makitamarket.com.tr\/site\/wp-json\/wp\/v2\/product\/9477","targetHints":{"allow":["GET"]}}],"collection":[{"href":"https:\/\/www.makitamarket.com.tr\/site\/wp-json\/wp\/v2\/product"}],"about":[{"href":"https:\/\/www.makitamarket.com.tr\/site\/wp-json\/wp\/v2\/types\/product"}],"replies":[{"embeddable":true,"href":"https:\/\/www.makitamarket.com.tr\/site\/wp-json\/wp\/v2\/comments?post=9477"}],"wp:featuredmedia":[{"embeddable":true,"href":"https:\/\/www.makitamarket.com.tr\/site\/wp-json\/wp\/v2\/media\/9476"}],"wp:attachment":[{"href":"https:\/\/www.makitamarket.com.tr\/site\/wp-json\/wp\/v2\/media?parent=9477"}],"wp:term":[{"taxonomy":"product_brand","embeddable":true,"href":"https:\/\/www.makitamarket.com.tr\/site\/wp-json\/wp\/v2\/product_brand?post=9477"},{"taxonomy":"product_cat","embeddable":true,"href":"https:\/\/www.makitamarket.com.tr\/site\/wp-json\/wp\/v2\/product_cat?post=9477"},{"taxonomy":"product_tag","embeddable":true,"href":"https:\/\/www.makitamarket.com.tr\/site\/wp-json\/wp\/v2\/product_tag?post=9477"}],"curies":[{"name":"wp","href":"https:\/\/api.w.org\/{rel}","templated":true}]}}