{"id":9479,"date":"2024-11-27T19:54:10","date_gmt":"2024-11-27T16:54:10","guid":{"rendered":"https:\/\/www.makitamarket.com.tr\/site\/urun\/clipper-extreme-universal-turbo-testere-350-mm\/"},"modified":"2025-11-16T05:03:33","modified_gmt":"2025-11-16T02:03:33","slug":"clipper-extreme-universal-turbo-testere-350-mm","status":"publish","type":"product","link":"https:\/\/www.makitamarket.com.tr\/site\/urun\/clipper-extreme-universal-turbo-testere-350-mm\/","title":{"rendered":"Clipper 11561 EXTREME UNIVERSAL TURBO TESTERE 350 mm"},"content":{"rendered":"<p>\n\t\u00c7ok sert yap\u0131 malzemeleri, blok kald\u0131r\u0131m ta\u015flar\u0131, granit, mermer, do\u011fal ta\u015f ve sert tu\u011flalar i\u00e7in<\/p>\n<table>\n<tr>\n<td>\u00c7ap<\/td>\n<td>350mm<\/td>\n<\/tr>\n<tr>\n<td>Merkez<\/td>\n<td>25,4mm<\/td>\n<\/tr>\n<tr>\n<td>Segman (Y\/G-mm)<\/td>\n<td>12\/3,2 mm<\/td>\n<\/tr>\n<tr>\n<td>Performans<\/td>\n<td>5 y\u0131ld\u0131z<\/td>\n<\/tr>\n<tr>\n<td>Model s\u0131n\u0131f\u0131<\/td>\n<td>Dynamic line<\/td>\n<\/tr>\n<\/table>\n","protected":false},"excerpt":{"rendered":"<p>\n\t\u00c7ok sert yap\u0131 malzemeleri, blok kald\u0131r\u0131m ta\u015flar\u0131, granit, mermer, do\u011fal ta\u015f ve sert tu\u011flalar i\u00e7in<\/p>\n","protected":false},"featured_media":9478,"comment_status":"open","ping_status":"closed","template":"","meta":{"_acf_changed":false},"product_brand":[1497],"product_cat":[1565],"product_tag":[],"class_list":{"0":"post-9479","1":"product","2":"type-product","3":"status-publish","4":"has-post-thumbnail","6":"product_brand-clipper","7":"product_cat-yok-yok","9":"first","10":"outofstock","11":"taxable","12":"shipping-taxable","13":"purchasable","14":"product-type-simple","15":"add-to-wishlist-after_add_to_cart"},"acf":[],"_links":{"self":[{"href":"https:\/\/www.makitamarket.com.tr\/site\/wp-json\/wp\/v2\/product\/9479","targetHints":{"allow":["GET"]}}],"collection":[{"href":"https:\/\/www.makitamarket.com.tr\/site\/wp-json\/wp\/v2\/product"}],"about":[{"href":"https:\/\/www.makitamarket.com.tr\/site\/wp-json\/wp\/v2\/types\/product"}],"replies":[{"embeddable":true,"href":"https:\/\/www.makitamarket.com.tr\/site\/wp-json\/wp\/v2\/comments?post=9479"}],"wp:featuredmedia":[{"embeddable":true,"href":"https:\/\/www.makitamarket.com.tr\/site\/wp-json\/wp\/v2\/media\/9478"}],"wp:attachment":[{"href":"https:\/\/www.makitamarket.com.tr\/site\/wp-json\/wp\/v2\/media?parent=9479"}],"wp:term":[{"taxonomy":"product_brand","embeddable":true,"href":"https:\/\/www.makitamarket.com.tr\/site\/wp-json\/wp\/v2\/product_brand?post=9479"},{"taxonomy":"product_cat","embeddable":true,"href":"https:\/\/www.makitamarket.com.tr\/site\/wp-json\/wp\/v2\/product_cat?post=9479"},{"taxonomy":"product_tag","embeddable":true,"href":"https:\/\/www.makitamarket.com.tr\/site\/wp-json\/wp\/v2\/product_tag?post=9479"}],"curies":[{"name":"wp","href":"https:\/\/api.w.org\/{rel}","templated":true}]}}