{"id":9498,"date":"2024-11-27T19:54:18","date_gmt":"2024-11-27T16:54:18","guid":{"rendered":"https:\/\/www.makitamarket.com.tr\/site\/urun\/powerwash-sicak-hava-jeneratoru-220v\/"},"modified":"2026-04-06T12:48:45","modified_gmt":"2026-04-06T09:48:45","slug":"powerwash-sicak-hava-jeneratoru-220v","status":"publish","type":"product","link":"https:\/\/www.makitamarket.com.tr\/site\/urun\/powerwash-sicak-hava-jeneratoru-220v\/","title":{"rendered":"Powerwash RM08 SICAK HAVA JENERAT\u00d6R\u00dc 220V"},"content":{"rendered":"<table>\n<tr>\n<td>Motor<\/td>\n<td>0.37 kW<\/td>\n<\/tr>\n<tr>\n<td>Voltaj<\/td>\n<td>220V Monofaze<\/td>\n<\/tr>\n<tr>\n<td>S\u0131cakl\u0131k<\/td>\n<td>0-90\u00b0<\/td>\n<\/tr>\n<tr>\n<td>Hortum Uzunlu\u011fu<\/td>\n<td>10 m<\/td>\n<\/tr>\n<tr>\n<td>Boyutlar<\/td>\n<td>42x42x62 cm<\/td>\n<\/tr>\n<tr>\n<td>A\u011f\u0131rl\u0131k<\/td>\n<td>22 kg.<\/td>\n<\/tr>\n<tr>\n<td>Reziztans<\/td>\n<td>1500W x 4<\/td>\n<\/tr>\n<\/table>\n","protected":false},"excerpt":{"rendered":"<p>Motor 0.37 kW Voltaj 220V Monofaze S\u0131cakl\u0131k 0-90\u00b0 Hortum Uzunlu\u011fu 10 m Boyutlar 42x42x62 cm A\u011f\u0131rl\u0131k 22 kg. Reziztans 1500W x 4<\/p>\n","protected":false},"featured_media":9497,"comment_status":"open","ping_status":"closed","template":"","meta":{"_acf_changed":false},"product_brand":[1489],"product_cat":[1565],"product_tag":[],"class_list":{"0":"post-9498","1":"product","2":"type-product","3":"status-publish","4":"has-post-thumbnail","6":"product_brand-powerwash","7":"product_cat-yok-yok","9":"first","10":"outofstock","11":"taxable","12":"shipping-taxable","13":"purchasable","14":"product-type-simple","15":"add-to-wishlist-after_add_to_cart"},"acf":[],"_links":{"self":[{"href":"https:\/\/www.makitamarket.com.tr\/site\/wp-json\/wp\/v2\/product\/9498","targetHints":{"allow":["GET"]}}],"collection":[{"href":"https:\/\/www.makitamarket.com.tr\/site\/wp-json\/wp\/v2\/product"}],"about":[{"href":"https:\/\/www.makitamarket.com.tr\/site\/wp-json\/wp\/v2\/types\/product"}],"replies":[{"embeddable":true,"href":"https:\/\/www.makitamarket.com.tr\/site\/wp-json\/wp\/v2\/comments?post=9498"}],"wp:featuredmedia":[{"embeddable":true,"href":"https:\/\/www.makitamarket.com.tr\/site\/wp-json\/wp\/v2\/media\/9497"}],"wp:attachment":[{"href":"https:\/\/www.makitamarket.com.tr\/site\/wp-json\/wp\/v2\/media?parent=9498"}],"wp:term":[{"taxonomy":"product_brand","embeddable":true,"href":"https:\/\/www.makitamarket.com.tr\/site\/wp-json\/wp\/v2\/product_brand?post=9498"},{"taxonomy":"product_cat","embeddable":true,"href":"https:\/\/www.makitamarket.com.tr\/site\/wp-json\/wp\/v2\/product_cat?post=9498"},{"taxonomy":"product_tag","embeddable":true,"href":"https:\/\/www.makitamarket.com.tr\/site\/wp-json\/wp\/v2\/product_tag?post=9498"}],"curies":[{"name":"wp","href":"https:\/\/api.w.org\/{rel}","templated":true}]}}