{"id":9500,"date":"2024-11-27T19:54:21","date_gmt":"2024-11-27T16:54:21","guid":{"rendered":"https:\/\/www.makitamarket.com.tr\/site\/urun\/big-red-hidrolik-uzun-garaj-krikosu-3-ton\/"},"modified":"2026-04-06T12:48:45","modified_gmt":"2026-04-06T09:48:45","slug":"big-red-hidrolik-uzun-garaj-krikosu-3-ton","status":"publish","type":"product","link":"https:\/\/www.makitamarket.com.tr\/site\/urun\/big-red-hidrolik-uzun-garaj-krikosu-3-ton\/","title":{"rendered":"Big Red TR30002 H\u0130DROL\u0130K UZUN GARAJ KR\u0130KOSU 3 TON"},"content":{"rendered":"<table>\n<tr>\n<td>Kapasite<\/td>\n<td>3 Ton<\/td>\n<\/tr>\n<tr>\n<td>Minimum Y\u00fckseklik<\/td>\n<td>140mm<\/td>\n<\/tr>\n<tr>\n<td>Maksimum Y\u00fckseklik<\/td>\n<td>670 mm<\/td>\n<\/tr>\n<tr>\n<td>\u00d6l\u00e7\u00fcleri<\/td>\n<td>1150 x 450 x 110 mm<\/td>\n<\/tr>\n<tr>\n<td>A\u011f\u0131rl\u0131k<\/td>\n<td>56 kg<\/td>\n<\/tr>\n<\/table>\n","protected":false},"excerpt":{"rendered":"<p>Kapasite 3 Ton Minimum Y\u00fckseklik 140mm Maksimum Y\u00fckseklik 670 mm \u00d6l\u00e7\u00fcleri 1150 x 450 x 110 mm A\u011f\u0131rl\u0131k 56 kg<\/p>\n","protected":false},"featured_media":9499,"comment_status":"open","ping_status":"closed","template":"","meta":{"_acf_changed":false},"product_brand":[1519],"product_cat":[877],"product_tag":[],"class_list":{"0":"post-9500","1":"product","2":"type-product","3":"status-publish","4":"has-post-thumbnail","6":"product_brand-big-red","7":"product_cat-krikolar","9":"first","10":"instock","11":"taxable","12":"shipping-taxable","13":"purchasable","14":"product-type-simple","15":"add-to-wishlist-after_add_to_cart"},"acf":[],"_links":{"self":[{"href":"https:\/\/www.makitamarket.com.tr\/site\/wp-json\/wp\/v2\/product\/9500","targetHints":{"allow":["GET"]}}],"collection":[{"href":"https:\/\/www.makitamarket.com.tr\/site\/wp-json\/wp\/v2\/product"}],"about":[{"href":"https:\/\/www.makitamarket.com.tr\/site\/wp-json\/wp\/v2\/types\/product"}],"replies":[{"embeddable":true,"href":"https:\/\/www.makitamarket.com.tr\/site\/wp-json\/wp\/v2\/comments?post=9500"}],"wp:featuredmedia":[{"embeddable":true,"href":"https:\/\/www.makitamarket.com.tr\/site\/wp-json\/wp\/v2\/media\/9499"}],"wp:attachment":[{"href":"https:\/\/www.makitamarket.com.tr\/site\/wp-json\/wp\/v2\/media?parent=9500"}],"wp:term":[{"taxonomy":"product_brand","embeddable":true,"href":"https:\/\/www.makitamarket.com.tr\/site\/wp-json\/wp\/v2\/product_brand?post=9500"},{"taxonomy":"product_cat","embeddable":true,"href":"https:\/\/www.makitamarket.com.tr\/site\/wp-json\/wp\/v2\/product_cat?post=9500"},{"taxonomy":"product_tag","embeddable":true,"href":"https:\/\/www.makitamarket.com.tr\/site\/wp-json\/wp\/v2\/product_tag?post=9500"}],"curies":[{"name":"wp","href":"https:\/\/api.w.org\/{rel}","templated":true}]}}