{"id":9534,"date":"2024-11-27T19:54:40","date_gmt":"2024-11-27T16:54:40","guid":{"rendered":"https:\/\/www.makitamarket.com.tr\/site\/urun\/knipex-masali-boru-anahtari\/"},"modified":"2026-03-30T08:31:22","modified_gmt":"2026-03-30T05:31:22","slug":"knipex-masali-boru-anahtari","status":"publish","type":"product","link":"https:\/\/www.makitamarket.com.tr\/site\/urun\/knipex-masali-boru-anahtari\/","title":{"rendered":"Knipex 8310010 MA\u015eALI BORU ANAHTARI"},"content":{"rendered":"<p><b>83 10 010 Boru kargaburunu 90\u00b0<\/b><br \/>\u0130sve\u00e7 tipi. 90\u00b0 a\u00e7\u0131l\u0131 a\u011f\u0131z. D\u00f6nme y\u00f6n\u00fcn\u00fcn aksine d\u00fczenlenmi\u015f di\u015f d\u00fczeni. Di\u015f d\u00fczenine ek olarak ind\u00fcksiyon sertle\u015ftirme uygulanm\u0131\u015ft\u0131r. \u00c7ift T profilli sap. Kaybedilmesi m\u00fcmk\u00fcn olmayan ayar somunu. K\u0131rm\u0131z\u0131 toz f\u0131r\u0131nlama boyal\u0131, \u00e7eneler parlak ta\u015flamal\u0131 <\/p>\n<li><b>S\u0131kma kapasitesi: <\/b>42 mm<\/li>\n<li><b>Boru \u00e7ap\u0131 kapasitesi (\u00e7ap): <\/b>\u00d8 1 5\/8 in<\/li>\n<li><b>Boru \u00e7ap\u0131 kapasitesi (\u00e7ap): <\/b>\u00d8 42 mm<\/li>\n<li><b>Somun ve anahtar \u00f6l\u00e7\u00fcs\u00fc kapasitesi: <\/b>42 mm<\/li>\n<li><b>\u0130\u00e7 \u00e7ap in\u00e7: <\/b>\u00d8 1 in<\/li>\n<table>\n<tr>\n<td>Kafa<\/td>\n<td>Polisaj<\/td>\n<\/tr>\n<tr>\n<td>Boru \u00d6l\u00e7\u00fcs\u00fc<\/td>\n<td>1&#8243;<\/td>\n<\/tr>\n<tr>\n<td>Somun \u00d6l\u00e7\u00fcs\u00fc<\/td>\n<td>42mm<\/td>\n<\/tr>\n<tr>\n<td>A\u011f\u0131rl\u0131k<\/td>\n<td>779 gr<\/td>\n<\/tr>\n<tr>\n<td>Sap<\/td>\n<td>Toz boya \u00e7elik<\/td>\n<\/tr>\n<\/table>\n","protected":false},"excerpt":{"rendered":"<p><b>83 10 010 Boru kargaburunu 90\u00b0<\/b><br \/>\u0130sve\u00e7 tipi. 90\u00b0 a\u00e7\u0131l\u0131 a\u011f\u0131z. D\u00f6nme y\u00f6n\u00fcn\u00fcn aksine d\u00fczenlenmi\u015f di\u015f d\u00fczeni. Di\u015f d\u00fczenine ek olarak ind\u00fcksiyon sertle\u015ftirme uygulanm\u0131\u015ft\u0131r. \u00c7ift T profilli sap. Kaybedilmesi m\u00fcmk\u00fcn olmayan ayar somunu. K\u0131rm\u0131z\u0131 toz f\u0131r\u0131nlama boyal\u0131, \u00e7eneler parlak ta\u015flamal\u0131 <\/p>\n<li><b>S\u0131kma kapasitesi: <\/b>42 mm<\/li>\n<li><b>Boru \u00e7ap\u0131 kapasitesi (\u00e7ap): <\/b>\u00d8 1 5\/8 in<\/li>\n<li><b>Boru \u00e7ap\u0131 kapasitesi (\u00e7ap): <\/b>\u00d8 42 mm<\/li>\n<li><b>Somun ve anahtar \u00f6l\u00e7\u00fcs\u00fc kapasitesi: <\/b>42 mm<\/li>\n<li><b>\u0130\u00e7 \u00e7ap in\u00e7: <\/b>\u00d8 1 in<\/li>\n","protected":false},"featured_media":13136,"comment_status":"open","ping_status":"closed","template":"","meta":{"_acf_changed":false},"product_brand":[1486],"product_cat":[979],"product_tag":[],"class_list":{"0":"post-9534","1":"product","2":"type-product","3":"status-publish","4":"has-post-thumbnail","6":"product_brand-knipex","7":"product_cat-masali-boru-anahtarlar","9":"first","10":"outofstock","11":"taxable","12":"shipping-taxable","13":"purchasable","14":"product-type-simple","15":"add-to-wishlist-after_add_to_cart"},"acf":[],"_links":{"self":[{"href":"https:\/\/www.makitamarket.com.tr\/site\/wp-json\/wp\/v2\/product\/9534","targetHints":{"allow":["GET"]}}],"collection":[{"href":"https:\/\/www.makitamarket.com.tr\/site\/wp-json\/wp\/v2\/product"}],"about":[{"href":"https:\/\/www.makitamarket.com.tr\/site\/wp-json\/wp\/v2\/types\/product"}],"replies":[{"embeddable":true,"href":"https:\/\/www.makitamarket.com.tr\/site\/wp-json\/wp\/v2\/comments?post=9534"}],"wp:featuredmedia":[{"embeddable":true,"href":"https:\/\/www.makitamarket.com.tr\/site\/wp-json\/wp\/v2\/media\/13136"}],"wp:attachment":[{"href":"https:\/\/www.makitamarket.com.tr\/site\/wp-json\/wp\/v2\/media?parent=9534"}],"wp:term":[{"taxonomy":"product_brand","embeddable":true,"href":"https:\/\/www.makitamarket.com.tr\/site\/wp-json\/wp\/v2\/product_brand?post=9534"},{"taxonomy":"product_cat","embeddable":true,"href":"https:\/\/www.makitamarket.com.tr\/site\/wp-json\/wp\/v2\/product_cat?post=9534"},{"taxonomy":"product_tag","embeddable":true,"href":"https:\/\/www.makitamarket.com.tr\/site\/wp-json\/wp\/v2\/product_tag?post=9534"}],"curies":[{"name":"wp","href":"https:\/\/api.w.org\/{rel}","templated":true}]}}