{"id":9538,"date":"2024-11-27T19:54:41","date_gmt":"2024-11-27T16:54:41","guid":{"rendered":"https:\/\/www.makitamarket.com.tr\/site\/urun\/rainpump-rainpump-wsd75-35t-komple-pas-atik-su-po\/"},"modified":"2025-11-16T05:05:58","modified_gmt":"2025-11-16T02:05:58","slug":"rainpump-rainpump-wsd75-35t-komple-pas-atik-su-po","status":"publish","type":"product","link":"https:\/\/www.makitamarket.com.tr\/site\/urun\/rainpump-rainpump-wsd75-35t-komple-pas-atik-su-po\/","title":{"rendered":"Rainpump WSD75-35 RAINPUMP WSD75 &#8211; 35T KOMPLE PAS.ATIK SU PO"},"content":{"rendered":"<p>\n\t<span _fck_bookmark=\"1\" style=\"display: none;\">\u00a0<\/span><span _fck_bookmark=\"1\" style=\"display: none;\">\u00a0<\/span><\/p>\n<p>\n\t<span _fck_bookmark=\"1\" style=\"display: none;\">\u00a0<\/span><span _fck_bookmark=\"1\" style=\"display: none;\">\u00a0<\/span><span _fck_bookmark=\"1\" style=\"display: none;\">\u00a0<\/span><b>\u00a0Uygulama Alanlar\u0131:<\/b><\/p>\n<p>\n\t-Paslanmaz \u00e7elik yap\u0131s\u0131 sayesinde 50mm&#8217; e kadar kat\u0131 par\u00e7ac\u0131k i\u00e7eren at\u0131ksu tahliyesinde<\/p>\n<p>\n\t-Yo\u011fun olmayan tuzlu su tahliyesinde<\/p>\n<p>\n\t<strong>Kullan\u0131m Ko\u015fullar\u0131:<\/strong><\/p>\n<p>\n\t-Maksimum emme derinli\u011fi:5 m<\/p>\n<p>\n\t-Maksimum s\u0131v\u0131 s\u0131cakl\u0131\u011f\u0131:+40 C<\/p>\n<p>\n\t-Maksimum ortam s\u0131cakl\u0131\u011f\u0131:+40 C\u00a0\u00a0\u00a0\u00a0<\/p>\n<p>\n\t-Kablo uzunlu\u011fu:10 m<\/p>\n<p>\n\t-Maksimum kat\u0131 par\u00e7a:50 mm<\/p>\n<p>\n\t<strong>Motor:<\/strong><\/p>\n<p>\n\t-\u00c7ift kutuplu end\u00fcksiyon motoru<\/p>\n<p>\n\t-Yal\u0131t\u0131m s\u0131n\u0131f\u0131:E<\/p>\n<p>\n\t-Koruma s\u0131n\u0131f\u0131:IP 48<\/p>\n<p>\n\t-Kondansat\u00f6r ve termik korumal\u0131d\u0131r.<\/p>\n<p>\n\t<strong>Malzemeler:<\/strong><\/p>\n<p>\n\t-Pompa g\u00f6vdesi:Paslanmaz \u00e7elik<\/p>\n<p>\n\t-Motor muhafazas\u0131:Paslanmaz \u00e7elik<\/p>\n<p>\n\t-Fan:Paslanmaz \u00e7elik<span _fck_bookmark=\"1\" style=\"display: none;\">\u00a0<\/span><span _fck_bookmark=\"1\" style=\"display: none;\">\u00a0<\/span><span _fck_bookmark=\"1\" style=\"display: none;\">\u00a0<\/span><span _fck_bookmark=\"1\" style=\"display: none;\">\u00a0<\/span><\/p>\n<p>\n\t-Moto mili:Paslanmaz \u00e7elik<\/p>\n<p>\n\t-Mekanik salmastra:Seramik<\/p>\n<p>\n\t-Motor:Bak\u0131r sarg\u0131l\u0131<\/p>\n<p>\n\t\u00a0<\/p>\n<p>\n\t<strong>UYARI:<br \/>\n\t<\/strong><\/p>\n<p>\n\t-Elektrik kablosu ile kuyuya indirilmemelidir<\/p>\n<p>\n\t-Flat\u00f6r sabitlenmemelidir<\/p>\n<p>\n\t-Susuz \u00e7al\u0131\u015ft\u0131r\u0131lmamal\u0131d\u0131r<\/p>\n<p>\n\t-Kuyunun taban\u0131na kadar indirilmemelidir<\/p>\n<p>\n\t-Verimli kullan\u0131m i\u00e7in 2-3 saatte bir pompa dinlendirilmelidir<\/p>\n<p>\n\t\u00a0<span _fck_bookmark=\"1\" style=\"display: none;\">\u00a0<\/span><\/p>\n<p>\n\t\u00a0<span _fck_bookmark=\"1\" style=\"display: none;\">\u00a0<\/span>\u00a0<span _fck_bookmark=\"1\" style=\"display: none;\">\u00a0<\/span><\/p>\n<table>\n<tr>\n<td>G\u00fc\u00e7 (Kw-Hp)<\/td>\n<td>0,75kw-1hp<\/td>\n<\/tr>\n<tr>\n<td>Max. kapasite m3\/saat<\/td>\n<td>24<\/td>\n<\/tr>\n<tr>\n<td>Maksimum Basma Y\u00fcksekli\u011fi (m)<\/td>\n<td>10<\/td>\n<\/tr>\n<tr>\n<td>Max. dalma derinli\u011fi (m)<\/td>\n<td>5<\/td>\n<\/tr>\n<tr>\n<td>\u00c7\u0131k\u0131\u015f \u00e7ap\u0131<\/td>\n<td>2&#8243;<\/td>\n<\/tr>\n<tr>\n<td>Su s\u0131cakl\u0131\u011f\u0131<\/td>\n<td>40 Derece<\/td>\n<\/tr>\n<tr>\n<td>Max. kat\u0131 par\u00e7a (mm)<\/td>\n<td>50<\/td>\n<\/tr>\n<tr>\n<td>Temiz \/ kirli su<\/td>\n<td>kirli su<\/td>\n<\/tr>\n<tr>\n<td>\u00d6l\u00e7\u00fc (mm)<\/td>\n<td>230x200x465<\/td>\n<\/tr>\n<tr>\n<td>A\u011f\u0131rl\u0131k (Kg)<\/td>\n<td>10<\/td>\n<\/tr>\n<\/table>\n","protected":false},"excerpt":{"rendered":"<p>\n\t<span _fck_bookmark=\"1\" style=\"display: none;\">\u00a0<\/span><span _fck_bookmark=\"1\" style=\"display: none;\">\u00a0<\/span><\/p>\n<p>\n\t<span _fck_bookmark=\"1\" style=\"display: none;\">\u00a0<\/span><span _fck_bookmark=\"1\" style=\"display: none;\">\u00a0<\/span><span _fck_bookmark=\"1\" style=\"display: none;\">\u00a0<\/span><b>\u00a0Uygulama Alanlar\u0131:<\/b><\/p>\n<p>\n\t-Paslanmaz \u00e7elik yap\u0131s\u0131 sayesinde 50mm&#8217; e kadar kat\u0131 par\u00e7ac\u0131k i\u00e7eren at\u0131ksu tahliyesinde<\/p>\n<p>\n\t-Yo\u011fun olmayan tuzlu su tahliyesinde<\/p>\n<p>\n\t<strong>Kullan\u0131m Ko\u015fullar\u0131:<\/strong><\/p>\n<p>\n\t-Maksimum emme derinli\u011fi:5 m<\/p>\n<p>\n\t-Maksimum s\u0131v\u0131 s\u0131cakl\u0131\u011f\u0131:+40 C<\/p>\n<p>\n\t-Maksimum ortam s\u0131cakl\u0131\u011f\u0131:+40 C\u00a0\u00a0\u00a0\u00a0<\/p>\n<p>\n\t-Kablo uzunlu\u011fu:10 m<\/p>\n<p>\n\t-Maksimum kat\u0131 par\u00e7a:50 mm<\/p>\n<p>\n\t<strong>Motor:<\/strong><\/p>\n<p>\n\t-\u00c7ift kutuplu end\u00fcksiyon motoru<\/p>\n<p>\n\t-Yal\u0131t\u0131m s\u0131n\u0131f\u0131:E<\/p>\n<p>\n\t-Koruma s\u0131n\u0131f\u0131:IP 48<\/p>\n<p>\n\t-Kondansat\u00f6r ve termik korumal\u0131d\u0131r.<\/p>\n<p>\n\t<strong>Malzemeler:<\/strong><\/p>\n<p>\n\t-Pompa g\u00f6vdesi:Paslanmaz \u00e7elik<\/p>\n<p>\n\t-Motor muhafazas\u0131:Paslanmaz \u00e7elik<\/p>\n<p>\n\t-Fan:Paslanmaz \u00e7elik<span _fck_bookmark=\"1\" style=\"display: none;\">\u00a0<\/span><span _fck_bookmark=\"1\" style=\"display: none;\">\u00a0<\/span><span _fck_bookmark=\"1\" style=\"display: none;\">\u00a0<\/span><span _fck_bookmark=\"1\" style=\"display: none;\">\u00a0<\/span><\/p>\n<p>\n\t-Moto mili:Paslanmaz \u00e7elik<\/p>\n<p>\n\t-Mekanik salmastra:Seramik<\/p>\n<p>\n\t-Motor:Bak\u0131r sarg\u0131l\u0131<\/p>\n<p>\n\t\u00a0<\/p>\n<p>\n\t<strong>UYARI:<br \/>\n\t<\/strong><\/p>\n<p>\n\t-Elektrik kablosu ile kuyuya indirilmemelidir<\/p>\n<p>\n\t-Flat\u00f6r sabitlenmemelidir<\/p>\n<p>\n\t-Susuz \u00e7al\u0131\u015ft\u0131r\u0131lmamal\u0131d\u0131r<\/p>\n<p>\n\t-Kuyunun taban\u0131na kadar indirilmemelidir<\/p>\n<p>\n\t-Verimli kullan\u0131m i\u00e7in 2-3 saatte bir pompa dinlendirilmelidir<\/p>\n<p>\n\t\u00a0<span _fck_bookmark=\"1\" style=\"display: none;\">\u00a0<\/span><\/p>\n<p>\n\t\u00a0<span _fck_bookmark=\"1\" style=\"display: none;\">\u00a0<\/span>\u00a0<span _fck_bookmark=\"1\" style=\"display: none;\">\u00a0<\/span><\/p>\n","protected":false},"featured_media":9537,"comment_status":"open","ping_status":"closed","template":"","meta":{"_acf_changed":false},"product_brand":[1517],"product_cat":[1565],"product_tag":[],"class_list":{"0":"post-9538","1":"product","2":"type-product","3":"status-publish","4":"has-post-thumbnail","6":"product_brand-rainpump","7":"product_cat-yok-yok","9":"first","10":"outofstock","11":"taxable","12":"shipping-taxable","13":"purchasable","14":"product-type-simple","15":"add-to-wishlist-after_add_to_cart"},"acf":[],"_links":{"self":[{"href":"https:\/\/www.makitamarket.com.tr\/site\/wp-json\/wp\/v2\/product\/9538","targetHints":{"allow":["GET"]}}],"collection":[{"href":"https:\/\/www.makitamarket.com.tr\/site\/wp-json\/wp\/v2\/product"}],"about":[{"href":"https:\/\/www.makitamarket.com.tr\/site\/wp-json\/wp\/v2\/types\/product"}],"replies":[{"embeddable":true,"href":"https:\/\/www.makitamarket.com.tr\/site\/wp-json\/wp\/v2\/comments?post=9538"}],"wp:featuredmedia":[{"embeddable":true,"href":"https:\/\/www.makitamarket.com.tr\/site\/wp-json\/wp\/v2\/media\/9537"}],"wp:attachment":[{"href":"https:\/\/www.makitamarket.com.tr\/site\/wp-json\/wp\/v2\/media?parent=9538"}],"wp:term":[{"taxonomy":"product_brand","embeddable":true,"href":"https:\/\/www.makitamarket.com.tr\/site\/wp-json\/wp\/v2\/product_brand?post=9538"},{"taxonomy":"product_cat","embeddable":true,"href":"https:\/\/www.makitamarket.com.tr\/site\/wp-json\/wp\/v2\/product_cat?post=9538"},{"taxonomy":"product_tag","embeddable":true,"href":"https:\/\/www.makitamarket.com.tr\/site\/wp-json\/wp\/v2\/product_tag?post=9538"}],"curies":[{"name":"wp","href":"https:\/\/api.w.org\/{rel}","templated":true}]}}