{"id":9540,"date":"2024-11-27T19:54:42","date_gmt":"2024-11-27T16:54:42","guid":{"rendered":"https:\/\/www.makitamarket.com.tr\/site\/urun\/knipex-circir-mekanizmali-kablo-makasi-250-mm\/"},"modified":"2026-04-06T12:50:47","modified_gmt":"2026-04-06T09:50:47","slug":"knipex-circir-mekanizmali-kablo-makasi-250-mm","status":"publish","type":"product","link":"https:\/\/www.makitamarket.com.tr\/site\/urun\/knipex-circir-mekanizmali-kablo-makasi-250-mm\/","title":{"rendered":"Knipex 9531250 CIRCIR MEKAN\u0130ZMALI KABLO MAKASI 250 mm"},"content":{"rendered":"<p><b>95 31 250 Kablo kesici<\/b><br \/>\u00c7ok y\u00fcksek aktar\u0131m sayesinde az kuvvet gereklidir. Hafif olmas\u0131 ve kompakt yap\u0131s\u0131 sayesinde kolay kullan\u0131m &#8211; Dar yerlerde de kullan\u0131labilir. Tek ve \u00e7ok telli bak\u0131r ve al\u00fcminyum kablolar\u0131n kesilmesi i\u00e7in. \u00c7elik kablo, tel halatlar ve ince telli (olduk\u00e7a esnek) iletkenler i\u00e7in uygun de\u011fildir. Hassas ta\u015flanm\u0131\u015f, sertle\u015ftirilmi\u015f kesiciler. Ezmeden d\u00fcz ve temiz bir \u015fekilde keser. C\u0131rc\u0131r lokma anahtar\u0131 prensibi sayesinde tek elle kullan\u0131m. Kolay kesim i\u00e7in iki kademeli di\u015fli tahrik sistemi. Parmaklar\u0131n s\u0131k\u0131\u015fmas\u0131n\u0131 \u00f6nleyen tasar\u0131ma sahiptir. Sabit kol k\u0131l\u0131f\u0131nda, kesim i\u015flemi esnas\u0131nda aletin yere konmas\u0131n\u0131 sa\u011flayan oturma y\u00fczeyi. self servis kart\/kabartma. <\/p>\n<li><b>Bak\u0131r kablo kesim de\u011feri, \u00e7ok telli: <\/b>240 mm\u00b2<\/li>\n<li><b>Bak\u0131r kablo kesim de\u011feri, \u00e7ok telli: <\/b>\u00d8 32 mm<\/li>\n<li><b>MCM: <\/b>500<\/li>\n<table>\n<tr>\n<td>Uzunluk<\/td>\n<td>250<\/td>\n<\/tr>\n<tr>\n<td>Kafa<\/td>\n<td>Boyal\u0131<\/td>\n<\/tr>\n<tr>\n<td>Sap<\/td>\n<td>Kal\u0131n izole<\/td>\n<\/tr>\n<tr>\n<td>\u00c7ok \u0130letkenli Kablo<\/td>\n<td>32\u00f8mm, 240mm\u00b2<\/td>\n<\/tr>\n<tr>\n<td>A\u011f\u0131rl\u0131k<\/td>\n<td>676 gr<\/td>\n<\/tr>\n<\/table>\n","protected":false},"excerpt":{"rendered":"<p><b>95 31 250 Kablo kesici<\/b><br \/>\u00c7ok y\u00fcksek aktar\u0131m sayesinde az kuvvet gereklidir. Hafif olmas\u0131 ve kompakt yap\u0131s\u0131 sayesinde kolay kullan\u0131m &#8211; Dar yerlerde de kullan\u0131labilir. Tek ve \u00e7ok telli bak\u0131r ve al\u00fcminyum kablolar\u0131n kesilmesi i\u00e7in. \u00c7elik kablo, tel halatlar ve ince telli (olduk\u00e7a esnek) iletkenler i\u00e7in uygun de\u011fildir. Hassas ta\u015flanm\u0131\u015f, sertle\u015ftirilmi\u015f kesiciler. Ezmeden d\u00fcz ve temiz bir \u015fekilde keser. C\u0131rc\u0131r lokma anahtar\u0131 prensibi sayesinde tek elle kullan\u0131m. Kolay kesim i\u00e7in iki kademeli di\u015fli tahrik sistemi. Parmaklar\u0131n s\u0131k\u0131\u015fmas\u0131n\u0131 \u00f6nleyen tasar\u0131ma sahiptir. Sabit kol k\u0131l\u0131f\u0131nda, kesim i\u015flemi esnas\u0131nda aletin yere konmas\u0131n\u0131 sa\u011flayan oturma y\u00fczeyi. self servis kart\/kabartma. <\/p>\n<li><b>Bak\u0131r kablo kesim de\u011feri, \u00e7ok telli: <\/b>240 mm\u00b2<\/li>\n<li><b>Bak\u0131r kablo kesim de\u011feri, \u00e7ok telli: <\/b>\u00d8 32 mm<\/li>\n<li><b>MCM: <\/b>500<\/li>\n","protected":false},"featured_media":9674,"comment_status":"open","ping_status":"closed","template":"","meta":{"_acf_changed":false},"product_brand":[1486],"product_cat":[834],"product_tag":[],"class_list":{"0":"post-9540","1":"product","2":"type-product","3":"status-publish","4":"has-post-thumbnail","6":"product_brand-knipex","7":"product_cat-kablo-kesme-makaslari","9":"first","10":"instock","11":"taxable","12":"shipping-taxable","13":"purchasable","14":"product-type-simple","15":"add-to-wishlist-after_add_to_cart"},"acf":[],"_links":{"self":[{"href":"https:\/\/www.makitamarket.com.tr\/site\/wp-json\/wp\/v2\/product\/9540","targetHints":{"allow":["GET"]}}],"collection":[{"href":"https:\/\/www.makitamarket.com.tr\/site\/wp-json\/wp\/v2\/product"}],"about":[{"href":"https:\/\/www.makitamarket.com.tr\/site\/wp-json\/wp\/v2\/types\/product"}],"replies":[{"embeddable":true,"href":"https:\/\/www.makitamarket.com.tr\/site\/wp-json\/wp\/v2\/comments?post=9540"}],"wp:featuredmedia":[{"embeddable":true,"href":"https:\/\/www.makitamarket.com.tr\/site\/wp-json\/wp\/v2\/media\/9674"}],"wp:attachment":[{"href":"https:\/\/www.makitamarket.com.tr\/site\/wp-json\/wp\/v2\/media?parent=9540"}],"wp:term":[{"taxonomy":"product_brand","embeddable":true,"href":"https:\/\/www.makitamarket.com.tr\/site\/wp-json\/wp\/v2\/product_brand?post=9540"},{"taxonomy":"product_cat","embeddable":true,"href":"https:\/\/www.makitamarket.com.tr\/site\/wp-json\/wp\/v2\/product_cat?post=9540"},{"taxonomy":"product_tag","embeddable":true,"href":"https:\/\/www.makitamarket.com.tr\/site\/wp-json\/wp\/v2\/product_tag?post=9540"}],"curies":[{"name":"wp","href":"https:\/\/api.w.org\/{rel}","templated":true}]}}